{"id":2483,"date":"2026-03-17T11:26:45","date_gmt":"2026-03-17T15:26:45","guid":{"rendered":"https:\/\/pigeonfanciers.ca\/produit\/bagues-cpfa\/"},"modified":"2026-04-07T08:49:16","modified_gmt":"2026-04-07T12:49:16","slug":"bagues-cpfa","status":"publish","type":"product","link":"https:\/\/pigeonfanciers.ca\/fr\/produit\/bagues-cpfa\/","title":{"rendered":"Bagues CPFA"},"content":{"rendered":"","protected":false},"excerpt":{"rendered":"<p>Les bagues disponibles sur cette page sont pour l\u2019ann\u00e9e 2026.<\/p>\n<ul>\n<li>Le prix est de 0.50 $ CHACUNE pour les membres et non-membres.<\/li>\n<li>Les non-membres doivent payer 10$ additionnels comme frais d\u2019enregistrement des num\u00e9ros de bagues<\/li>\n<li>Le minimum de la commande doit \u00eatre de 10 bagues<\/li>\n<li>Un minimum de 5 par grandeur et en multiple de 5 par la suite<\/li>\n<\/ul>\n<p>Pour l\u2019achat de bagues par un club de sp\u00e9cialit\u00e9 ou affili\u00e9, veuillez contacter directement le secr\u00e9taire des bagues :<br \/>\nMr. Steve Wallace <a href=\"mailto:stevwallhm@rogers.com\">stevwallhm@rogers.com<\/a>.<\/p>\n<p><strong>BAGUES EN ALUMINIUM RECOUVERTES D\u2019ACRYLIQUE<\/strong><\/p>\n","protected":false},"featured_media":1836,"template":"","meta":[],"product_brand":[],"product_cat":[63],"product_tag":[],"class_list":{"0":"post-2483","1":"product","2":"type-product","3":"status-publish","4":"has-post-thumbnail","6":"product_cat-bagues-cpfa","7":"product_shipping_class-bagues","9":"first","10":"instock","11":"shipping-taxable","12":"purchasable","13":"product-type-simple"},"_links":{"self":[{"href":"https:\/\/pigeonfanciers.ca\/fr\/wp-json\/wp\/v2\/product\/2483","targetHints":{"allow":["GET"]}}],"collection":[{"href":"https:\/\/pigeonfanciers.ca\/fr\/wp-json\/wp\/v2\/product"}],"about":[{"href":"https:\/\/pigeonfanciers.ca\/fr\/wp-json\/wp\/v2\/types\/product"}],"wp:featuredmedia":[{"embeddable":true,"href":"https:\/\/pigeonfanciers.ca\/fr\/wp-json\/wp\/v2\/media\/1836"}],"wp:attachment":[{"href":"https:\/\/pigeonfanciers.ca\/fr\/wp-json\/wp\/v2\/media?parent=2483"}],"wp:term":[{"taxonomy":"product_brand","embeddable":true,"href":"https:\/\/pigeonfanciers.ca\/fr\/wp-json\/wp\/v2\/product_brand?post=2483"},{"taxonomy":"product_cat","embeddable":true,"href":"https:\/\/pigeonfanciers.ca\/fr\/wp-json\/wp\/v2\/product_cat?post=2483"},{"taxonomy":"product_tag","embeddable":true,"href":"https:\/\/pigeonfanciers.ca\/fr\/wp-json\/wp\/v2\/product_tag?post=2483"}],"curies":[{"name":"wp","href":"https:\/\/api.w.org\/{rel}","templated":true}]}}