{"id":2472,"date":"2026-03-17T15:17:15","date_gmt":"2026-03-17T19:17:15","guid":{"rendered":"https:\/\/pigeonfanciers.ca\/produit\/tarifs-de-publicite-dans-le-magazine\/"},"modified":"2026-04-15T04:53:36","modified_gmt":"2026-04-15T08:53:36","slug":"tarifs-de-publicite-dans-le-magazine","status":"publish","type":"product","link":"https:\/\/pigeonfanciers.ca\/fr\/produit\/tarifs-de-publicite-dans-le-magazine\/","title":{"rendered":"Tarifs de publicit\u00e9 dans le magazine"},"content":{"rendered":"","protected":false},"excerpt":{"rendered":"<h4>Tr\u00e8s important<\/h4>\n<p>Les \u00e9l\u00e9ments relatifs \u00e0 l\u2019annonce doivent \u00eatre re\u00e7us au moins 20 jours avant la date de publication du magazine :<\/p>\n<h4>Contenu de l\u2019annonce:<\/h4>\n<p>S\u2019il s\u2019agit d\u2019une copie papier, num\u00e9risez-la et d\u00e9posez-la dans la zone de s\u00e9lection des fichiers.<br \/>\nSi elle ne peut pas \u00eatre num\u00e9ris\u00e9e, envoyez-la par courrier \u00e0 :<\/p>\n<p style=\"padding-left: 40px;\">Gary Parsons<br \/>\n46 Vimy Crescent,<br \/>\nSarnia (Ontario) N7S 1J6<\/p>\n<p>Si non re\u00e7u \u00e0 temps, l\u2019annonce sera publi\u00e9e dans la prochaine \u00e9dition.<br \/>\n<em>Pour tout probl\u00e8me ou pr\u00e9occupation, veuillez contacter Gary Parsons<br \/>\n<a href=\"tel:+15193327324\"><strong>519-332-7324<\/strong><\/a> ou <strong><a href=\"mailto:cpfa.magazine@gmail.com\">cpfa.magazine@gmail.com<\/a><\/strong><\/em><\/p>\n<h4>Tarifs publicitaires des magazines<\/h4>\n","protected":false},"featured_media":2837,"template":"","meta":[],"product_brand":[],"product_cat":[67],"product_tag":[],"class_list":{"0":"post-2472","1":"product","2":"type-product","3":"status-publish","4":"has-post-thumbnail","6":"product_cat-news-on-the-wing-revue","8":"first","9":"instock","10":"shipping-taxable","11":"purchasable","12":"product-type-simple"},"_links":{"self":[{"href":"https:\/\/pigeonfanciers.ca\/fr\/wp-json\/wp\/v2\/product\/2472","targetHints":{"allow":["GET"]}}],"collection":[{"href":"https:\/\/pigeonfanciers.ca\/fr\/wp-json\/wp\/v2\/product"}],"about":[{"href":"https:\/\/pigeonfanciers.ca\/fr\/wp-json\/wp\/v2\/types\/product"}],"wp:featuredmedia":[{"embeddable":true,"href":"https:\/\/pigeonfanciers.ca\/fr\/wp-json\/wp\/v2\/media\/2837"}],"wp:attachment":[{"href":"https:\/\/pigeonfanciers.ca\/fr\/wp-json\/wp\/v2\/media?parent=2472"}],"wp:term":[{"taxonomy":"product_brand","embeddable":true,"href":"https:\/\/pigeonfanciers.ca\/fr\/wp-json\/wp\/v2\/product_brand?post=2472"},{"taxonomy":"product_cat","embeddable":true,"href":"https:\/\/pigeonfanciers.ca\/fr\/wp-json\/wp\/v2\/product_cat?post=2472"},{"taxonomy":"product_tag","embeddable":true,"href":"https:\/\/pigeonfanciers.ca\/fr\/wp-json\/wp\/v2\/product_tag?post=2472"}],"curies":[{"name":"wp","href":"https:\/\/api.w.org\/{rel}","templated":true}]}}