{"id":2467,"date":"2026-03-17T15:27:24","date_gmt":"2026-03-17T19:27:24","guid":{"rendered":"https:\/\/pigeonfanciers.ca\/produit\/club-affilies\/"},"modified":"2026-04-14T15:48:10","modified_gmt":"2026-04-14T19:48:10","slug":"club-affilies","status":"publish","type":"product","link":"https:\/\/pigeonfanciers.ca\/fr\/produit\/club-affilies\/","title":{"rendered":"Club Affili\u00e9s"},"content":{"rendered":"","protected":false},"excerpt":{"rendered":"<p>L&rsquo;affiliation au club prend fin le 31 d\u00e9cembre de l&rsquo;ann\u00e9e. Veuillez noter que si la cotisation est r\u00e9gl\u00e9e apr\u00e8s le 1er octobre, elle couvre les mois restants de l&rsquo;ann\u00e9e en cours et les douze mois de l&rsquo;ann\u00e9e suivante. La cotisation est due le 1er janvier de chaque ann\u00e9e.<\/p>\n","protected":false},"featured_media":2468,"template":"","meta":[],"product_brand":[],"product_cat":[58],"product_tag":[],"class_list":{"0":"post-2467","1":"product","2":"type-product","3":"status-publish","4":"has-post-thumbnail","6":"product_cat-club-affilies","8":"first","9":"instock","10":"shipping-taxable","11":"purchasable","12":"product-type-simple"},"_links":{"self":[{"href":"https:\/\/pigeonfanciers.ca\/fr\/wp-json\/wp\/v2\/product\/2467","targetHints":{"allow":["GET"]}}],"collection":[{"href":"https:\/\/pigeonfanciers.ca\/fr\/wp-json\/wp\/v2\/product"}],"about":[{"href":"https:\/\/pigeonfanciers.ca\/fr\/wp-json\/wp\/v2\/types\/product"}],"wp:featuredmedia":[{"embeddable":true,"href":"https:\/\/pigeonfanciers.ca\/fr\/wp-json\/wp\/v2\/media\/2468"}],"wp:attachment":[{"href":"https:\/\/pigeonfanciers.ca\/fr\/wp-json\/wp\/v2\/media?parent=2467"}],"wp:term":[{"taxonomy":"product_brand","embeddable":true,"href":"https:\/\/pigeonfanciers.ca\/fr\/wp-json\/wp\/v2\/product_brand?post=2467"},{"taxonomy":"product_cat","embeddable":true,"href":"https:\/\/pigeonfanciers.ca\/fr\/wp-json\/wp\/v2\/product_cat?post=2467"},{"taxonomy":"product_tag","embeddable":true,"href":"https:\/\/pigeonfanciers.ca\/fr\/wp-json\/wp\/v2\/product_tag?post=2467"}],"curies":[{"name":"wp","href":"https:\/\/api.w.org\/{rel}","templated":true}]}}