{"id":2458,"date":"2026-03-18T05:13:32","date_gmt":"2026-03-18T09:13:32","guid":{"rendered":"https:\/\/pigeonfanciers.ca\/produit\/adhesion\/"},"modified":"2026-04-14T15:42:23","modified_gmt":"2026-04-14T19:42:23","slug":"adhesion","status":"publish","type":"product","link":"https:\/\/pigeonfanciers.ca\/fr\/produit\/adhesion\/","title":{"rendered":"Adh\u00e9sion"},"content":{"rendered":"<p>L&rsquo;adh\u00e9sion prend fin le 31 d\u00e9cembre de chaque ann\u00e9e. Veuillez noter que tout paiement effectu\u00e9 apr\u00e8s le 1er octobre couvre les mois restants de l&rsquo;ann\u00e9e en cours et les douze mois de l&rsquo;ann\u00e9e suivante.<br \/>\nLa cotisation est due le 1er janvier de chaque ann\u00e9e.<\/p>\n","protected":false},"excerpt":{"rendered":"<p>L&rsquo;adh\u00e9sion prend fin le 31 d\u00e9cembre de chaque ann\u00e9e. Veuillez noter que tout paiement effectu\u00e9 apr\u00e8s le 1er octobre couvre les mois restants de l&rsquo;ann\u00e9e en cours et les douze mois de l&rsquo;ann\u00e9e suivante.<br \/>\nLa cotisation est due le 1er janvier de chaque ann\u00e9e.<\/p>\n","protected":false},"featured_media":2155,"template":"","meta":[],"product_brand":[],"product_cat":[56],"product_tag":[],"class_list":{"0":"post-2458","1":"product","2":"type-product","3":"status-publish","4":"has-post-thumbnail","6":"product_cat-adhesion","8":"first","9":"instock","10":"shipping-taxable","11":"purchasable","12":"product-type-simple"},"_links":{"self":[{"href":"https:\/\/pigeonfanciers.ca\/fr\/wp-json\/wp\/v2\/product\/2458","targetHints":{"allow":["GET"]}}],"collection":[{"href":"https:\/\/pigeonfanciers.ca\/fr\/wp-json\/wp\/v2\/product"}],"about":[{"href":"https:\/\/pigeonfanciers.ca\/fr\/wp-json\/wp\/v2\/types\/product"}],"wp:featuredmedia":[{"embeddable":true,"href":"https:\/\/pigeonfanciers.ca\/fr\/wp-json\/wp\/v2\/media\/2155"}],"wp:attachment":[{"href":"https:\/\/pigeonfanciers.ca\/fr\/wp-json\/wp\/v2\/media?parent=2458"}],"wp:term":[{"taxonomy":"product_brand","embeddable":true,"href":"https:\/\/pigeonfanciers.ca\/fr\/wp-json\/wp\/v2\/product_brand?post=2458"},{"taxonomy":"product_cat","embeddable":true,"href":"https:\/\/pigeonfanciers.ca\/fr\/wp-json\/wp\/v2\/product_cat?post=2458"},{"taxonomy":"product_tag","embeddable":true,"href":"https:\/\/pigeonfanciers.ca\/fr\/wp-json\/wp\/v2\/product_tag?post=2458"}],"curies":[{"name":"wp","href":"https:\/\/api.w.org\/{rel}","templated":true}]}}