{"id":2409,"date":"2026-03-16T06:31:34","date_gmt":"2026-03-16T10:31:34","guid":{"rendered":"https:\/\/pigeonfanciers.ca\/les-pigeons\/sante-des-pigeons\/"},"modified":"2026-04-11T04:12:21","modified_gmt":"2026-04-11T08:12:21","slug":"sante-des-pigeons","status":"publish","type":"page","link":"https:\/\/pigeonfanciers.ca\/fr\/les-pigeons\/sante-des-pigeons\/","title":{"rendered":"Sant\u00e9 des pigeons"},"content":{"rendered":"\t\t<div data-elementor-type=\"wp-post\" data-elementor-id=\"2409\" class=\"elementor elementor-2409 elementor-163\" data-elementor-post-type=\"page\">\n\t\t\t\t<div class=\"elementor-element elementor-element-8f1580e e-flex e-con-boxed e-con e-parent\" data-id=\"8f1580e\" data-element_type=\"container\" data-e-type=\"container\" data-settings=\"{&quot;background_background&quot;:&quot;video&quot;,&quot;background_video_link&quot;:&quot;\\\/wp-content\\\/uploads\\\/2026\\\/04\\\/dove-of-peace-vector-illustration-symbols-2025-12-17-04-56-29-utc.mp4&quot;,&quot;background_play_on_mobile&quot;:&quot;yes&quot;}\">\n\t\t\t\t\t<div class=\"e-con-inner\">\n\t\t<div class=\"elementor-background-video-container\">\n\t\t\t\t\t\t\t<video class=\"elementor-background-video-hosted\" role=\"presentation\" autoplay muted playsinline loop><\/video>\n\t\t\t\t\t<\/div>\t\t<div class=\"elementor-element elementor-element-29747e6 elementor-widget__width-initial elementor-absolute elementor-widget elementor-widget-spacer\" data-id=\"29747e6\" data-element_type=\"widget\" data-e-type=\"widget\" data-settings=\"{&quot;_position&quot;:&quot;absolute&quot;}\" data-widget_type=\"spacer.default\">\n\t\t\t\t\t\t\t<div class=\"elementor-spacer\">\n\t\t\t<div class=\"elementor-spacer-inner\"><\/div>\n\t\t<\/div>\n\t\t\t\t\t\t<\/div>\n\t\t\t\t<div class=\"elementor-element elementor-element-3058a10 elementor-widget__width-initial elementor-absolute elementor-widget elementor-widget-spacer\" data-id=\"3058a10\" data-element_type=\"widget\" data-e-type=\"widget\" data-settings=\"{&quot;_position&quot;:&quot;absolute&quot;}\" data-widget_type=\"spacer.default\">\n\t\t\t\t\t\t\t<div class=\"elementor-spacer\">\n\t\t\t<div class=\"elementor-spacer-inner\"><\/div>\n\t\t<\/div>\n\t\t\t\t\t\t<\/div>\n\t\t\t\t<div class=\"elementor-element elementor-element-f5d598d elementor-widget__width-initial elementor-absolute elementor-widget elementor-widget-spacer\" data-id=\"f5d598d\" data-element_type=\"widget\" data-e-type=\"widget\" data-settings=\"{&quot;_position&quot;:&quot;absolute&quot;}\" data-widget_type=\"spacer.default\">\n\t\t\t\t\t\t\t<div class=\"elementor-spacer\">\n\t\t\t<div class=\"elementor-spacer-inner\"><\/div>\n\t\t<\/div>\n\t\t\t\t\t\t<\/div>\n\t\t<div class=\"elementor-element elementor-element-a3a369c e-flex e-con-boxed e-con e-child\" data-id=\"a3a369c\" data-element_type=\"container\" data-e-type=\"container\">\n\t\t\t\t\t<div class=\"e-con-inner\">\n\t\t<div class=\"elementor-element elementor-element-eb125f8 e-con-full e-flex e-con e-child\" data-id=\"eb125f8\" data-element_type=\"container\" data-e-type=\"container\">\n\t\t\t\t<div class=\"elementor-element elementor-element-107f3e8 elementor-widget__width-inherit elementor-invisible elementor-widget elementor-widget-heading\" data-id=\"107f3e8\" data-element_type=\"widget\" data-e-type=\"widget\" data-settings=\"{&quot;_animation&quot;:&quot;fadeInDown&quot;}\" data-widget_type=\"heading.default\">\n\t\t\t\t\t<h1 class=\"elementor-heading-title elementor-size-default\">Sant\u00e9 des pigeons<\/h1>\t\t\t\t<\/div>\n\t\t\t\t<div class=\"elementor-element elementor-element-139cac0 elementor-icon-list--layout-inline elementor-widget__width-initial elementor-list-item-link-full_width elementor-invisible elementor-widget elementor-widget-icon-list\" data-id=\"139cac0\" data-element_type=\"widget\" data-e-type=\"widget\" data-settings=\"{&quot;_animation&quot;:&quot;fadeInLeft&quot;,&quot;_animation_mobile&quot;:&quot;fadeInUp&quot;}\" data-widget_type=\"icon-list.default\">\n\t\t\t\t\t\t\t<ul class=\"elementor-icon-list-items elementor-inline-items\">\n\t\t\t\t\t\t\t<li class=\"elementor-icon-list-item elementor-inline-item\">\n\t\t\t\t\t\t\t\t\t\t\t<a href=\"https:\/\/pigeonfanciers.ca\/fr\/\">\n\n\t\t\t\t\t\t\t\t\t\t\t<span class=\"elementor-icon-list-text\">Accueil<\/span>\n\t\t\t\t\t\t\t\t\t\t\t<\/a>\n\t\t\t\t\t\t\t\t\t<\/li>\n\t\t\t\t\t\t\t\t<li class=\"elementor-icon-list-item elementor-inline-item\">\n\t\t\t\t\t\t\t\t\t\t\t<a href=\"https:\/\/pigeonfanciers.ca\/pigeons\/\">\n\n\t\t\t\t\t\t\t\t\t\t\t\t<span class=\"elementor-icon-list-icon\">\n\t\t\t\t\t\t\t<i aria-hidden=\"true\" class=\"lnr lnr-chevron-right\"><\/i>\t\t\t\t\t\t<\/span>\n\t\t\t\t\t\t\t\t\t\t<span class=\"elementor-icon-list-text\">Pigeons<\/span>\n\t\t\t\t\t\t\t\t\t\t\t<\/a>\n\t\t\t\t\t\t\t\t\t<\/li>\n\t\t\t\t\t\t\t\t<li class=\"elementor-icon-list-item elementor-inline-item\">\n\t\t\t\t\t\t\t\t\t\t\t<span class=\"elementor-icon-list-icon\">\n\t\t\t\t\t\t\t<i aria-hidden=\"true\" class=\"lnr lnr-chevron-right\"><\/i>\t\t\t\t\t\t<\/span>\n\t\t\t\t\t\t\t\t\t\t<span class=\"elementor-icon-list-text\">Sant\u00e9 des pigeons<\/span>\n\t\t\t\t\t\t\t\t\t<\/li>\n\t\t\t\t\t\t<\/ul>\n\t\t\t\t\t\t<\/div>\n\t\t\t\t<\/div>\n\t\t\t\t<div class=\"elementor-element elementor-element-7165e27 elementor-widget__width-initial elementor-widget-tablet__width-initial elementor-widget-mobile__width-inherit elementor-widget-divider--view-line elementor-widget elementor-widget-divider\" data-id=\"7165e27\" data-element_type=\"widget\" data-e-type=\"widget\" data-widget_type=\"divider.default\">\n\t\t\t\t\t\t\t<div class=\"elementor-divider\">\n\t\t\t<span class=\"elementor-divider-separator\">\n\t\t\t\t\t\t<\/span>\n\t\t<\/div>\n\t\t\t\t\t\t<\/div>\n\t\t\t\t<div class=\"elementor-element elementor-element-6a0977f elementor-widget__width-initial elementor-widget-mobile__width-initial elementor-invisible elementor-widget elementor-widget-text-editor\" data-id=\"6a0977f\" data-element_type=\"widget\" data-e-type=\"widget\" data-settings=\"{&quot;_animation&quot;:&quot;fadeInUp&quot;}\" data-widget_type=\"text-editor.default\">\n\t\t\t\t\t\t\t\t\tVoici quelques-unes des sources d&rsquo;information sur la sant\u00e9 des pigeons les plus consult\u00e9es.\t\t\t\t\t\t\t\t<\/div>\n\t\t\t\t\t<\/div>\n\t\t\t\t<\/div>\n\t\t\t\t\t<\/div>\n\t\t\t\t<\/div>\n\t\t<div class=\"elementor-element elementor-element-ff70f6e e-flex e-con-boxed e-con e-parent\" data-id=\"ff70f6e\" data-element_type=\"container\" data-e-type=\"container\">\n\t\t\t\t\t<div class=\"e-con-inner\">\n\t\t<div class=\"elementor-element elementor-element-28b9f09 e-con-full e-flex e-con e-child\" data-id=\"28b9f09\" data-element_type=\"container\" data-e-type=\"container\">\n\t\t\t\t<div class=\"elementor-element elementor-element-982e442 elementor-widget elementor-widget-heading\" data-id=\"982e442\" data-element_type=\"widget\" data-e-type=\"widget\" data-widget_type=\"heading.default\">\n\t\t\t\t\t<h3 class=\"elementor-heading-title elementor-size-default\">M\u00e9dicaments et posologie pour pigeons<\/h3>\t\t\t\t<\/div>\n\t\t\t\t<div class=\"elementor-element elementor-element-e478581 elementor-widget elementor-widget-text-editor\" data-id=\"e478581\" data-element_type=\"widget\" data-e-type=\"widget\" data-widget_type=\"text-editor.default\">\n\t\t\t\t\t\t\t\t\t<a href=\"https:\/\/www.pigeoncote.com\/\" target=\"_blank\" rel=\"noopener\">Pigeoncote.com<\/a> est l&rsquo;un des sites les plus anciens et les meilleurs consacr\u00e9s aux pigeons. Leurs pages de formulaire m\u00e9dical fournissent des solutions tr\u00e8s faciles \u00e0 comprendre et approuv\u00e9es par des v\u00e9t\u00e9rinaires, ainsi que des descriptions des maladies et m\u00e9dicaments les plus courants chez les pigeons. \t\t\t\t\t\t\t\t<\/div>\n\t\t\t\t<div class=\"elementor-element elementor-element-1b8d9c3 elementor-widget elementor-widget-heading\" data-id=\"1b8d9c3\" data-element_type=\"widget\" data-e-type=\"widget\" data-widget_type=\"heading.default\">\n\t\t\t\t\t<h3 class=\"elementor-heading-title elementor-size-default\">Maladies courantes chez les pigeons <\/h3>\t\t\t\t<\/div>\n\t\t\t\t<div class=\"elementor-element elementor-element-0307357 elementor-widget elementor-widget-text-editor\" data-id=\"0307357\" data-element_type=\"widget\" data-e-type=\"widget\" data-widget_type=\"text-editor.default\">\n\t\t\t\t\t\t\t\t\tFourni par le Tillsonburg Racing Pigeon Club, Ontario, Canada.\t\t\t\t\t\t\t\t<\/div>\n\t\t\t\t<div class=\"elementor-element elementor-element-717f483 elementor-align-left elementor-widget elementor-widget-button\" data-id=\"717f483\" data-element_type=\"widget\" data-e-type=\"widget\" data-settings=\"{&quot;_animation&quot;:&quot;none&quot;}\" data-widget_type=\"button.default\">\n\t\t\t\t\t\t\t\t\t\t<a class=\"elementor-button elementor-button-link elementor-size-sm\" href=\"https:\/\/www.tillsonburgdrpc.com\/Pigeon%20Diseases.pdf\" target=\"_blank\">\n\t\t\t\t\t\t<span class=\"elementor-button-content-wrapper\">\n\t\t\t\t\t\t\t\t\t<span class=\"elementor-button-text\">En savoir plus<\/span>\n\t\t\t\t\t<\/span>\n\t\t\t\t\t<\/a>\n\t\t\t\t\t\t\t\t<\/div>\n\t\t\t\t<\/div>\n\t\t<div class=\"elementor-element elementor-element-9f8f905 e-con-full e-flex e-con e-child\" data-id=\"9f8f905\" data-element_type=\"container\" data-e-type=\"container\">\n\t\t\t\t<div class=\"elementor-element elementor-element-007090c elementor-widget__width-initial elementor-invisible elementor-widget elementor-widget-image\" data-id=\"007090c\" data-element_type=\"widget\" data-e-type=\"widget\" data-settings=\"{&quot;_animation&quot;:&quot;fadeInUp&quot;}\" data-widget_type=\"image.default\">\n\t\t\t\t\t\t\t\t\t\t\t\t\t\t\t<img decoding=\"async\" src=\"https:\/\/pigeonfanciers.ca\/wp-content\/uploads\/2026\/03\/hobby-link-4.jpg\" title=\"\" alt=\"\" loading=\"lazy\" \/>\t\t\t\t\t\t\t\t\t\t\t\t\t\t\t<\/div>\n\t\t<div class=\"elementor-element elementor-element-01f020b e-con-full e-flex e-con e-child\" data-id=\"01f020b\" data-element_type=\"container\" data-e-type=\"container\">\n\t\t\t\t<div class=\"elementor-element elementor-element-cc555a9 elementor-invisible elementor-widget elementor-widget-image\" data-id=\"cc555a9\" data-element_type=\"widget\" data-e-type=\"widget\" data-settings=\"{&quot;_animation&quot;:&quot;fadeInDown&quot;}\" data-widget_type=\"image.default\">\n\t\t\t\t\t\t\t\t\t\t\t\t\t\t\t\t<a href=\"https:\/\/pigeonfanciers.ca\/wp-content\/uploads\/2026\/03\/pigeon35.jpg\" data-elementor-open-lightbox=\"yes\" data-elementor-lightbox-title=\"pigeon35\" data-e-action-hash=\"#elementor-action%3Aaction%3Dlightbox%26settings%3DeyJpZCI6MjM4OSwidXJsIjoiaHR0cHM6XC9cL3BpZ2VvbmZhbmNpZXJzLmNhXC93cC1jb250ZW50XC91cGxvYWRzXC8yMDI2XC8wM1wvcGlnZW9uMzUuanBnIn0%3D\">\n\t\t\t\t\t\t\t<img fetchpriority=\"high\" decoding=\"async\" width=\"325\" height=\"325\" src=\"https:\/\/pigeonfanciers.ca\/wp-content\/uploads\/2026\/03\/pigeon35.jpg\" class=\"attachment-full size-full wp-image-2389\" alt=\"\" srcset=\"https:\/\/pigeonfanciers.ca\/wp-content\/uploads\/2026\/03\/pigeon35.jpg 325w, https:\/\/pigeonfanciers.ca\/wp-content\/uploads\/2026\/03\/pigeon35-300x300.jpg 300w, https:\/\/pigeonfanciers.ca\/wp-content\/uploads\/2026\/03\/pigeon35-150x150.jpg 150w, https:\/\/pigeonfanciers.ca\/wp-content\/uploads\/2026\/03\/pigeon35-100x100.jpg 100w\" sizes=\"(max-width: 325px) 100vw, 325px\" \/>\t\t\t\t\t\t\t\t<\/a>\n\t\t\t\t\t\t\t\t\t\t\t\t\t\t\t<\/div>\n\t\t\t\t<div class=\"elementor-element elementor-element-fe863e8 elementor-invisible elementor-widget elementor-widget-image\" data-id=\"fe863e8\" data-element_type=\"widget\" data-e-type=\"widget\" data-settings=\"{&quot;_animation&quot;:&quot;fadeInRight&quot;}\" data-widget_type=\"image.default\">\n\t\t\t\t\t\t\t\t\t\t\t\t\t\t\t\t<a href=\"https:\/\/pigeonfanciers.ca\/wp-content\/uploads\/2026\/03\/ph-1.jpg\" data-elementor-open-lightbox=\"yes\" data-elementor-lightbox-title=\"ph-1\" data-e-action-hash=\"#elementor-action%3Aaction%3Dlightbox%26settings%3DeyJpZCI6MjQwNiwidXJsIjoiaHR0cHM6XC9cL3BpZ2VvbmZhbmNpZXJzLmNhXC93cC1jb250ZW50XC91cGxvYWRzXC8yMDI2XC8wM1wvcGgtMS5qcGcifQ%3D%3D\">\n\t\t\t\t\t\t\t<img decoding=\"async\" width=\"1200\" height=\"800\" src=\"https:\/\/pigeonfanciers.ca\/wp-content\/uploads\/2026\/03\/ph-1.jpg\" class=\"attachment-full size-full wp-image-2406\" alt=\"\" srcset=\"https:\/\/pigeonfanciers.ca\/wp-content\/uploads\/2026\/03\/ph-1.jpg 1200w, https:\/\/pigeonfanciers.ca\/wp-content\/uploads\/2026\/03\/ph-1-300x200.jpg 300w, https:\/\/pigeonfanciers.ca\/wp-content\/uploads\/2026\/03\/ph-1-1024x683.jpg 1024w, https:\/\/pigeonfanciers.ca\/wp-content\/uploads\/2026\/03\/ph-1-768x512.jpg 768w, https:\/\/pigeonfanciers.ca\/wp-content\/uploads\/2026\/03\/ph-1-600x400.jpg 600w\" sizes=\"(max-width: 1200px) 100vw, 1200px\" \/>\t\t\t\t\t\t\t\t<\/a>\n\t\t\t\t\t\t\t\t\t\t\t\t\t\t\t<\/div>\n\t\t\t\t<\/div>\n\t\t\t\t<\/div>\n\t\t\t\t\t<\/div>\n\t\t\t\t<\/div>\n\t\t<div class=\"elementor-element elementor-element-09095f3 e-flex e-con-boxed e-con e-parent\" data-id=\"09095f3\" data-element_type=\"container\" data-e-type=\"container\" data-settings=\"{&quot;background_background&quot;:&quot;video&quot;,&quot;background_video_link&quot;:&quot;\\\/wp-content\\\/uploads\\\/2026\\\/04\\\/cinematic-and-majestic-view-of-feeding-pigeons-2026-01-22-20-27-38-utc.mp4&quot;,&quot;background_play_on_mobile&quot;:&quot;yes&quot;}\">\n\t\t\t\t\t<div class=\"e-con-inner\">\n\t\t<div class=\"elementor-background-video-container\">\n\t\t\t\t\t\t\t<video class=\"elementor-background-video-hosted\" role=\"presentation\" autoplay muted playsinline loop><\/video>\n\t\t\t\t\t<\/div><div class=\"elementor-element elementor-element-b190239 e-con-full e-flex e-con e-child\" data-id=\"b190239\" data-element_type=\"container\" data-e-type=\"container\" data-settings=\"{&quot;background_background&quot;:&quot;classic&quot;}\">\n\t\t\t\t<div class=\"elementor-element elementor-element-6dbd33a elementor-widget__width-initial elementor-invisible elementor-widget elementor-widget-heading\" data-id=\"6dbd33a\" data-element_type=\"widget\" data-e-type=\"widget\" data-settings=\"{&quot;_animation&quot;:&quot;fadeInUp&quot;}\" data-widget_type=\"heading.default\">\n\t\t\t\t\t<h3 class=\"elementor-heading-title elementor-size-default\">Maladie pulmonaire de l\u2019\u00e9leveur de pigeons<\/h3>\t\t\t\t<\/div>\n\t\t\t\t<div class=\"elementor-element elementor-element-2c82d0d elementor-widget__width-inherit elementor-widget-tablet__width-initial elementor-widget-mobile__width-inherit elementor-widget-divider--view-line elementor-widget elementor-widget-divider\" data-id=\"2c82d0d\" data-element_type=\"widget\" data-e-type=\"widget\" data-widget_type=\"divider.default\">\n\t\t\t\t\t\t\t<div class=\"elementor-divider\">\n\t\t\t<span class=\"elementor-divider-separator\">\n\t\t\t\t\t\t<\/span>\n\t\t<\/div>\n\t\t\t\t\t\t<\/div>\n\t\t\t\t<div class=\"elementor-element elementor-element-a44ed9b elementor-widget elementor-widget-text-editor\" data-id=\"a44ed9b\" data-element_type=\"widget\" data-e-type=\"widget\" data-widget_type=\"text-editor.default\">\n\t\t\t\t\t\t\t\t\tConna\u00eetre les sympt\u00f4mes, les risques et comment \u00e9viter la maladie pulmonaire de l\u2019\u00e9leveur de pigeons. Une bonne source d\u2019information sur un sujet que tout amateur devrait conna\u00eetre de BRITISH PIGEON FANCIERS MEDICAL RESEARCH (<a href=\"http:\/\/www.pigeon-lung.co.uk\" target=\"_blank\" rel=\"noopener\">http:\/\/www.pigeon-lung.co.uk<\/a>).\t\t\t\t\t\t\t\t<\/div>\n\t\t\t\t<\/div>\n\t\t\t\t\t<\/div>\n\t\t\t\t<\/div>\n\t\t<div class=\"elementor-element elementor-element-9c0b328 e-flex e-con-boxed e-con e-parent\" data-id=\"9c0b328\" data-element_type=\"container\" data-e-type=\"container\">\n\t\t\t\t\t<div class=\"e-con-inner\">\n\t\t<div class=\"elementor-element elementor-element-e4af153 e-con-full e-flex e-con e-child\" data-id=\"e4af153\" data-element_type=\"container\" data-e-type=\"container\">\n\t\t\t\t<div class=\"elementor-element elementor-element-24b9fa4 elementor-widget elementor-widget-heading\" data-id=\"24b9fa4\" data-element_type=\"widget\" data-e-type=\"widget\" data-widget_type=\"heading.default\">\n\t\t\t\t\t<h3 class=\"elementor-heading-title elementor-size-default\">Pigeons et influenza aviaire (grippe aviaire)<\/h3>\t\t\t\t<\/div>\n\t\t\t\t<div class=\"elementor-element elementor-element-f0b2120 elementor-widget elementor-widget-heading\" data-id=\"f0b2120\" data-element_type=\"widget\" data-e-type=\"widget\" data-widget_type=\"heading.default\">\n\t\t\t\t\t<h5 class=\"elementor-heading-title elementor-size-default\">Influenza aviaire (grippe aviaire) chez les pigeons \u2013 quels sont les risques?<\/h5>\t\t\t\t<\/div>\n\t\t\t\t<div class=\"elementor-element elementor-element-948e297 elementor-widget elementor-widget-text-editor\" data-id=\"948e297\" data-element_type=\"widget\" data-e-type=\"widget\" data-widget_type=\"text-editor.default\">\n\t\t\t\t\t\t\t\t\tDe nombreux v\u00e9t\u00e9rinaires ont attest\u00e9 que les pigeons ne pr\u00e9sentent aucun risque significatif pour la sant\u00e9 des humains ou d\u2019autres animaux domestiques ou sauvages. Les pigeons ont une temp\u00e9rature corporelle normale de plusieurs degr\u00e9s sup\u00e9rieure \u00e0 la temp\u00e9rature du corps humain, et donc toute maladie particuli\u00e8re aux pigeons est incapable de franchir la barri\u00e8re des esp\u00e8ces pour infecter les humains. \t\t\t\t\t\t\t\t<\/div>\n\t\t\t\t<\/div>\n\t\t<div class=\"elementor-element elementor-element-00d30d7 e-con-full e-flex e-con e-child\" data-id=\"00d30d7\" data-element_type=\"container\" data-e-type=\"container\">\n\t\t\t\t<div class=\"elementor-element elementor-element-bb7dc07 elementor-widget__width-initial elementor-absolute elementor-invisible elementor-widget elementor-widget-spacer\" data-id=\"bb7dc07\" data-element_type=\"widget\" data-e-type=\"widget\" data-settings=\"{&quot;_position&quot;:&quot;absolute&quot;,&quot;_animation&quot;:&quot;fadeInUp&quot;}\" data-widget_type=\"spacer.default\">\n\t\t\t\t\t\t\t<div class=\"elementor-spacer\">\n\t\t\t<div class=\"elementor-spacer-inner\"><\/div>\n\t\t<\/div>\n\t\t\t\t\t\t<\/div>\n\t\t\t\t<div class=\"elementor-element elementor-element-adb4c82 elementor-widget elementor-widget-image\" data-id=\"adb4c82\" data-element_type=\"widget\" data-e-type=\"widget\" data-widget_type=\"image.default\">\n\t\t\t\t\t\t\t\t\t\t\t\t\t\t\t<img decoding=\"async\" width=\"1200\" height=\"800\" src=\"https:\/\/pigeonfanciers.ca\/wp-content\/uploads\/2026\/03\/ph-2.jpg\" class=\"attachment-full size-full wp-image-2407\" alt=\"\" srcset=\"https:\/\/pigeonfanciers.ca\/wp-content\/uploads\/2026\/03\/ph-2.jpg 1200w, https:\/\/pigeonfanciers.ca\/wp-content\/uploads\/2026\/03\/ph-2-300x200.jpg 300w, https:\/\/pigeonfanciers.ca\/wp-content\/uploads\/2026\/03\/ph-2-1024x683.jpg 1024w, https:\/\/pigeonfanciers.ca\/wp-content\/uploads\/2026\/03\/ph-2-768x512.jpg 768w, https:\/\/pigeonfanciers.ca\/wp-content\/uploads\/2026\/03\/ph-2-600x400.jpg 600w\" sizes=\"(max-width: 1200px) 100vw, 1200px\" \/>\t\t\t\t\t\t\t\t\t\t\t\t\t\t\t<\/div>\n\t\t\t\t<\/div>\n\t\t<div class=\"elementor-element elementor-element-0067f61 e-con-full e-flex e-con e-child\" data-id=\"0067f61\" data-element_type=\"container\" data-e-type=\"container\">\n\t\t\t\t<div class=\"elementor-element elementor-element-fe2abca elementor-widget elementor-widget-text-editor\" data-id=\"fe2abca\" data-element_type=\"widget\" data-e-type=\"widget\" data-widget_type=\"text-editor.default\">\n\t\t\t\t\t\t\t\t\tCertaines souches de la grippe aviaire peuvent \u00eatre transmises \u00e0 l\u2019homme et \u00e0 d\u2019autres animaux, mais ce n\u2019est normalement le cas que suite \u00e0 des niveaux \u00e9lev\u00e9s d\u2019exposition \u00e0 des oiseaux infect\u00e9s et \/ ou \u00e0 leurs mati\u00e8res f\u00e9cales. Les personnes les plus expos\u00e9es seraient celles qui pratiquent l\u2019agriculture intensive, en particulier l\u2019industrie de la volaille. Ces souches ne causeront normalement que des sympt\u00f4mes b\u00e9nins chez les humains, mais une souche d\u2019Asie du Sud-est a d\u00e9j\u00e0 caus\u00e9 un certain nombre de d\u00e9c\u00e8s. Bien que les humains puissent \u00eatre infect\u00e9s par des oiseaux, la souche H5N1 hautement pathog\u00e8ne n\u2019infecte pas facilement les personnes et il y a tr\u00e8s peu de chance, le cas \u00e9ch\u00e9ant, de propagation de la maladie d\u2019un humain \u00e0 l\u2019autre.   \t\t\t\t\t\t\t\t<\/div>\n\t\t\t\t<div class=\"elementor-element elementor-element-6678af9 elementor-widget elementor-widget-text-editor\" data-id=\"6678af9\" data-element_type=\"widget\" data-e-type=\"widget\" data-widget_type=\"text-editor.default\">\n\t\t\t\t\t\t\t\t\tDe nombreuses recherches ont \u00e9t\u00e9 men\u00e9es pour mieux comprendre la menace pos\u00e9e par le pigeon (sauvage et domestiqu\u00e9) et des recherches sont en cours dans de nombreuses parties du monde, en particulier dans les pays les plus touch\u00e9s. Un programme de recherche scientifique approfondi a \u00e9t\u00e9 entrepris \u00e0 la suite de l\u2019apparition de la souche hautement pathog\u00e8ne H5N2 dans le nord-est des \u00c9tats-Unis (en 1983\/4) afin d\u2019\u00e9valuer la possibilit\u00e9 que les oiseaux sauvages transmettent la maladie aux fermes locales. \t\t\t\t\t\t\t\t<\/div>\n\t\t\t\t<\/div>\n\t\t\t\t\t<\/div>\n\t\t\t\t<\/div>\n\t\t<div class=\"elementor-element elementor-element-f612c15 e-flex e-con-boxed e-con e-parent\" data-id=\"f612c15\" data-element_type=\"container\" data-e-type=\"container\" data-settings=\"{&quot;background_background&quot;:&quot;classic&quot;}\">\n\t\t\t\t\t<div class=\"e-con-inner\">\n\t\t<div class=\"elementor-element elementor-element-77a2b944 e-con-full e-flex e-con e-child\" data-id=\"77a2b944\" data-element_type=\"container\" data-e-type=\"container\">\n\t\t\t\t<div class=\"elementor-element elementor-element-fd59267 elementor-widget__width-initial elementor-absolute elementor-invisible elementor-widget elementor-widget-spacer\" data-id=\"fd59267\" data-element_type=\"widget\" data-e-type=\"widget\" data-settings=\"{&quot;_position&quot;:&quot;absolute&quot;,&quot;_animation&quot;:&quot;fadeInUp&quot;}\" data-widget_type=\"spacer.default\">\n\t\t\t\t\t\t\t<div class=\"elementor-spacer\">\n\t\t\t<div class=\"elementor-spacer-inner\"><\/div>\n\t\t<\/div>\n\t\t\t\t\t\t<\/div>\n\t\t\t\t<div class=\"elementor-element elementor-element-097ff4a elementor-widget elementor-widget-image\" data-id=\"097ff4a\" data-element_type=\"widget\" data-e-type=\"widget\" data-widget_type=\"image.default\">\n\t\t\t\t\t\t\t\t\t\t\t\t\t\t\t<img loading=\"lazy\" decoding=\"async\" width=\"1200\" height=\"800\" src=\"https:\/\/pigeonfanciers.ca\/wp-content\/uploads\/2026\/03\/ph-3.jpg\" class=\"attachment-full size-full wp-image-2408\" alt=\"\" srcset=\"https:\/\/pigeonfanciers.ca\/wp-content\/uploads\/2026\/03\/ph-3.jpg 1200w, https:\/\/pigeonfanciers.ca\/wp-content\/uploads\/2026\/03\/ph-3-300x200.jpg 300w, https:\/\/pigeonfanciers.ca\/wp-content\/uploads\/2026\/03\/ph-3-1024x683.jpg 1024w, https:\/\/pigeonfanciers.ca\/wp-content\/uploads\/2026\/03\/ph-3-768x512.jpg 768w, https:\/\/pigeonfanciers.ca\/wp-content\/uploads\/2026\/03\/ph-3-600x400.jpg 600w\" sizes=\"(max-width: 1200px) 100vw, 1200px\" \/>\t\t\t\t\t\t\t\t\t\t\t\t\t\t\t<\/div>\n\t\t\t\t<\/div>\n\t\t<div class=\"elementor-element elementor-element-66d5aad0 e-con-full e-flex e-con e-child\" data-id=\"66d5aad0\" data-element_type=\"container\" data-e-type=\"container\">\n\t\t\t\t<div class=\"elementor-element elementor-element-61b3b3b8 elementor-widget elementor-widget-heading\" data-id=\"61b3b3b8\" data-element_type=\"widget\" data-e-type=\"widget\" data-widget_type=\"heading.default\">\n\t\t\t\t\t<h2 class=\"elementor-heading-title elementor-size-default\">Pigeons et grippe aviaire : distinguer le mythe de la r\u00e9alit\u00e9<\/h2>\t\t\t\t<\/div>\n\t\t\t\t<div class=\"elementor-element elementor-element-3393ab5 elementor-widget elementor-widget-text-editor\" data-id=\"3393ab5\" data-element_type=\"widget\" data-e-type=\"widget\" data-widget_type=\"text-editor.default\">\n\t\t\t\t\t\t\t\t\tIl ressort clairement de toutes les informations disponibles que la grippe aviaire continue d\u2019\u00eatre une menace pour les humains et les oiseaux, mais la probabilit\u00e9 de sa transmission \u00e0 l\u2019homme par contact avec le pigeon ou ses fientes est pratiquement nulle. Le pigeon sauvage est r\u00e9put\u00e9 \u00eatre l\u2019ultime vecteur de maladies, capable de propager une grande vari\u00e9t\u00e9 de maladies \u00e0 la fois aux humains et aux autres oiseaux et animaux, mais en r\u00e9alit\u00e9, c\u2019est un mythe. Comme le montrent les r\u00e9sultats de plusieurs programmes de recherche, le pigeon se trouve au bas de la liste des esp\u00e8ces qui ont le potentiel de propager la grippe aviaire et il est probable que ce soit le cas de la plupart des autres maladies qui sont commun\u00e9ment associ\u00e9es au pigeon.  \t\t\t\t\t\t\t\t<\/div>\n\t\t\t\t<\/div>\n\t\t\t\t\t<\/div>\n\t\t\t\t<\/div>\n\t\t\t\t<\/div>\n\t\t","protected":false},"excerpt":{"rendered":"<p>Accueil Pigeons Voici quelques-unes des sources d&rsquo;information sur la sant\u00e9 des pigeons les plus consult\u00e9es. M\u00e9dicaments et posologie pour pigeons Pigeoncote.com est l&rsquo;un des sites les plus anciens et les meilleurs consacr\u00e9s aux pigeons. Leurs pages de formulaire m\u00e9dical fournissent des solutions tr\u00e8s faciles \u00e0 comprendre et approuv\u00e9es par des v\u00e9t\u00e9rinaires, ainsi que des descriptions [&hellip;]<\/p>\n","protected":false},"author":1,"featured_media":0,"parent":2377,"menu_order":0,"comment_status":"closed","ping_status":"closed","template":"","meta":{"footnotes":""},"class_list":["post-2409","page","type-page","status-publish","hentry"],"_links":{"self":[{"href":"https:\/\/pigeonfanciers.ca\/fr\/wp-json\/wp\/v2\/pages\/2409","targetHints":{"allow":["GET"]}}],"collection":[{"href":"https:\/\/pigeonfanciers.ca\/fr\/wp-json\/wp\/v2\/pages"}],"about":[{"href":"https:\/\/pigeonfanciers.ca\/fr\/wp-json\/wp\/v2\/types\/page"}],"author":[{"embeddable":true,"href":"https:\/\/pigeonfanciers.ca\/fr\/wp-json\/wp\/v2\/users\/1"}],"replies":[{"embeddable":true,"href":"https:\/\/pigeonfanciers.ca\/fr\/wp-json\/wp\/v2\/comments?post=2409"}],"version-history":[{"count":7,"href":"https:\/\/pigeonfanciers.ca\/fr\/wp-json\/wp\/v2\/pages\/2409\/revisions"}],"predecessor-version":[{"id":2581,"href":"https:\/\/pigeonfanciers.ca\/fr\/wp-json\/wp\/v2\/pages\/2409\/revisions\/2581"}],"up":[{"embeddable":true,"href":"https:\/\/pigeonfanciers.ca\/fr\/wp-json\/wp\/v2\/pages\/2377"}],"wp:attachment":[{"href":"https:\/\/pigeonfanciers.ca\/fr\/wp-json\/wp\/v2\/media?parent=2409"}],"curies":[{"name":"wp","href":"https:\/\/api.w.org\/{rel}","templated":true}]}}