{"id":2377,"date":"2026-03-16T06:31:20","date_gmt":"2026-03-16T10:31:20","guid":{"rendered":"https:\/\/pigeonfanciers.ca\/les-pigeons\/"},"modified":"2026-04-14T10:43:46","modified_gmt":"2026-04-14T14:43:46","slug":"les-pigeons","status":"publish","type":"page","link":"https:\/\/pigeonfanciers.ca\/fr\/les-pigeons\/","title":{"rendered":"Les pigeons"},"content":{"rendered":"\t\t<div data-elementor-type=\"wp-post\" data-elementor-id=\"2377\" class=\"elementor elementor-2377 elementor-161\" data-elementor-post-type=\"page\">\n\t\t\t\t<div class=\"elementor-element elementor-element-51a7af2 e-flex e-con-boxed e-con e-parent\" data-id=\"51a7af2\" data-element_type=\"container\" data-e-type=\"container\" data-settings=\"{&quot;background_background&quot;:&quot;video&quot;,&quot;background_video_link&quot;:&quot;\\\/wp-content\\\/uploads\\\/2026\\\/03\\\/1.mp4&quot;,&quot;background_play_on_mobile&quot;:&quot;yes&quot;}\">\n\t\t\t\t\t<div class=\"e-con-inner\">\n\t\t<div class=\"elementor-background-video-container\">\n\t\t\t\t\t\t\t<video class=\"elementor-background-video-hosted\" role=\"presentation\" autoplay muted playsinline loop><\/video>\n\t\t\t\t\t<\/div>\t\t<div class=\"elementor-element elementor-element-5de89b4 elementor-widget__width-initial elementor-absolute elementor-widget elementor-widget-spacer\" data-id=\"5de89b4\" data-element_type=\"widget\" data-e-type=\"widget\" data-settings=\"{&quot;_position&quot;:&quot;absolute&quot;}\" data-widget_type=\"spacer.default\">\n\t\t\t\t\t\t\t<div class=\"elementor-spacer\">\n\t\t\t<div class=\"elementor-spacer-inner\"><\/div>\n\t\t<\/div>\n\t\t\t\t\t\t<\/div>\n\t\t\t\t<div class=\"elementor-element elementor-element-e7a5cd7 elementor-widget__width-initial elementor-absolute elementor-widget elementor-widget-spacer\" data-id=\"e7a5cd7\" data-element_type=\"widget\" data-e-type=\"widget\" data-settings=\"{&quot;_position&quot;:&quot;absolute&quot;}\" data-widget_type=\"spacer.default\">\n\t\t\t\t\t\t\t<div class=\"elementor-spacer\">\n\t\t\t<div class=\"elementor-spacer-inner\"><\/div>\n\t\t<\/div>\n\t\t\t\t\t\t<\/div>\n\t\t\t\t<div class=\"elementor-element elementor-element-2976f54 elementor-widget__width-initial elementor-absolute elementor-widget elementor-widget-spacer\" data-id=\"2976f54\" data-element_type=\"widget\" data-e-type=\"widget\" data-settings=\"{&quot;_position&quot;:&quot;absolute&quot;}\" data-widget_type=\"spacer.default\">\n\t\t\t\t\t\t\t<div class=\"elementor-spacer\">\n\t\t\t<div class=\"elementor-spacer-inner\"><\/div>\n\t\t<\/div>\n\t\t\t\t\t\t<\/div>\n\t\t<div class=\"elementor-element elementor-element-b0a5f50 e-flex e-con-boxed e-con e-child\" data-id=\"b0a5f50\" data-element_type=\"container\" data-e-type=\"container\">\n\t\t\t\t\t<div class=\"e-con-inner\">\n\t\t<div class=\"elementor-element elementor-element-9cb9b31 e-con-full e-flex e-con e-child\" data-id=\"9cb9b31\" data-element_type=\"container\" data-e-type=\"container\">\n\t\t\t\t<div class=\"elementor-element elementor-element-52848f2 elementor-widget__width-inherit elementor-invisible elementor-widget elementor-widget-heading\" data-id=\"52848f2\" data-element_type=\"widget\" data-e-type=\"widget\" data-settings=\"{&quot;_animation&quot;:&quot;fadeInDown&quot;}\" data-widget_type=\"heading.default\">\n\t\t\t\t\t<h1 class=\"elementor-heading-title elementor-size-default\">Les pigeons<\/h1>\t\t\t\t<\/div>\n\t\t\t\t<div class=\"elementor-element elementor-element-3febe2a elementor-icon-list--layout-inline elementor-widget__width-initial elementor-list-item-link-full_width elementor-invisible elementor-widget elementor-widget-icon-list\" data-id=\"3febe2a\" data-element_type=\"widget\" data-e-type=\"widget\" data-settings=\"{&quot;_animation&quot;:&quot;fadeInLeft&quot;,&quot;_animation_mobile&quot;:&quot;fadeInUp&quot;}\" data-widget_type=\"icon-list.default\">\n\t\t\t\t\t\t\t<ul class=\"elementor-icon-list-items elementor-inline-items\">\n\t\t\t\t\t\t\t<li class=\"elementor-icon-list-item elementor-inline-item\">\n\t\t\t\t\t\t\t\t\t\t\t<a href=\"https:\/\/pigeonfanciers.ca\/fr\/\">\n\n\t\t\t\t\t\t\t\t\t\t\t<span class=\"elementor-icon-list-text\">Accueil<\/span>\n\t\t\t\t\t\t\t\t\t\t\t<\/a>\n\t\t\t\t\t\t\t\t\t<\/li>\n\t\t\t\t\t\t\t\t<li class=\"elementor-icon-list-item elementor-inline-item\">\n\t\t\t\t\t\t\t\t\t\t\t<span class=\"elementor-icon-list-icon\">\n\t\t\t\t\t\t\t<i aria-hidden=\"true\" class=\"lnr lnr-chevron-right\"><\/i>\t\t\t\t\t\t<\/span>\n\t\t\t\t\t\t\t\t\t\t<span class=\"elementor-icon-list-text\">Les pigeons<\/span>\n\t\t\t\t\t\t\t\t\t<\/li>\n\t\t\t\t\t\t<\/ul>\n\t\t\t\t\t\t<\/div>\n\t\t\t\t<\/div>\n\t\t\t\t<div class=\"elementor-element elementor-element-5492182 elementor-widget__width-initial elementor-widget-tablet__width-initial elementor-widget-mobile__width-inherit elementor-widget-divider--view-line elementor-widget elementor-widget-divider\" data-id=\"5492182\" data-element_type=\"widget\" data-e-type=\"widget\" data-widget_type=\"divider.default\">\n\t\t\t\t\t\t\t<div class=\"elementor-divider\">\n\t\t\t<span class=\"elementor-divider-separator\">\n\t\t\t\t\t\t<\/span>\n\t\t<\/div>\n\t\t\t\t\t\t<\/div>\n\t\t\t\t<div class=\"elementor-element elementor-element-43e9524 elementor-widget__width-initial elementor-widget-mobile__width-initial elementor-invisible elementor-widget elementor-widget-text-editor\" data-id=\"43e9524\" data-element_type=\"widget\" data-e-type=\"widget\" data-settings=\"{&quot;_animation&quot;:&quot;fadeInUp&quot;}\" data-widget_type=\"text-editor.default\">\n\t\t\t\t\t\t\t\t\tNous pourrions \u00e9crire des centaines de pages sur les pigeons, mais cette litt\u00e9rature existe d\u00e9j\u00e0 dans les livres ou sur le Web et nous avons plut\u00f4t choisi de pr\u00e9senter notre hobby sous la forme de courtes vid\u00e9os qui d\u00e9crivent bien les diff\u00e9rentes passions qui animent nos membres.\t\t\t\t\t\t\t\t<\/div>\n\t\t\t\t\t<\/div>\n\t\t\t\t<\/div>\n\t\t\t\t\t<\/div>\n\t\t\t\t<\/div>\n\t\t<div class=\"elementor-element elementor-element-122ad2a e-flex e-con-boxed e-con e-parent\" data-id=\"122ad2a\" data-element_type=\"container\" data-e-type=\"container\">\n\t\t\t\t\t<div class=\"e-con-inner\">\n\t\t\t\t<div class=\"elementor-element elementor-element-f502367 elementor-widget elementor-widget-heading\" data-id=\"f502367\" data-element_type=\"widget\" data-e-type=\"widget\" data-widget_type=\"heading.default\">\n\t\t\t\t\t<h4 class=\"elementor-heading-title elementor-size-default\">Disons d\u2019abord que les pigeons \u00e9lev\u00e9s par nos adeptes peuvent se classer en trois grandes cat\u00e9gories<\/h4>\t\t\t\t<\/div>\n\t\t\t\t\t<\/div>\n\t\t\t\t<\/div>\n\t\t<div class=\"elementor-element elementor-element-1329f58 e-flex e-con-boxed e-con e-parent\" data-id=\"1329f58\" data-element_type=\"container\" data-e-type=\"container\">\n\t\t\t\t\t<div class=\"e-con-inner\">\n\t\t<div class=\"elementor-element elementor-element-67128bb e-con-full e-flex e-con e-child\" data-id=\"67128bb\" data-element_type=\"container\" data-e-type=\"container\">\n\t\t\t\t<div class=\"elementor-element elementor-element-e691a68 elementor-widget elementor-widget-heading\" data-id=\"e691a68\" data-element_type=\"widget\" data-e-type=\"widget\" data-widget_type=\"heading.default\">\n\t\t\t\t\t<h3 class=\"elementor-heading-title elementor-size-default\">Les pigeons d\u2019exposition<\/h3>\t\t\t\t<\/div>\n\t\t\t\t<div class=\"elementor-element elementor-element-08dd249 elementor-widget elementor-widget-text-editor\" data-id=\"08dd249\" data-element_type=\"widget\" data-e-type=\"widget\" data-widget_type=\"text-editor.default\">\n\t\t\t\t\t\t\t\t\tPour chaque race de pigeon, nous nous r\u00e9f\u00e9rons \u00e0 des standards de perfection et les \u00e9leveurs tentent de produire des oiseaux en les utilisant comme guide. Ils participent ensuite \u00e0 des expositions locales ou nationales o\u00f9 les oiseaux sont jug\u00e9s pour d\u00e9terminer leur classement par rapport aux autres sujets expos\u00e9s. Il s\u2019agit de la principale cat\u00e9gorie choisie par les membres de l\u2019ACP et, chaque ann\u00e9e, notre organisation parraine une exposition nationale appel\u00e9e le \u00ab CPFA Classic \u00bb, qui se tient alternativement dans l\u2019Est et l\u2019Ouest du Canada. Nous expliquons le d\u00e9roulement d\u2019une exposition dans la vid\u00e9o intitul\u00e9e.   \t\t\t\t\t\t\t\t<\/div>\n\t\t\t\t<div class=\"elementor-element elementor-element-5cedea5 elementor-widget elementor-widget-elementskit-video\" data-id=\"5cedea5\" data-element_type=\"widget\" data-e-type=\"widget\" data-widget_type=\"elementskit-video.default\">\n\t\t\t\t<div class=\"elementor-widget-container\">\n\t\t\t\t\t<div class=\"ekit-wid-con\" >\t\t<div class=\"video-content\" data-video-player=\"[]\" data-video-setting=\"{&quot;videoVolume&quot;:&quot;horizontal&quot;,&quot;startVolume&quot;:0.8000000000000000444089209850062616169452667236328125,&quot;videoType&quot;:&quot;iframe&quot;,&quot;videoClass&quot;:&quot;mfp-fade&quot;,&quot;videoStyle&quot;:&quot;popup&quot;,&quot;videoTypeName&quot;:&quot;youtube&quot;,&quot;autoplay&quot;:false,&quot;muted&quot;:false,&quot;loop&quot;:false}\">\n\t\t\t\n<a class=\"glow-ripple ekit-video-popup ekit-video-popup-btn\" href=\"https:\/\/www.youtube.com\/embed\/3C6g5axQqMU?feature=oembed?playlist=3C6g5axQqMU&amp;mute=0&amp;autoplay=0&amp;loop=no&amp;controls=0&amp;start=0&amp;end=\" aria-label=\"video-popup\">\n\t\t\t<span class=\"ekit-video-popup-title\">Pigeons au Canada Partie-1<\/span>\n\t\t\t\n\t\t\t<\/a>\n\t\t\t\t\t\t\t<div class=\"ekit-hidden-icons\" hidden aria-hidden=\"true\">\n\t\t\t\t\t<i class=\"ekit-popup-close-icon icon icon-cancel\"><\/i>\t\t\t\t<\/div>\n\t\t<\/div>\n\t\t<\/div>\t\t\t\t<\/div>\n\t\t\t\t<\/div>\n\t\t\t\t<div class=\"elementor-element elementor-element-37ab100 elementor-widget elementor-widget-heading\" data-id=\"37ab100\" data-element_type=\"widget\" data-e-type=\"widget\" data-widget_type=\"heading.default\">\n\t\t\t\t\t<h3 class=\"elementor-heading-title elementor-size-default\">Pigeons de performance<\/h3>\t\t\t\t<\/div>\n\t\t\t\t<div class=\"elementor-element elementor-element-1149932 elementor-widget elementor-widget-text-editor\" data-id=\"1149932\" data-element_type=\"widget\" data-e-type=\"widget\" data-widget_type=\"text-editor.default\">\n\t\t\t\t\t\t\t\t\tPlusieurs races se sp\u00e9cialisent dans le vol d\u2019endurance sur plusieurs heures ou dans le vol acrobatique (roulades, culbutes, piqu\u00e9s et autres acrobaties). Certains passionn\u00e9s se contentent d\u2019admirer leurs prouesses ; d\u2019autres participent \u00e0 des comp\u00e9titions amicales organis\u00e9es par des clubs sp\u00e9cialis\u00e9s en la mati\u00e8re. De nombreux pigeons de performance sont \u00e9galement inscrits \u00e0 des expositions de pigeons o\u00f9 leur apparence, plut\u00f4t que leur performance, est jug\u00e9e par rapport aux standards de leur race.  \t\t\t\t\t\t\t\t<\/div>\n\t\t\t\t<\/div>\n\t\t<div class=\"elementor-element elementor-element-84efa4d e-con-full e-flex e-con e-child\" data-id=\"84efa4d\" data-element_type=\"container\" data-e-type=\"container\">\n\t\t\t\t<div class=\"elementor-element elementor-element-613ac47 elementor-widget__width-initial elementor-invisible elementor-widget elementor-widget-image\" data-id=\"613ac47\" data-element_type=\"widget\" data-e-type=\"widget\" data-settings=\"{&quot;_animation&quot;:&quot;fadeInUp&quot;}\" data-widget_type=\"image.default\">\n\t\t\t\t\t\t\t\t\t\t\t\t\t\t\t<img fetchpriority=\"high\" decoding=\"async\" width=\"552\" height=\"800\" src=\"https:\/\/pigeonfanciers.ca\/wp-content\/uploads\/2026\/04\/health-1.jpg\" class=\"attachment-full size-full wp-image-2563\" alt=\"\" srcset=\"https:\/\/pigeonfanciers.ca\/wp-content\/uploads\/2026\/04\/health-1.jpg 552w, https:\/\/pigeonfanciers.ca\/wp-content\/uploads\/2026\/04\/health-1-207x300.jpg 207w\" sizes=\"(max-width: 552px) 100vw, 552px\" \/>\t\t\t\t\t\t\t\t\t\t\t\t\t\t\t<\/div>\n\t\t<div class=\"elementor-element elementor-element-7bd8994 e-con-full e-flex e-con e-child\" data-id=\"7bd8994\" data-element_type=\"container\" data-e-type=\"container\">\n\t\t\t\t<div class=\"elementor-element elementor-element-bf14bac elementor-invisible elementor-widget elementor-widget-image\" data-id=\"bf14bac\" data-element_type=\"widget\" data-e-type=\"widget\" data-settings=\"{&quot;_animation&quot;:&quot;fadeInDown&quot;}\" data-widget_type=\"image.default\">\n\t\t\t\t\t\t\t\t\t\t\t\t\t\t\t\t<a href=\"https:\/\/pigeonfanciers.ca\/wp-content\/uploads\/2026\/03\/pigeon-2.jpg\" data-elementor-open-lightbox=\"yes\" data-elementor-lightbox-title=\"pigeon-2\" data-e-action-hash=\"#elementor-action%3Aaction%3Dlightbox%26settings%3DeyJpZCI6MjM3NSwidXJsIjoiaHR0cHM6XC9cL3BpZ2VvbmZhbmNpZXJzLmNhXC93cC1jb250ZW50XC91cGxvYWRzXC8yMDI2XC8wM1wvcGlnZW9uLTIuanBnIn0%3D\">\n\t\t\t\t\t\t\t<img decoding=\"async\" width=\"1200\" height=\"800\" src=\"https:\/\/pigeonfanciers.ca\/wp-content\/uploads\/2026\/03\/pigeon-2.jpg\" class=\"attachment-full size-full wp-image-2375\" alt=\"\" srcset=\"https:\/\/pigeonfanciers.ca\/wp-content\/uploads\/2026\/03\/pigeon-2.jpg 1200w, https:\/\/pigeonfanciers.ca\/wp-content\/uploads\/2026\/03\/pigeon-2-300x200.jpg 300w, https:\/\/pigeonfanciers.ca\/wp-content\/uploads\/2026\/03\/pigeon-2-1024x683.jpg 1024w, https:\/\/pigeonfanciers.ca\/wp-content\/uploads\/2026\/03\/pigeon-2-768x512.jpg 768w, https:\/\/pigeonfanciers.ca\/wp-content\/uploads\/2026\/03\/pigeon-2-600x400.jpg 600w\" sizes=\"(max-width: 1200px) 100vw, 1200px\" \/>\t\t\t\t\t\t\t\t<\/a>\n\t\t\t\t\t\t\t\t\t\t\t\t\t\t\t<\/div>\n\t\t\t\t<div class=\"elementor-element elementor-element-3001972 elementor-invisible elementor-widget elementor-widget-image\" data-id=\"3001972\" data-element_type=\"widget\" data-e-type=\"widget\" data-settings=\"{&quot;_animation&quot;:&quot;fadeInRight&quot;}\" data-widget_type=\"image.default\">\n\t\t\t\t\t\t\t\t\t\t\t\t\t\t\t\t<a href=\"https:\/\/pigeonfanciers.ca\/wp-content\/uploads\/2026\/03\/pigeon-1.jpg\" data-elementor-open-lightbox=\"yes\" data-elementor-lightbox-title=\"pigeon-1\" data-e-action-hash=\"#elementor-action%3Aaction%3Dlightbox%26settings%3DeyJpZCI6MjM0MSwidXJsIjoiaHR0cHM6XC9cL3BpZ2VvbmZhbmNpZXJzLmNhXC93cC1jb250ZW50XC91cGxvYWRzXC8yMDI2XC8wM1wvcGlnZW9uLTEuanBnIn0%3D\">\n\t\t\t\t\t\t\t<img decoding=\"async\" width=\"1200\" height=\"800\" src=\"https:\/\/pigeonfanciers.ca\/wp-content\/uploads\/2026\/03\/pigeon-1.jpg\" class=\"attachment-full size-full wp-image-2341\" alt=\"\" srcset=\"https:\/\/pigeonfanciers.ca\/wp-content\/uploads\/2026\/03\/pigeon-1.jpg 1200w, https:\/\/pigeonfanciers.ca\/wp-content\/uploads\/2026\/03\/pigeon-1-300x200.jpg 300w, https:\/\/pigeonfanciers.ca\/wp-content\/uploads\/2026\/03\/pigeon-1-1024x683.jpg 1024w, https:\/\/pigeonfanciers.ca\/wp-content\/uploads\/2026\/03\/pigeon-1-768x512.jpg 768w, https:\/\/pigeonfanciers.ca\/wp-content\/uploads\/2026\/03\/pigeon-1-600x400.jpg 600w\" sizes=\"(max-width: 1200px) 100vw, 1200px\" \/>\t\t\t\t\t\t\t\t<\/a>\n\t\t\t\t\t\t\t\t\t\t\t\t\t\t\t<\/div>\n\t\t\t\t<\/div>\n\t\t\t\t<\/div>\n\t\t\t\t\t<\/div>\n\t\t\t\t<\/div>\n\t\t<div class=\"elementor-element elementor-element-62c8bd5d e-flex e-con-boxed e-con e-parent\" data-id=\"62c8bd5d\" data-element_type=\"container\" data-e-type=\"container\" data-settings=\"{&quot;background_background&quot;:&quot;video&quot;,&quot;background_video_link&quot;:&quot;\\\/wp-content\\\/uploads\\\/2026\\\/04\\\/two-playful-pigeons-enjoying-morning-in-an-outdoor-2026-01-22-15-01-44-utc.mp4&quot;,&quot;background_play_on_mobile&quot;:&quot;yes&quot;}\">\n\t\t\t\t\t<div class=\"e-con-inner\">\n\t\t<div class=\"elementor-background-video-container\">\n\t\t\t\t\t\t\t<video class=\"elementor-background-video-hosted\" role=\"presentation\" autoplay muted playsinline loop><\/video>\n\t\t\t\t\t<\/div><div class=\"elementor-element elementor-element-dd548c5 e-con-full e-flex e-con e-child\" data-id=\"dd548c5\" data-element_type=\"container\" data-e-type=\"container\" data-settings=\"{&quot;background_background&quot;:&quot;classic&quot;}\">\n\t\t\t\t<div class=\"elementor-element elementor-element-1918cdae elementor-widget__width-initial elementor-invisible elementor-widget elementor-widget-heading\" data-id=\"1918cdae\" data-element_type=\"widget\" data-e-type=\"widget\" data-settings=\"{&quot;_animation&quot;:&quot;fadeInUp&quot;}\" data-widget_type=\"heading.default\">\n\t\t\t\t\t<h3 class=\"elementor-heading-title elementor-size-default\">Pigeons voyageurs<\/h3>\t\t\t\t<\/div>\n\t\t\t\t<div class=\"elementor-element elementor-element-527733fa elementor-widget__width-inherit elementor-widget-tablet__width-initial elementor-widget-mobile__width-inherit elementor-widget-divider--view-line elementor-widget elementor-widget-divider\" data-id=\"527733fa\" data-element_type=\"widget\" data-e-type=\"widget\" data-widget_type=\"divider.default\">\n\t\t\t\t\t\t\t<div class=\"elementor-divider\">\n\t\t\t<span class=\"elementor-divider-separator\">\n\t\t\t\t\t\t<\/span>\n\t\t<\/div>\n\t\t\t\t\t\t<\/div>\n\t\t\t\t<div class=\"elementor-element elementor-element-177206d elementor-widget elementor-widget-text-editor\" data-id=\"177206d\" data-element_type=\"widget\" data-e-type=\"widget\" data-widget_type=\"text-editor.default\">\n\t\t\t\t\t\t\t\t\t<p>Vari\u00e9t\u00e9 unique et distincte, cette race de pigeons, comme son nom l\u2019indique, est \u00e9lev\u00e9e par des passionn\u00e9s qui se consacrent \u00e0 l\u2019organisation et \u00e0 la participation \u00e0 des courses. Au Canada, cette cat\u00e9gorie de pigeons est supervis\u00e9e par la Canadian Racing Pigeon Union (<a href=\"http:\/\/www.crpu.ca\" target=\"_blank\" rel=\"noopener\"><strong>http:\/\/www.crpu.ca<\/strong><\/a>) et par la F\u00e9d\u00e9ration Colombophile du Qu\u00e9bec (<a href=\"http:\/\/www.cyberquebec.ca\/_layout\/?uri=http:\/\/www.cyberquebec.ca\/pigeon\/\" target=\"_blank\" rel=\"noopener\"><strong>http:\/\/www.cyberquebec.ca<\/strong><\/a>). Les distances parcourues peuvent varier de 75 \u00e0 1 000 kilom\u00e8tres, mais dans certains pays, les distances peuvent \u00eatre encore plus grandes.  <\/p>\t\t\t\t\t\t\t\t<\/div>\n\t\t\t\t<\/div>\n\t\t\t\t\t<\/div>\n\t\t\t\t<\/div>\n\t\t<div class=\"elementor-element elementor-element-7b361351 e-flex e-con-boxed e-con e-parent\" data-id=\"7b361351\" data-element_type=\"container\" data-e-type=\"container\">\n\t\t\t\t\t<div class=\"e-con-inner\">\n\t\t<div class=\"elementor-element elementor-element-69e2a3c4 e-con-full e-flex e-con e-child\" data-id=\"69e2a3c4\" data-element_type=\"container\" data-e-type=\"container\">\n\t\t\t\t<div class=\"elementor-element elementor-element-49a613b3 elementor-widget elementor-widget-text-editor\" data-id=\"49a613b3\" data-element_type=\"widget\" data-e-type=\"widget\" data-widget_type=\"text-editor.default\">\n\t\t\t\t\t\t\t\t\tLa vid\u00e9o <span class=\"popmake-7121 pum-trigger\">Pigeons au Canada Partie-2<\/span> traite bri\u00e8vement des pigeons des groupes de performance et de course, tandis que la vid\u00e9o intitul\u00e9e <span class=\"popmake-7125 pum-trigger\">Pigeons au Canada Partie-3<\/span> est destin\u00e9e \u00e0 servir d\u2019introduction \u00e0 la colombophilie.\t\t\t\t\t\t\t\t<\/div>\n\t\t\t\t<div class=\"elementor-element elementor-element-5ec47ba elementor-widget elementor-widget-elementskit-video\" data-id=\"5ec47ba\" data-element_type=\"widget\" data-e-type=\"widget\" data-widget_type=\"elementskit-video.default\">\n\t\t\t\t<div class=\"elementor-widget-container\">\n\t\t\t\t\t<div class=\"ekit-wid-con\" >\t\t<div class=\"video-content\" data-video-player=\"[]\" data-video-setting=\"{&quot;videoVolume&quot;:&quot;horizontal&quot;,&quot;startVolume&quot;:0.8000000000000000444089209850062616169452667236328125,&quot;videoType&quot;:&quot;iframe&quot;,&quot;videoClass&quot;:&quot;mfp-fade&quot;,&quot;videoStyle&quot;:&quot;popup&quot;,&quot;videoTypeName&quot;:&quot;youtube&quot;,&quot;autoplay&quot;:false,&quot;muted&quot;:false,&quot;loop&quot;:false}\">\n\t\t\t\n<a class=\"glow-ripple ekit-video-popup ekit-video-popup-btn\" href=\"https:\/\/www.youtube.com\/embed\/CdxFCi7-Tnw?feature=oembed?playlist=CdxFCi7-Tnw&amp;mute=0&amp;autoplay=0&amp;loop=no&amp;controls=0&amp;start=0&amp;end=\" aria-label=\"video-popup\">\n\t\t\t<span class=\"ekit-video-popup-title\">Pigeons au Canada Partie-2<\/span>\n\t\t\t\n\t\t\t<\/a>\n\t\t\t\t\t\t\t<div class=\"ekit-hidden-icons\" hidden aria-hidden=\"true\">\n\t\t\t\t\t<i class=\"ekit-popup-close-icon icon icon-cancel\"><\/i>\t\t\t\t<\/div>\n\t\t<\/div>\n\t\t<\/div>\t\t\t\t<\/div>\n\t\t\t\t<\/div>\n\t\t\t\t<div class=\"elementor-element elementor-element-200f4b9 elementor-widget elementor-widget-elementskit-video\" data-id=\"200f4b9\" data-element_type=\"widget\" data-e-type=\"widget\" data-widget_type=\"elementskit-video.default\">\n\t\t\t\t<div class=\"elementor-widget-container\">\n\t\t\t\t\t<div class=\"ekit-wid-con\" >\t\t<div class=\"video-content\" data-video-player=\"[]\" data-video-setting=\"{&quot;videoVolume&quot;:&quot;horizontal&quot;,&quot;startVolume&quot;:0.8000000000000000444089209850062616169452667236328125,&quot;videoType&quot;:&quot;iframe&quot;,&quot;videoClass&quot;:&quot;mfp-fade&quot;,&quot;videoStyle&quot;:&quot;popup&quot;,&quot;videoTypeName&quot;:&quot;youtube&quot;,&quot;autoplay&quot;:false,&quot;muted&quot;:false,&quot;loop&quot;:false}\">\n\t\t\t\n<a class=\"glow-ripple ekit-video-popup ekit-video-popup-btn\" href=\"https:\/\/www.youtube.com\/embed\/ASIiy8ia3mc?feature=oembed?playlist=ASIiy8ia3mc&amp;mute=0&amp;autoplay=0&amp;loop=no&amp;controls=0&amp;start=0&amp;end=\" aria-label=\"video-popup\">\n\t\t\t<span class=\"ekit-video-popup-title\">Pigeons au Canada Partie-3<\/span>\n\t\t\t\n\t\t\t<\/a>\n\t\t\t\t\t\t\t<div class=\"ekit-hidden-icons\" hidden aria-hidden=\"true\">\n\t\t\t\t\t<i class=\"ekit-popup-close-icon icon icon-cancel\"><\/i>\t\t\t\t<\/div>\n\t\t<\/div>\n\t\t<\/div>\t\t\t\t<\/div>\n\t\t\t\t<\/div>\n\t\t\t\t<\/div>\n\t\t<div class=\"elementor-element elementor-element-35b17077 e-con-full e-flex e-con e-child\" data-id=\"35b17077\" data-element_type=\"container\" data-e-type=\"container\">\n\t\t\t\t<div class=\"elementor-element elementor-element-6cc73386 elementor-widget__width-initial elementor-absolute elementor-invisible elementor-widget elementor-widget-spacer\" data-id=\"6cc73386\" data-element_type=\"widget\" data-e-type=\"widget\" data-settings=\"{&quot;_position&quot;:&quot;absolute&quot;,&quot;_animation&quot;:&quot;fadeInUp&quot;}\" data-widget_type=\"spacer.default\">\n\t\t\t\t\t\t\t<div class=\"elementor-spacer\">\n\t\t\t<div class=\"elementor-spacer-inner\"><\/div>\n\t\t<\/div>\n\t\t\t\t\t\t<\/div>\n\t\t\t\t<div class=\"elementor-element elementor-element-38e9e798 elementor-widget elementor-widget-image\" data-id=\"38e9e798\" data-element_type=\"widget\" data-e-type=\"widget\" data-widget_type=\"image.default\">\n\t\t\t\t\t\t\t\t\t\t\t\t\t\t\t<img loading=\"lazy\" decoding=\"async\" width=\"1920\" height=\"920\" src=\"https:\/\/pigeonfanciers.ca\/wp-content\/uploads\/2026\/03\/banniere-footer-1.jpg\" class=\"attachment-full size-full wp-image-2376\" alt=\"\" srcset=\"https:\/\/pigeonfanciers.ca\/wp-content\/uploads\/2026\/03\/banniere-footer-1.jpg 1920w, https:\/\/pigeonfanciers.ca\/wp-content\/uploads\/2026\/03\/banniere-footer-1-300x144.jpg 300w, https:\/\/pigeonfanciers.ca\/wp-content\/uploads\/2026\/03\/banniere-footer-1-1024x491.jpg 1024w, https:\/\/pigeonfanciers.ca\/wp-content\/uploads\/2026\/03\/banniere-footer-1-768x368.jpg 768w, https:\/\/pigeonfanciers.ca\/wp-content\/uploads\/2026\/03\/banniere-footer-1-1536x736.jpg 1536w, https:\/\/pigeonfanciers.ca\/wp-content\/uploads\/2026\/03\/banniere-footer-1-600x288.jpg 600w\" sizes=\"(max-width: 1920px) 100vw, 1920px\" \/>\t\t\t\t\t\t\t\t\t\t\t\t\t\t\t<\/div>\n\t\t\t\t<\/div>\n\t\t<div class=\"elementor-element elementor-element-7f70ba11 e-con-full e-flex e-con e-child\" data-id=\"7f70ba11\" data-element_type=\"container\" data-e-type=\"container\">\n\t\t\t\t<div class=\"elementor-element elementor-element-c39b086 elementor-widget elementor-widget-text-editor\" data-id=\"c39b086\" data-element_type=\"widget\" data-e-type=\"widget\" data-widget_type=\"text-editor.default\">\n\t\t\t\t\t\t\t\t\tNous aimerions exprimer notre gratitude pour le travail accompli par un ancien directeur de l\u2019ACP, M. Jerry Wenarchuk, qui a fait un excellent travail dans la pr\u00e9paration de ces vid\u00e9os. L\u2019int\u00e9r\u00eat pour ce type de m\u00e9dia est fort et de nombreux aspects diff\u00e9rents du passe-temps y sont expos\u00e9s plus en d\u00e9tail. Nos vid\u00e9os sont disponibles sur YouTube et, simplement en effectuant une recherche sur ce site, vous pouvez obtenir une foule d\u2019informations sur la colombophilie. Une version DVD de la vid\u00e9o est \u00e9galement disponible. Pour toute personne int\u00e9ress\u00e9e par l\u2019achat d\u2019une copie, vous trouverez les d\u00e9tails dans <a href=\"\/shop\/\" target=\"_blank\" rel=\"noopener\">la section Commandes<\/a> de ce site.    \t\t\t\t\t\t\t\t<\/div>\n\t\t\t\t<div class=\"elementor-element elementor-element-73f0e85 elementor-align-left elementor-widget elementor-widget-button\" data-id=\"73f0e85\" data-element_type=\"widget\" data-e-type=\"widget\" data-settings=\"{&quot;_animation&quot;:&quot;none&quot;}\" data-widget_type=\"button.default\">\n\t\t\t\t\t\t\t\t\t\t<a class=\"elementor-button elementor-button-link elementor-size-sm\" href=\"https:\/\/pigeonfanciers.ca\/fr\/boutique-acpf\/\">\n\t\t\t\t\t\t<span class=\"elementor-button-content-wrapper\">\n\t\t\t\t\t\t\t\t\t<span class=\"elementor-button-text\">Boutique<\/span>\n\t\t\t\t\t<\/span>\n\t\t\t\t\t<\/a>\n\t\t\t\t\t\t\t\t<\/div>\n\t\t\t\t<\/div>\n\t\t\t\t\t<\/div>\n\t\t\t\t<\/div>\n\t\t\t\t<\/div>\n\t\t","protected":false},"excerpt":{"rendered":"<p>Accueil Nous pourrions \u00e9crire des centaines de pages sur les pigeons, mais cette litt\u00e9rature existe d\u00e9j\u00e0 dans les livres ou sur le Web et nous avons plut\u00f4t choisi de pr\u00e9senter notre hobby sous la forme de courtes vid\u00e9os qui d\u00e9crivent bien les diff\u00e9rentes passions qui animent nos membres. Disons d\u2019abord que les pigeons \u00e9lev\u00e9s par [&hellip;]<\/p>\n","protected":false},"author":1,"featured_media":0,"parent":0,"menu_order":0,"comment_status":"closed","ping_status":"closed","template":"","meta":{"footnotes":""},"class_list":["post-2377","page","type-page","status-publish","hentry"],"_links":{"self":[{"href":"https:\/\/pigeonfanciers.ca\/fr\/wp-json\/wp\/v2\/pages\/2377","targetHints":{"allow":["GET"]}}],"collection":[{"href":"https:\/\/pigeonfanciers.ca\/fr\/wp-json\/wp\/v2\/pages"}],"about":[{"href":"https:\/\/pigeonfanciers.ca\/fr\/wp-json\/wp\/v2\/types\/page"}],"author":[{"embeddable":true,"href":"https:\/\/pigeonfanciers.ca\/fr\/wp-json\/wp\/v2\/users\/1"}],"replies":[{"embeddable":true,"href":"https:\/\/pigeonfanciers.ca\/fr\/wp-json\/wp\/v2\/comments?post=2377"}],"version-history":[{"count":10,"href":"https:\/\/pigeonfanciers.ca\/fr\/wp-json\/wp\/v2\/pages\/2377\/revisions"}],"predecessor-version":[{"id":2689,"href":"https:\/\/pigeonfanciers.ca\/fr\/wp-json\/wp\/v2\/pages\/2377\/revisions\/2689"}],"wp:attachment":[{"href":"https:\/\/pigeonfanciers.ca\/fr\/wp-json\/wp\/v2\/media?parent=2377"}],"curies":[{"name":"wp","href":"https:\/\/api.w.org\/{rel}","templated":true}]}}