{"id":2356,"date":"2026-03-16T06:24:45","date_gmt":"2026-03-16T10:24:45","guid":{"rendered":"https:\/\/pigeonfanciers.ca\/pigeons-egares-et-trouves-avec-une-bague-cpfa\/"},"modified":"2026-04-15T04:42:49","modified_gmt":"2026-04-15T08:42:49","slug":"pigeons-egares-et-trouves-avec-une-bague-cpfa","status":"publish","type":"page","link":"https:\/\/pigeonfanciers.ca\/fr\/pigeons-egares-et-trouves-avec-une-bague-cpfa\/","title":{"rendered":"Pigeons \u00e9gar\u00e9s &#038; trouv\u00e9s avec une bague CPFA"},"content":{"rendered":"\t\t<div data-elementor-type=\"wp-post\" data-elementor-id=\"2356\" class=\"elementor elementor-2356 elementor-140\" data-elementor-post-type=\"page\">\n\t\t\t\t<div class=\"elementor-element elementor-element-f2d2c2f e-flex e-con-boxed e-con e-parent\" data-id=\"f2d2c2f\" data-element_type=\"container\" data-e-type=\"container\" data-settings=\"{&quot;background_background&quot;:&quot;video&quot;,&quot;background_video_link&quot;:&quot;\\\/wp-content\\\/uploads\\\/2026\\\/04\\\/22_ZG92ZQ.mp4&quot;,&quot;background_play_on_mobile&quot;:&quot;yes&quot;}\">\n\t\t\t\t\t<div class=\"e-con-inner\">\n\t\t<div class=\"elementor-background-video-container\">\n\t\t\t\t\t\t\t<video class=\"elementor-background-video-hosted\" role=\"presentation\" autoplay muted playsinline loop><\/video>\n\t\t\t\t\t<\/div>\t\t<div class=\"elementor-element elementor-element-91a6fc9 elementor-widget__width-initial elementor-absolute elementor-widget elementor-widget-spacer\" data-id=\"91a6fc9\" data-element_type=\"widget\" data-e-type=\"widget\" data-settings=\"{&quot;_position&quot;:&quot;absolute&quot;}\" data-widget_type=\"spacer.default\">\n\t\t\t\t\t\t\t<div class=\"elementor-spacer\">\n\t\t\t<div class=\"elementor-spacer-inner\"><\/div>\n\t\t<\/div>\n\t\t\t\t\t\t<\/div>\n\t\t\t\t<div class=\"elementor-element elementor-element-65d1b49 elementor-widget__width-initial elementor-absolute elementor-widget elementor-widget-spacer\" data-id=\"65d1b49\" data-element_type=\"widget\" data-e-type=\"widget\" data-settings=\"{&quot;_position&quot;:&quot;absolute&quot;}\" data-widget_type=\"spacer.default\">\n\t\t\t\t\t\t\t<div class=\"elementor-spacer\">\n\t\t\t<div class=\"elementor-spacer-inner\"><\/div>\n\t\t<\/div>\n\t\t\t\t\t\t<\/div>\n\t\t\t\t<div class=\"elementor-element elementor-element-fe30522 elementor-widget__width-initial elementor-absolute elementor-widget elementor-widget-spacer\" data-id=\"fe30522\" data-element_type=\"widget\" data-e-type=\"widget\" data-settings=\"{&quot;_position&quot;:&quot;absolute&quot;}\" data-widget_type=\"spacer.default\">\n\t\t\t\t\t\t\t<div class=\"elementor-spacer\">\n\t\t\t<div class=\"elementor-spacer-inner\"><\/div>\n\t\t<\/div>\n\t\t\t\t\t\t<\/div>\n\t\t<div class=\"elementor-element elementor-element-022af52 e-flex e-con-boxed e-con e-child\" data-id=\"022af52\" data-element_type=\"container\" data-e-type=\"container\">\n\t\t\t\t\t<div class=\"e-con-inner\">\n\t\t<div class=\"elementor-element elementor-element-a3f74ac e-con-full e-flex e-con e-child\" data-id=\"a3f74ac\" data-element_type=\"container\" data-e-type=\"container\">\n\t\t\t\t<div class=\"elementor-element elementor-element-05cc76c elementor-widget__width-inherit elementor-invisible elementor-widget elementor-widget-heading\" data-id=\"05cc76c\" data-element_type=\"widget\" data-e-type=\"widget\" data-settings=\"{&quot;_animation&quot;:&quot;fadeInDown&quot;}\" data-widget_type=\"heading.default\">\n\t\t\t\t\t<h1 class=\"elementor-heading-title elementor-size-default\">Pigeons \u00e9gar\u00e9s &#038; trouv\u00e9s avec une bague CPFA<\/h1>\t\t\t\t<\/div>\n\t\t\t\t<div class=\"elementor-element elementor-element-f517f6a elementor-icon-list--layout-inline elementor-widget__width-initial elementor-list-item-link-full_width elementor-invisible elementor-widget elementor-widget-icon-list\" data-id=\"f517f6a\" data-element_type=\"widget\" data-e-type=\"widget\" data-settings=\"{&quot;_animation&quot;:&quot;fadeInLeft&quot;,&quot;_animation_mobile&quot;:&quot;fadeInUp&quot;}\" data-widget_type=\"icon-list.default\">\n\t\t\t\t\t\t\t<ul class=\"elementor-icon-list-items elementor-inline-items\">\n\t\t\t\t\t\t\t<li class=\"elementor-icon-list-item elementor-inline-item\">\n\t\t\t\t\t\t\t\t\t\t\t<a href=\"https:\/\/pigeonfanciers.ca\/fr\/\">\n\n\t\t\t\t\t\t\t\t\t\t\t<span class=\"elementor-icon-list-text\">Accueil<\/span>\n\t\t\t\t\t\t\t\t\t\t\t<\/a>\n\t\t\t\t\t\t\t\t\t<\/li>\n\t\t\t\t\t\t\t\t<li class=\"elementor-icon-list-item elementor-inline-item\">\n\t\t\t\t\t\t\t\t\t\t\t<span class=\"elementor-icon-list-icon\">\n\t\t\t\t\t\t\t<i aria-hidden=\"true\" class=\"lnr lnr-chevron-right\"><\/i>\t\t\t\t\t\t<\/span>\n\t\t\t\t\t\t\t\t\t\t<span class=\"elementor-icon-list-text\">Pigeons \u00e9gar\u00e9s &#038; trouv\u00e9s avec une bague CPFA<\/span>\n\t\t\t\t\t\t\t\t\t<\/li>\n\t\t\t\t\t\t<\/ul>\n\t\t\t\t\t\t<\/div>\n\t\t\t\t<\/div>\n\t\t\t\t<div class=\"elementor-element elementor-element-e45ea7e elementor-widget__width-initial elementor-widget-tablet__width-initial elementor-widget-mobile__width-inherit elementor-widget-divider--view-line elementor-widget elementor-widget-divider\" data-id=\"e45ea7e\" data-element_type=\"widget\" data-e-type=\"widget\" data-widget_type=\"divider.default\">\n\t\t\t\t\t\t\t<div class=\"elementor-divider\">\n\t\t\t<span class=\"elementor-divider-separator\">\n\t\t\t\t\t\t<\/span>\n\t\t<\/div>\n\t\t\t\t\t\t<\/div>\n\t\t\t\t<div class=\"elementor-element elementor-element-d0535c3 elementor-widget__width-initial elementor-widget-mobile__width-initial elementor-invisible elementor-widget elementor-widget-text-editor\" data-id=\"d0535c3\" data-element_type=\"widget\" data-e-type=\"widget\" data-settings=\"{&quot;_animation&quot;:&quot;fadeInUp&quot;}\" data-widget_type=\"text-editor.default\">\n\t\t\t\t\t\t\t\t\tLes bagues CPFA standard comportent deux lettres suppl\u00e9mentaires (CPFA LL), obligatoires pour fins d\u2019identification. Sans elles, il est impossible de retracer le propri\u00e9taire.\t\t\t\t\t\t\t\t<\/div>\n\t\t\t\t\t<\/div>\n\t\t\t\t<\/div>\n\t\t\t\t\t<\/div>\n\t\t\t\t<\/div>\n\t\t<div class=\"elementor-element elementor-element-35aa014 e-flex e-con-boxed e-con e-parent\" data-id=\"35aa014\" data-element_type=\"container\" data-e-type=\"container\">\n\t\t\t\t\t<div class=\"e-con-inner\">\n\t\t<div class=\"elementor-element elementor-element-79867ae e-con-full e-flex e-con e-child\" data-id=\"79867ae\" data-element_type=\"container\" data-e-type=\"container\">\n\t\t\t\t<div class=\"elementor-element elementor-element-d6cc406 elementor-widget elementor-widget-heading\" data-id=\"d6cc406\" data-element_type=\"widget\" data-e-type=\"widget\" data-widget_type=\"heading.default\">\n\t\t\t\t\t<h3 class=\"elementor-heading-title elementor-size-default\">Comment trouver le propri\u00e9taire d\u2019un pigeon portant une bague \u00ab CPFA \u00bb ?<\/h3>\t\t\t\t<\/div>\n\t\t\t\t<div class=\"elementor-element elementor-element-3b76f71 elementor-widget elementor-widget-text-editor\" data-id=\"3b76f71\" data-element_type=\"widget\" data-e-type=\"widget\" data-widget_type=\"text-editor.default\">\n\t\t\t\t\t\t\t\t\tLorsque la bague contient plus de deux lettres (CPFA LLLL), elle provient probablement d\u2019un club sp\u00e9cialis\u00e9 et la bague devrait porter les initiales de l\u2019un d\u2019entre eux. Vous devrez contacter leurs repr\u00e9sentants figurant sur notre page des clubs affili\u00e9s. Les initiales des bagues sont surlign\u00e9es en bleu \u00e0 c\u00f4t\u00e9 du nom du club.  \t\t\t\t\t\t\t\t<\/div>\n\t\t\t\t<div class=\"elementor-element elementor-element-739dceb elementor-widget elementor-widget-text-editor\" data-id=\"739dceb\" data-element_type=\"widget\" data-e-type=\"widget\" data-widget_type=\"text-editor.default\">\n\t\t\t\t\t\t\t\t\tLa seule autre possibilit\u00e9 est qu\u2019il s\u2019agisse d\u2019une bague ordinaire ne comportant que deux lettres suppl\u00e9mentaires (CPFA LL).\t\t\t\t\t\t\t\t<\/div>\n\t\t\t\t<div class=\"elementor-element elementor-element-53417fe elementor-widget elementor-widget-heading\" data-id=\"53417fe\" data-element_type=\"widget\" data-e-type=\"widget\" data-widget_type=\"heading.default\">\n\t\t\t\t\t<h4 class=\"elementor-heading-title elementor-size-default\">Voici la marche \u00e0 suivre.<\/h4>\t\t\t\t<\/div>\n\t\t\t\t<div class=\"elementor-element elementor-element-556daa9 premium-type-column elementor-widget elementor-widget-premium-icon-list\" data-id=\"556daa9\" data-element_type=\"widget\" data-e-type=\"widget\" data-settings=\"{&quot;rbadges_repeater&quot;:[]}\" data-widget_type=\"premium-icon-list.default\">\n\t\t\t\t\t\t\t\t<ul class=\"premium-bullet-list-box\">\n\t\t\t\t\n\t\t\t\t\t\t\t<li class=\"premium-bullet-list-content elementor-repeater-item-4b4fab2\">\n\t\t\t\t\t\t\t\t<div class=\"premium-bullet-list-text\">\n\t\t\t\t\t\t\t\t\t\t\t\t\t\t\t\t\t\t\t<div class=\"premium-bullet-list-wrapper\">\n\t\t\t\t\t\t\t\t\t\t\t<div class=\"premium-drawable-icon\"><i class=\"premium-svg-nodraw  ti-check\" aria-hidden=\"true\"><\/i><\/div>\t\t\t\t\t\t\t\t\t\t\t<\/div>\n\t\t\t\t\t\t\t\t\t\n\t\t\t\t\t\t\t\t\t<div class=\"premium-bullet-list-text-wrapper\">\n\t\t\t\t\t\t\t\t\t\t<span class=\"premium-bullet-text\" data-text=\"Choisissez l\u2019ann\u00e9e de la bague.\"> Choisissez l\u2019ann\u00e9e de la bague. <\/span>\t\t\t\t\t\t\t\t\t\t\t\t\t\t\t\t\t\t\t<\/div>\n\t\t\t\t\t\t\t\t<\/div>\n\n\t\t\t\t\t\t\t\t\n\t\t\t\t\t\t\t\t\n\t\t\t\t\t\t\t<\/li>\n\n\t\t\t\t\t\t\t\n\t\t\t\t\t\t\t<li class=\"premium-bullet-list-content elementor-repeater-item-e477f81\">\n\t\t\t\t\t\t\t\t<div class=\"premium-bullet-list-text\">\n\t\t\t\t\t\t\t\t\t\t\t\t\t\t\t\t\t\t\t<div class=\"premium-bullet-list-wrapper\">\n\t\t\t\t\t\t\t\t\t\t\t<div class=\"premium-drawable-icon\"><i class=\"premium-svg-nodraw  ti-check\" aria-hidden=\"true\"><\/i><\/div>\t\t\t\t\t\t\t\t\t\t\t<\/div>\n\t\t\t\t\t\t\t\t\t\n\t\t\t\t\t\t\t\t\t<div class=\"premium-bullet-list-text-wrapper\">\n\t\t\t\t\t\t\t\t\t\t<span class=\"premium-bullet-text\" data-text=\"Une liste tri\u00e9e par lettres vous sera pr\u00e9sent\u00e9e ; parcourez-la jusqu\u2019\u00e0 celles que vous recherchez.\"> Une liste tri\u00e9e par lettres vous sera pr\u00e9sent\u00e9e ; parcourez-la jusqu\u2019\u00e0 celles que vous recherchez. <\/span>\t\t\t\t\t\t\t\t\t\t\t\t\t\t\t\t\t\t\t<\/div>\n\t\t\t\t\t\t\t\t<\/div>\n\n\t\t\t\t\t\t\t\t\n\t\t\t\t\t\t\t\t\n\t\t\t\t\t\t\t<\/li>\n\n\t\t\t\t\t\t\t\n\t\t\t\t\t\t\t<li class=\"premium-bullet-list-content elementor-repeater-item-3810a2d\">\n\t\t\t\t\t\t\t\t<div class=\"premium-bullet-list-text\">\n\t\t\t\t\t\t\t\t\t\t\t\t\t\t\t\t\t\t\t<div class=\"premium-bullet-list-wrapper\">\n\t\t\t\t\t\t\t\t\t\t\t<div class=\"premium-drawable-icon\"><i class=\"premium-svg-nodraw  ti-check\" aria-hidden=\"true\"><\/i><\/div>\t\t\t\t\t\t\t\t\t\t\t<\/div>\n\t\t\t\t\t\t\t\t\t\n\t\t\t\t\t\t\t\t\t<div class=\"premium-bullet-list-text-wrapper\">\n\t\t\t\t\t\t\t\t\t\t<span class=\"premium-bullet-text\" data-text=\"\u00c0 c\u00f4t\u00e9 de chaque s\u00e9rie de lettres se trouvent le premier et le dernier num\u00e9ro d\u2019une s\u00e9rie. Le num\u00e9ro que vous recherchez doit \u00eatre inclus dans une s\u00e9rie. \"> \u00c0 c\u00f4t\u00e9 de chaque s\u00e9rie de lettres se trouvent le premier et le dernier num\u00e9ro d\u2019une s\u00e9rie. Le num\u00e9ro que vous recherchez doit \u00eatre inclus dans une s\u00e9rie.  <\/span>\t\t\t\t\t\t\t\t\t\t\t\t\t\t\t\t\t\t\t<\/div>\n\t\t\t\t\t\t\t\t<\/div>\n\n\t\t\t\t\t\t\t\t\n\t\t\t\t\t\t\t\t\n\t\t\t\t\t\t\t<\/li>\n\n\t\t\t\t\t\t\t\n\t\t\t\t\t\t\t<li class=\"premium-bullet-list-content elementor-repeater-item-c8ca786\">\n\t\t\t\t\t\t\t\t<div class=\"premium-bullet-list-text\">\n\t\t\t\t\t\t\t\t\t\t\t\t\t\t\t\t\t\t\t<div class=\"premium-bullet-list-wrapper\">\n\t\t\t\t\t\t\t\t\t\t\t<div class=\"premium-drawable-icon\"><i class=\"premium-svg-nodraw  ti-check\" aria-hidden=\"true\"><\/i><\/div>\t\t\t\t\t\t\t\t\t\t\t<\/div>\n\t\t\t\t\t\t\t\t\t\n\t\t\t\t\t\t\t\t\t<div class=\"premium-bullet-list-text-wrapper\">\n\t\t\t\t\t\t\t\t\t\t<span class=\"premium-bullet-text\" data-text=\"Par exemple, si vous recherchez CPFA 2021 FA 36, il fera partie de la s\u00e9rie FA 0 \u2013 59 pour l\u2019ann\u00e9e 2021. Sur cette m\u00eame ligne est identifi\u00e9 l\u2019acheteur de la bague, dans ce cas : Gilles Boudrias \"> Par exemple, si vous recherchez CPFA 2021 FA 36, il fera partie de la s\u00e9rie FA 0 \u2013 59 pour l\u2019ann\u00e9e 2021. Sur cette m\u00eame ligne est identifi\u00e9 l\u2019acheteur de la bague, dans ce cas : Gilles Boudrias  <\/span>\t\t\t\t\t\t\t\t\t\t\t\t\t\t\t\t\t\t\t<\/div>\n\t\t\t\t\t\t\t\t<\/div>\n\n\t\t\t\t\t\t\t\t\n\t\t\t\t\t\t\t\t\n\t\t\t\t\t\t\t<\/li>\n\n\t\t\t\t\t\t\t\t\t\t<\/ul>\n\t\t\t\t\t\t<\/div>\n\t\t<div class=\"elementor-element elementor-element-9bfad08 e-grid e-con-full e-con e-child\" data-id=\"9bfad08\" data-element_type=\"container\" data-e-type=\"container\">\n\t\t\t\t<div class=\"elementor-element elementor-element-8b2ad2d elementor-align-center elementor-widget elementor-widget-button\" data-id=\"8b2ad2d\" data-element_type=\"widget\" data-e-type=\"widget\" data-settings=\"{&quot;_animation&quot;:&quot;none&quot;}\" data-widget_type=\"button.default\">\n\t\t\t\t\t\t\t\t\t\t<a class=\"elementor-button elementor-button-link elementor-size-sm\" href=\"\/wp-content\/uploads\/2026\/03\/2025.pdf\" target=\"_blank\">\n\t\t\t\t\t\t<span class=\"elementor-button-content-wrapper\">\n\t\t\t\t\t\t\t\t\t<span class=\"elementor-button-text\">2025<\/span>\n\t\t\t\t\t<\/span>\n\t\t\t\t\t<\/a>\n\t\t\t\t\t\t\t\t<\/div>\n\t\t\t\t<div class=\"elementor-element elementor-element-c0e8790 elementor-align-center elementor-widget elementor-widget-button\" data-id=\"c0e8790\" data-element_type=\"widget\" data-e-type=\"widget\" data-settings=\"{&quot;_animation&quot;:&quot;none&quot;}\" data-widget_type=\"button.default\">\n\t\t\t\t\t\t\t\t\t\t<a class=\"elementor-button elementor-button-link elementor-size-sm\" href=\"\/wp-content\/uploads\/2026\/03\/2024.pdf\" target=\"_blank\">\n\t\t\t\t\t\t<span class=\"elementor-button-content-wrapper\">\n\t\t\t\t\t\t\t\t\t<span class=\"elementor-button-text\">2024<\/span>\n\t\t\t\t\t<\/span>\n\t\t\t\t\t<\/a>\n\t\t\t\t\t\t\t\t<\/div>\n\t\t\t\t<div class=\"elementor-element elementor-element-9c418fe elementor-align-center elementor-widget elementor-widget-button\" data-id=\"9c418fe\" data-element_type=\"widget\" data-e-type=\"widget\" data-settings=\"{&quot;_animation&quot;:&quot;none&quot;}\" data-widget_type=\"button.default\">\n\t\t\t\t\t\t\t\t\t\t<a class=\"elementor-button elementor-button-link elementor-size-sm\" href=\"\/wp-content\/uploads\/2026\/03\/2023.pdf\" target=\"_blank\">\n\t\t\t\t\t\t<span class=\"elementor-button-content-wrapper\">\n\t\t\t\t\t\t\t\t\t<span class=\"elementor-button-text\">2023<\/span>\n\t\t\t\t\t<\/span>\n\t\t\t\t\t<\/a>\n\t\t\t\t\t\t\t\t<\/div>\n\t\t\t\t<div class=\"elementor-element elementor-element-b28425a elementor-align-center elementor-widget elementor-widget-button\" data-id=\"b28425a\" data-element_type=\"widget\" data-e-type=\"widget\" data-settings=\"{&quot;_animation&quot;:&quot;none&quot;}\" data-widget_type=\"button.default\">\n\t\t\t\t\t\t\t\t\t\t<a class=\"elementor-button elementor-button-link elementor-size-sm\" href=\"\/wp-content\/uploads\/2026\/03\/2022.pdf\" target=\"_blank\">\n\t\t\t\t\t\t<span class=\"elementor-button-content-wrapper\">\n\t\t\t\t\t\t\t\t\t<span class=\"elementor-button-text\">2022<\/span>\n\t\t\t\t\t<\/span>\n\t\t\t\t\t<\/a>\n\t\t\t\t\t\t\t\t<\/div>\n\t\t\t\t<div class=\"elementor-element elementor-element-3a7b3a7 elementor-align-center elementor-widget elementor-widget-button\" data-id=\"3a7b3a7\" data-element_type=\"widget\" data-e-type=\"widget\" data-settings=\"{&quot;_animation&quot;:&quot;none&quot;}\" data-widget_type=\"button.default\">\n\t\t\t\t\t\t\t\t\t\t<a class=\"elementor-button elementor-button-link elementor-size-sm\" href=\"\/wp-content\/uploads\/2026\/03\/2021.pdf\" target=\"_blank\">\n\t\t\t\t\t\t<span class=\"elementor-button-content-wrapper\">\n\t\t\t\t\t\t\t\t\t<span class=\"elementor-button-text\">2021<\/span>\n\t\t\t\t\t<\/span>\n\t\t\t\t\t<\/a>\n\t\t\t\t\t\t\t\t<\/div>\n\t\t\t\t<div class=\"elementor-element elementor-element-97a61f7 elementor-align-center elementor-widget elementor-widget-button\" data-id=\"97a61f7\" data-element_type=\"widget\" data-e-type=\"widget\" data-settings=\"{&quot;_animation&quot;:&quot;none&quot;}\" data-widget_type=\"button.default\">\n\t\t\t\t\t\t\t\t\t\t<a class=\"elementor-button elementor-button-link elementor-size-sm\" href=\"\/wp-content\/uploads\/2026\/03\/2020.pdf\" target=\"_blank\">\n\t\t\t\t\t\t<span class=\"elementor-button-content-wrapper\">\n\t\t\t\t\t\t\t\t\t<span class=\"elementor-button-text\">2020<\/span>\n\t\t\t\t\t<\/span>\n\t\t\t\t\t<\/a>\n\t\t\t\t\t\t\t\t<\/div>\n\t\t\t\t<div class=\"elementor-element elementor-element-14078bd elementor-align-center elementor-widget elementor-widget-button\" data-id=\"14078bd\" data-element_type=\"widget\" data-e-type=\"widget\" data-settings=\"{&quot;_animation&quot;:&quot;none&quot;}\" data-widget_type=\"button.default\">\n\t\t\t\t\t\t\t\t\t\t<a class=\"elementor-button elementor-button-link elementor-size-sm\" href=\"\/wp-content\/uploads\/2026\/03\/2019.pdf\" target=\"_blank\">\n\t\t\t\t\t\t<span class=\"elementor-button-content-wrapper\">\n\t\t\t\t\t\t\t\t\t<span class=\"elementor-button-text\">2019<\/span>\n\t\t\t\t\t<\/span>\n\t\t\t\t\t<\/a>\n\t\t\t\t\t\t\t\t<\/div>\n\t\t\t\t<div class=\"elementor-element elementor-element-46b9624 elementor-align-center elementor-widget elementor-widget-button\" data-id=\"46b9624\" data-element_type=\"widget\" data-e-type=\"widget\" data-settings=\"{&quot;_animation&quot;:&quot;none&quot;}\" data-widget_type=\"button.default\">\n\t\t\t\t\t\t\t\t\t\t<a class=\"elementor-button elementor-button-link elementor-size-sm\" href=\"\/wp-content\/uploads\/2026\/03\/2018.pdf\" target=\"_blank\">\n\t\t\t\t\t\t<span class=\"elementor-button-content-wrapper\">\n\t\t\t\t\t\t\t\t\t<span class=\"elementor-button-text\">2018<\/span>\n\t\t\t\t\t<\/span>\n\t\t\t\t\t<\/a>\n\t\t\t\t\t\t\t\t<\/div>\n\t\t\t\t<div class=\"elementor-element elementor-element-1345248 elementor-align-center elementor-widget elementor-widget-button\" data-id=\"1345248\" data-element_type=\"widget\" data-e-type=\"widget\" data-settings=\"{&quot;_animation&quot;:&quot;none&quot;}\" data-widget_type=\"button.default\">\n\t\t\t\t\t\t\t\t\t\t<a class=\"elementor-button elementor-button-link elementor-size-sm\" href=\"\/wp-content\/uploads\/2026\/03\/2017.pdf\" target=\"_blank\">\n\t\t\t\t\t\t<span class=\"elementor-button-content-wrapper\">\n\t\t\t\t\t\t\t\t\t<span class=\"elementor-button-text\">2017<\/span>\n\t\t\t\t\t<\/span>\n\t\t\t\t\t<\/a>\n\t\t\t\t\t\t\t\t<\/div>\n\t\t\t\t<div class=\"elementor-element elementor-element-2a27625 elementor-align-center elementor-widget elementor-widget-button\" data-id=\"2a27625\" data-element_type=\"widget\" data-e-type=\"widget\" data-settings=\"{&quot;_animation&quot;:&quot;none&quot;}\" data-widget_type=\"button.default\">\n\t\t\t\t\t\t\t\t\t\t<a class=\"elementor-button elementor-button-link elementor-size-sm\" href=\"\/wp-content\/uploads\/2026\/03\/2016.pdf\" target=\"_blank\">\n\t\t\t\t\t\t<span class=\"elementor-button-content-wrapper\">\n\t\t\t\t\t\t\t\t\t<span class=\"elementor-button-text\">2016<\/span>\n\t\t\t\t\t<\/span>\n\t\t\t\t\t<\/a>\n\t\t\t\t\t\t\t\t<\/div>\n\t\t\t\t<\/div>\n\t\t\t\t<div class=\"elementor-element elementor-element-a092aad elementor-widget elementor-widget-text-editor\" data-id=\"a092aad\" data-element_type=\"widget\" data-e-type=\"widget\" data-widget_type=\"text-editor.default\">\n\t\t\t\t\t\t\t\t\tS\u2019il s\u2019agit d\u2019une ann\u00e9e pr\u00e9c\u00e9dente, d\u2019informations confidentielles ou si la bague n\u2019a pas \u00e9t\u00e9 trouv\u00e9e, <a href=\"https:\/\/pigeonfanciers.ca\/fr\/contact\/\">contactez-nous<\/a>.\t\t\t\t\t\t\t\t<\/div>\n\t\t\t\t<\/div>\n\t\t<div class=\"elementor-element elementor-element-a696000 e-con-full e-flex e-con e-child\" data-id=\"a696000\" data-element_type=\"container\" data-e-type=\"container\">\n\t\t<div class=\"elementor-element elementor-element-dfdd2ab e-con-full e-flex e-con e-child\" data-id=\"dfdd2ab\" data-element_type=\"container\" data-e-type=\"container\">\n\t\t\t\t<div class=\"elementor-element elementor-element-1e8f925 elementor-widget__width-initial elementor-absolute elementor-invisible elementor-widget elementor-widget-spacer\" data-id=\"1e8f925\" data-element_type=\"widget\" data-e-type=\"widget\" data-settings=\"{&quot;_position&quot;:&quot;absolute&quot;,&quot;_animation&quot;:&quot;fadeInUp&quot;}\" data-widget_type=\"spacer.default\">\n\t\t\t\t\t\t\t<div class=\"elementor-spacer\">\n\t\t\t<div class=\"elementor-spacer-inner\"><\/div>\n\t\t<\/div>\n\t\t\t\t\t\t<\/div>\n\t\t\t\t<div class=\"elementor-element elementor-element-27a479b elementor-invisible elementor-widget elementor-widget-image\" data-id=\"27a479b\" data-element_type=\"widget\" data-e-type=\"widget\" data-settings=\"{&quot;_animation&quot;:&quot;fadeInDown&quot;}\" data-widget_type=\"image.default\">\n\t\t\t\t\t\t\t\t\t\t\t\t\t\t\t\t<a href=\"https:\/\/pigeonfanciers.ca\/wp-content\/uploads\/2026\/03\/pigeon47.jpg\" data-elementor-open-lightbox=\"yes\" data-elementor-lightbox-title=\"pigeon47\" data-e-action-hash=\"#elementor-action%3Aaction%3Dlightbox%26settings%3DeyJpZCI6MjM1MiwidXJsIjoiaHR0cHM6XC9cL3BpZ2VvbmZhbmNpZXJzLmNhXC93cC1jb250ZW50XC91cGxvYWRzXC8yMDI2XC8wM1wvcGlnZW9uNDcuanBnIn0%3D\">\n\t\t\t\t\t\t\t<img fetchpriority=\"high\" decoding=\"async\" width=\"381\" height=\"325\" src=\"https:\/\/pigeonfanciers.ca\/wp-content\/uploads\/2026\/03\/pigeon47.jpg\" class=\"attachment-full size-full wp-image-2352\" alt=\"\" srcset=\"https:\/\/pigeonfanciers.ca\/wp-content\/uploads\/2026\/03\/pigeon47.jpg 381w, https:\/\/pigeonfanciers.ca\/wp-content\/uploads\/2026\/03\/pigeon47-300x256.jpg 300w\" sizes=\"(max-width: 381px) 100vw, 381px\" \/>\t\t\t\t\t\t\t\t<\/a>\n\t\t\t\t\t\t\t\t\t\t\t\t\t\t\t<\/div>\n\t\t\t\t<div class=\"elementor-element elementor-element-5d80c43 elementor-invisible elementor-widget elementor-widget-image\" data-id=\"5d80c43\" data-element_type=\"widget\" data-e-type=\"widget\" data-settings=\"{&quot;_animation&quot;:&quot;fadeInRight&quot;}\" data-widget_type=\"image.default\">\n\t\t\t\t\t\t\t\t\t\t\t\t\t\t\t\t<a href=\"https:\/\/pigeonfanciers.ca\/wp-content\/uploads\/2026\/03\/pigeon1.jpg\" data-elementor-open-lightbox=\"yes\" data-elementor-lightbox-title=\"pigeon1\" data-e-action-hash=\"#elementor-action%3Aaction%3Dlightbox%26settings%3DeyJpZCI6MjM1MywidXJsIjoiaHR0cHM6XC9cL3BpZ2VvbmZhbmNpZXJzLmNhXC93cC1jb250ZW50XC91cGxvYWRzXC8yMDI2XC8wM1wvcGlnZW9uMS5qcGcifQ%3D%3D\">\n\t\t\t\t\t\t\t<img decoding=\"async\" width=\"328\" height=\"340\" src=\"https:\/\/pigeonfanciers.ca\/wp-content\/uploads\/2026\/03\/pigeon1.jpg\" class=\"attachment-full size-full wp-image-2353\" alt=\"\" srcset=\"https:\/\/pigeonfanciers.ca\/wp-content\/uploads\/2026\/03\/pigeon1.jpg 328w, https:\/\/pigeonfanciers.ca\/wp-content\/uploads\/2026\/03\/pigeon1-289x300.jpg 289w\" sizes=\"(max-width: 328px) 100vw, 328px\" \/>\t\t\t\t\t\t\t\t<\/a>\n\t\t\t\t\t\t\t\t\t\t\t\t\t\t\t<\/div>\n\t\t\t\t<\/div>\n\t\t<div class=\"elementor-element elementor-element-72662cc e-con-full e-flex e-con e-child\" data-id=\"72662cc\" data-element_type=\"container\" data-e-type=\"container\">\n\t\t\t\t<div class=\"elementor-element elementor-element-3e27479 elementor-invisible elementor-widget elementor-widget-image\" data-id=\"3e27479\" data-element_type=\"widget\" data-e-type=\"widget\" data-settings=\"{&quot;_animation&quot;:&quot;fadeInDown&quot;}\" data-widget_type=\"image.default\">\n\t\t\t\t\t\t\t\t\t\t\t\t\t\t\t\t<a href=\"https:\/\/pigeonfanciers.ca\/wp-content\/uploads\/2026\/03\/pigeon2.jpg\" data-elementor-open-lightbox=\"yes\" data-elementor-lightbox-title=\"pigeon2\" data-e-action-hash=\"#elementor-action%3Aaction%3Dlightbox%26settings%3DeyJpZCI6MjM1NCwidXJsIjoiaHR0cHM6XC9cL3BpZ2VvbmZhbmNpZXJzLmNhXC93cC1jb250ZW50XC91cGxvYWRzXC8yMDI2XC8wM1wvcGlnZW9uMi5qcGcifQ%3D%3D\">\n\t\t\t\t\t\t\t<img decoding=\"async\" width=\"360\" height=\"325\" src=\"https:\/\/pigeonfanciers.ca\/wp-content\/uploads\/2026\/03\/pigeon2.jpg\" class=\"attachment-full size-full wp-image-2354\" alt=\"\" srcset=\"https:\/\/pigeonfanciers.ca\/wp-content\/uploads\/2026\/03\/pigeon2.jpg 360w, https:\/\/pigeonfanciers.ca\/wp-content\/uploads\/2026\/03\/pigeon2-300x271.jpg 300w\" sizes=\"(max-width: 360px) 100vw, 360px\" \/>\t\t\t\t\t\t\t\t<\/a>\n\t\t\t\t\t\t\t\t\t\t\t\t\t\t\t<\/div>\n\t\t\t\t<div class=\"elementor-element elementor-element-5b6445d elementor-invisible elementor-widget elementor-widget-image\" data-id=\"5b6445d\" data-element_type=\"widget\" data-e-type=\"widget\" data-settings=\"{&quot;_animation&quot;:&quot;fadeInRight&quot;}\" data-widget_type=\"image.default\">\n\t\t\t\t\t\t\t\t\t\t\t\t\t\t\t\t<a href=\"https:\/\/pigeonfanciers.ca\/wp-content\/uploads\/2026\/03\/pigeon9.jpg\" data-elementor-open-lightbox=\"yes\" data-elementor-lightbox-title=\"pigeon9\" data-e-action-hash=\"#elementor-action%3Aaction%3Dlightbox%26settings%3DeyJpZCI6MjM1NSwidXJsIjoiaHR0cHM6XC9cL3BpZ2VvbmZhbmNpZXJzLmNhXC93cC1jb250ZW50XC91cGxvYWRzXC8yMDI2XC8wM1wvcGlnZW9uOS5qcGcifQ%3D%3D\">\n\t\t\t\t\t\t\t<img loading=\"lazy\" decoding=\"async\" width=\"360\" height=\"325\" src=\"https:\/\/pigeonfanciers.ca\/wp-content\/uploads\/2026\/03\/pigeon9.jpg\" class=\"attachment-full size-full wp-image-2355\" alt=\"\" srcset=\"https:\/\/pigeonfanciers.ca\/wp-content\/uploads\/2026\/03\/pigeon9.jpg 360w, https:\/\/pigeonfanciers.ca\/wp-content\/uploads\/2026\/03\/pigeon9-300x271.jpg 300w\" sizes=\"(max-width: 360px) 100vw, 360px\" \/>\t\t\t\t\t\t\t\t<\/a>\n\t\t\t\t\t\t\t\t\t\t\t\t\t\t\t<\/div>\n\t\t\t\t<\/div>\n\t\t\t\t<\/div>\n\t\t\t\t\t<\/div>\n\t\t\t\t<\/div>\n\t\t\t\t<\/div>\n\t\t","protected":false},"excerpt":{"rendered":"<p>Accueil Les bagues CPFA standard comportent deux lettres suppl\u00e9mentaires (CPFA LL), obligatoires pour fins d\u2019identification. Sans elles, il est impossible de retracer le propri\u00e9taire. Comment trouver le propri\u00e9taire d\u2019un pigeon portant une bague \u00ab CPFA \u00bb ? Lorsque la bague contient plus de deux lettres (CPFA LLLL), elle provient probablement d\u2019un club sp\u00e9cialis\u00e9 et la [&hellip;]<\/p>\n","protected":false},"author":1,"featured_media":0,"parent":0,"menu_order":0,"comment_status":"closed","ping_status":"closed","template":"","meta":{"footnotes":""},"class_list":["post-2356","page","type-page","status-publish","hentry"],"_links":{"self":[{"href":"https:\/\/pigeonfanciers.ca\/fr\/wp-json\/wp\/v2\/pages\/2356","targetHints":{"allow":["GET"]}}],"collection":[{"href":"https:\/\/pigeonfanciers.ca\/fr\/wp-json\/wp\/v2\/pages"}],"about":[{"href":"https:\/\/pigeonfanciers.ca\/fr\/wp-json\/wp\/v2\/types\/page"}],"author":[{"embeddable":true,"href":"https:\/\/pigeonfanciers.ca\/fr\/wp-json\/wp\/v2\/users\/1"}],"replies":[{"embeddable":true,"href":"https:\/\/pigeonfanciers.ca\/fr\/wp-json\/wp\/v2\/comments?post=2356"}],"version-history":[{"count":12,"href":"https:\/\/pigeonfanciers.ca\/fr\/wp-json\/wp\/v2\/pages\/2356\/revisions"}],"predecessor-version":[{"id":2834,"href":"https:\/\/pigeonfanciers.ca\/fr\/wp-json\/wp\/v2\/pages\/2356\/revisions\/2834"}],"wp:attachment":[{"href":"https:\/\/pigeonfanciers.ca\/fr\/wp-json\/wp\/v2\/media?parent=2356"}],"curies":[{"name":"wp","href":"https:\/\/api.w.org\/{rel}","templated":true}]}}