{"id":2336,"date":"2026-03-16T06:26:07","date_gmt":"2026-03-16T10:26:07","guid":{"rendered":"https:\/\/pigeonfanciers.ca\/liens\/"},"modified":"2026-04-07T07:04:52","modified_gmt":"2026-04-07T11:04:52","slug":"liens","status":"publish","type":"page","link":"https:\/\/pigeonfanciers.ca\/fr\/liens\/","title":{"rendered":"Liens"},"content":{"rendered":"\t\t<div data-elementor-type=\"wp-post\" data-elementor-id=\"2336\" class=\"elementor elementor-2336 elementor-147\" data-elementor-post-type=\"page\">\n\t\t\t\t<div class=\"elementor-element elementor-element-b4e9d1a e-flex e-con-boxed e-con e-parent\" data-id=\"b4e9d1a\" data-element_type=\"container\" data-e-type=\"container\" data-settings=\"{&quot;background_background&quot;:&quot;video&quot;,&quot;background_video_link&quot;:&quot;\\\/wp-content\\\/uploads\\\/2026\\\/03\\\/14.mp4&quot;,&quot;background_play_on_mobile&quot;:&quot;yes&quot;}\">\n\t\t\t\t\t<div class=\"e-con-inner\">\n\t\t<div class=\"elementor-background-video-container\">\n\t\t\t\t\t\t\t<video class=\"elementor-background-video-hosted\" role=\"presentation\" autoplay muted playsinline loop><\/video>\n\t\t\t\t\t<\/div>\t\t<div class=\"elementor-element elementor-element-98c8fd6 elementor-widget__width-initial elementor-absolute elementor-widget elementor-widget-spacer\" data-id=\"98c8fd6\" data-element_type=\"widget\" data-e-type=\"widget\" data-settings=\"{&quot;_position&quot;:&quot;absolute&quot;}\" data-widget_type=\"spacer.default\">\n\t\t\t\t\t\t\t<div class=\"elementor-spacer\">\n\t\t\t<div class=\"elementor-spacer-inner\"><\/div>\n\t\t<\/div>\n\t\t\t\t\t\t<\/div>\n\t\t\t\t<div class=\"elementor-element elementor-element-520c72e elementor-widget__width-initial elementor-absolute elementor-widget elementor-widget-spacer\" data-id=\"520c72e\" data-element_type=\"widget\" data-e-type=\"widget\" data-settings=\"{&quot;_position&quot;:&quot;absolute&quot;}\" data-widget_type=\"spacer.default\">\n\t\t\t\t\t\t\t<div class=\"elementor-spacer\">\n\t\t\t<div class=\"elementor-spacer-inner\"><\/div>\n\t\t<\/div>\n\t\t\t\t\t\t<\/div>\n\t\t\t\t<div class=\"elementor-element elementor-element-6286de3 elementor-widget__width-initial elementor-absolute elementor-widget elementor-widget-spacer\" data-id=\"6286de3\" data-element_type=\"widget\" data-e-type=\"widget\" data-settings=\"{&quot;_position&quot;:&quot;absolute&quot;}\" data-widget_type=\"spacer.default\">\n\t\t\t\t\t\t\t<div class=\"elementor-spacer\">\n\t\t\t<div class=\"elementor-spacer-inner\"><\/div>\n\t\t<\/div>\n\t\t\t\t\t\t<\/div>\n\t\t<div class=\"elementor-element elementor-element-e4018de e-flex e-con-boxed e-con e-child\" data-id=\"e4018de\" data-element_type=\"container\" data-e-type=\"container\">\n\t\t\t\t\t<div class=\"e-con-inner\">\n\t\t<div class=\"elementor-element elementor-element-e2180cc e-con-full e-flex e-con e-child\" data-id=\"e2180cc\" data-element_type=\"container\" data-e-type=\"container\">\n\t\t\t\t<div class=\"elementor-element elementor-element-dbd1485 elementor-widget__width-inherit elementor-invisible elementor-widget elementor-widget-heading\" data-id=\"dbd1485\" data-element_type=\"widget\" data-e-type=\"widget\" data-settings=\"{&quot;_animation&quot;:&quot;fadeInDown&quot;}\" data-widget_type=\"heading.default\">\n\t\t\t\t\t<h1 class=\"elementor-heading-title elementor-size-default\">Liens<\/h1>\t\t\t\t<\/div>\n\t\t\t\t<div class=\"elementor-element elementor-element-8aef879 elementor-icon-list--layout-inline elementor-widget__width-initial elementor-list-item-link-full_width elementor-invisible elementor-widget elementor-widget-icon-list\" data-id=\"8aef879\" data-element_type=\"widget\" data-e-type=\"widget\" data-settings=\"{&quot;_animation&quot;:&quot;fadeInLeft&quot;,&quot;_animation_mobile&quot;:&quot;fadeInUp&quot;}\" data-widget_type=\"icon-list.default\">\n\t\t\t\t\t\t\t<ul class=\"elementor-icon-list-items elementor-inline-items\">\n\t\t\t\t\t\t\t<li class=\"elementor-icon-list-item elementor-inline-item\">\n\t\t\t\t\t\t\t\t\t\t\t<a href=\"https:\/\/pigeonfanciers.ca\/fr\/\">\n\n\t\t\t\t\t\t\t\t\t\t\t<span class=\"elementor-icon-list-text\">Accueil<\/span>\n\t\t\t\t\t\t\t\t\t\t\t<\/a>\n\t\t\t\t\t\t\t\t\t<\/li>\n\t\t\t\t\t\t\t\t<li class=\"elementor-icon-list-item elementor-inline-item\">\n\t\t\t\t\t\t\t\t\t\t\t<span class=\"elementor-icon-list-icon\">\n\t\t\t\t\t\t\t<i aria-hidden=\"true\" class=\"lnr lnr-chevron-right\"><\/i>\t\t\t\t\t\t<\/span>\n\t\t\t\t\t\t\t\t\t\t<span class=\"elementor-icon-list-text\">Liens<\/span>\n\t\t\t\t\t\t\t\t\t<\/li>\n\t\t\t\t\t\t<\/ul>\n\t\t\t\t\t\t<\/div>\n\t\t\t\t<\/div>\n\t\t\t\t<div class=\"elementor-element elementor-element-616fae9 elementor-widget__width-initial elementor-widget-tablet__width-initial elementor-widget-mobile__width-inherit elementor-widget-divider--view-line elementor-widget elementor-widget-divider\" data-id=\"616fae9\" data-element_type=\"widget\" data-e-type=\"widget\" data-widget_type=\"divider.default\">\n\t\t\t\t\t\t\t<div class=\"elementor-divider\">\n\t\t\t<span class=\"elementor-divider-separator\">\n\t\t\t\t\t\t<\/span>\n\t\t<\/div>\n\t\t\t\t\t\t<\/div>\n\t\t\t\t<div class=\"elementor-element elementor-element-1569560 elementor-widget__width-initial elementor-widget-mobile__width-initial elementor-invisible elementor-widget elementor-widget-text-editor\" data-id=\"1569560\" data-element_type=\"widget\" data-e-type=\"widget\" data-settings=\"{&quot;_animation&quot;:&quot;fadeInUp&quot;}\" data-widget_type=\"text-editor.default\">\n\t\t\t\t\t\t\t\t\tCette page contient des liens vers des sites Web et des pages ayant trait aux Pigeons\t\t\t\t\t\t\t\t<\/div>\n\t\t\t\t\t<\/div>\n\t\t\t\t<\/div>\n\t\t\t\t\t<\/div>\n\t\t\t\t<\/div>\n\t\t<div class=\"elementor-element elementor-element-21c16f6 e-flex e-con-boxed e-con e-parent\" data-id=\"21c16f6\" data-element_type=\"container\" data-e-type=\"container\">\n\t\t\t\t\t<div class=\"e-con-inner\">\n\t\t<div class=\"elementor-element elementor-element-a95ccc7 e-con-full e-flex e-con e-child\" data-id=\"a95ccc7\" data-element_type=\"container\" data-e-type=\"container\">\n\t\t\t\t<div class=\"elementor-element elementor-element-eedce02 elementor-widget elementor-widget-heading\" data-id=\"eedce02\" data-element_type=\"widget\" data-e-type=\"widget\" data-widget_type=\"heading.default\">\n\t\t\t\t\t<h3 class=\"elementor-heading-title elementor-size-default\">Sites canadiens<\/h3>\t\t\t\t<\/div>\n\t\t<div class=\"elementor-element elementor-element-3bcbfdd e-con-full e-flex elementor-invisible e-con e-child\" data-id=\"3bcbfdd\" data-element_type=\"container\" data-e-type=\"container\" data-settings=\"{&quot;animation&quot;:&quot;fadeInRight&quot;}\">\n\t\t\t\t<div class=\"elementor-element elementor-element-ec656e0 elementor-widget elementor-widget-text-editor\" data-id=\"ec656e0\" data-element_type=\"widget\" data-e-type=\"widget\" data-widget_type=\"text-editor.default\">\n\t\t\t\t\t\t\t\t\t<ul><li><a href=\"http:\/\/www.crpu.ca\/\" target=\"_blank\" rel=\"noopener\">Canadian Racing Pigeon Union<\/a><\/li><li><a href=\"http:\/\/www.centralcanadafantailclub.ca\/\">Central Canada Fantail Club<\/a><\/li><li><a href=\"https:\/\/sites.google.com\/view\/aepqpigeonsduquebec\/home\" target=\"_blank\" rel=\"noopener\">Quebec Pigeon Breeders Association<\/a><\/li><li><a href=\"http:\/\/www.giantruntclubofcanada.com\/\">Giant Runt Club oc Canada <\/a><\/li><li><a href=\"http:\/\/www.featherfarm.ca\/\" target=\"_blank\" rel=\"noopener\">Pommer\u2019s Feather Farm<\/a><\/li><li><a href=\"http:\/\/www.angelfire.com\/bc\/Bouvreuil\/index.html\" target=\"_blank\" rel=\"noopener\">Francois Renaud (Archangels)<\/a><\/li><li><a href=\"http:\/\/apba1.tripod.com\/index.htm\" target=\"_blank\" rel=\"noopener\">Atlantic Pigeon Breeders Association<\/a><\/li><li><a href=\"http:\/\/www.vancouverfancypigeon.ca\/\" target=\"_blank\" rel=\"noopener\">Vancouver Poultry &amp; Fancy Pigeon Association<\/a><\/li><li><a href=\"http:\/\/www.nationalmodenaclub.org\/\" name=\"undefined\">National Modena Club (Canada &amp;USA)<\/a><\/li><li><a href=\"https:\/\/raymondjulien-domainedumeleze.yolasite.com\/\" target=\"_blank\" rel=\"noopener\">Raymond Julien\u2019s Website<\/a><\/li><li><a href=\"http:\/\/www.cyberquebec.ca\/_layout\/?uri=http:\/\/www.cyberquebec.ca\/pigeon\/\" target=\"_blank\" rel=\"noopener\">F\u00e9d\u00e9ration Colombophile du Qu\u00e9bec<\/a><\/li><\/ul>\t\t\t\t\t\t\t\t<\/div>\n\t\t\t\t<\/div>\n\t\t\t\t<div class=\"elementor-element elementor-element-e2df027 elementor-widget elementor-widget-heading\" data-id=\"e2df027\" data-element_type=\"widget\" data-e-type=\"widget\" data-widget_type=\"heading.default\">\n\t\t\t\t\t<h3 class=\"elementor-heading-title elementor-size-default\">Sites internationaux<\/h3>\t\t\t\t<\/div>\n\t\t<div class=\"elementor-element elementor-element-fb995bb e-con-full e-flex elementor-invisible e-con e-child\" data-id=\"fb995bb\" data-element_type=\"container\" data-e-type=\"container\" data-settings=\"{&quot;animation&quot;:&quot;fadeInRight&quot;}\">\n\t\t\t\t<div class=\"elementor-element elementor-element-8da8010 elementor-widget elementor-widget-text-editor\" data-id=\"8da8010\" data-element_type=\"widget\" data-e-type=\"widget\" data-widget_type=\"text-editor.default\">\n\t\t\t\t\t\t\t\t\t<ul><li><a href=\"http:\/\/pigeon-vole.fr\/site\/index.php\" target=\"_blank\" rel=\"noopener\">Club Fran\u00e7ais de Pigeon Culbutant et Haut Volants<\/a><\/li><li><a href=\"http:\/\/www.orientalroller.org\/\">Flying Oriental Roller Society<\/a><\/li><li><a href=\"http:\/\/pigeon-vole.fr\/site\/index.php\" target=\"_blank\" rel=\"noopener\">French Roller Club and European Clubs, very good site for rollers<\/a><\/li><li><a href=\"http:\/\/www.pigeon.org\/\" target=\"_blank\" rel=\"noopener\">American Racing Pigeon Union (AU)<\/a><\/li><li><a href=\"http:\/\/www.ifpigeon.com\/\" target=\"_blank\" rel=\"noopener\">International Federation (IF)<\/a><\/li><li><a href=\"http:\/\/www.saddlehomersusa.com\/\">Saddle Homers USA <\/a><\/li><li><a href=\"http:\/\/www.npausa.com\/\" target=\"_blank\" rel=\"noopener\">National Pigeon Association (US)<\/a><\/li><li><a href=\"http:\/\/www.pigeons-france.com\/\" target=\"_blank\" rel=\"noopener\">National Pigeon Organization \u2013 Soci\u00e9t\u00e9 National de Colombiculture (France) <\/a><\/li><li><a href=\"http:\/\/members.tripod.com\/PigeoNZ\/NPA.htm\" target=\"_blank\" rel=\"noopener\">National Pigeon Association (New Zealand)<\/a><\/li><li><a href=\"http:\/\/www.pigeons.ru\/\" target=\"_blank\" rel=\"noopener\">Pigeons in Russia <\/a><\/li><li><a href=\"http:\/\/www.sierduif.nl\/\" target=\"_blank\" rel=\"noopener\">NPA in Holland<\/a><\/li><li><a href=\"http:\/\/www.anpa.com.au\/\" target=\"_blank\" rel=\"noopener\">Australian National Pigeon Association<\/a><\/li><li><a href=\"http:\/\/www.nfpa.co.za\/\">National Fancy Pigeon Association (South Africa)<\/a><\/li><li><a href=\"http:\/\/www.vdt-online.de\/\" target=\"_blank\" rel=\"noopener\">German VDT (NPA): This site contains a tremendous number of national and international sites from countries around the world<\/a><\/li><\/ul>\t\t\t\t\t\t\t\t<\/div>\n\t\t\t\t<\/div>\n\t\t\t\t<\/div>\n\t\t<div class=\"elementor-element elementor-element-13a9029 e-con-full e-flex e-con e-child\" data-id=\"13a9029\" data-element_type=\"container\" data-e-type=\"container\">\n\t\t<div class=\"elementor-element elementor-element-51fb437 e-con-full e-flex e-con e-child\" data-id=\"51fb437\" data-element_type=\"container\" data-e-type=\"container\">\n\t\t\t\t<div class=\"elementor-element elementor-element-8457dda elementor-invisible elementor-widget elementor-widget-image\" data-id=\"8457dda\" data-element_type=\"widget\" data-e-type=\"widget\" data-settings=\"{&quot;_animation&quot;:&quot;fadeInDown&quot;}\" data-widget_type=\"image.default\">\n\t\t\t\t\t\t\t\t\t\t\t\t\t\t\t\t<a href=\"https:\/\/pigeonfanciers.ca\/wp-content\/uploads\/2026\/03\/hl-1.jpg\" data-elementor-open-lightbox=\"yes\" data-e-action-hash=\"#elementor-action%3Aaction%3Dlightbox%26settings%3DeyJpZCI6MjMzMiwidXJsIjpmYWxzZX0%3D\">\n\t\t\t\t\t\t\t<img decoding=\"async\" src=\"https:\/\/pigeonfanciers.ca\/wp-content\/uploads\/2026\/03\/hl-1.jpg\" title=\"\" alt=\"\" loading=\"lazy\" \/>\t\t\t\t\t\t\t\t<\/a>\n\t\t\t\t\t\t\t\t\t\t\t\t\t\t\t<\/div>\n\t\t\t\t<div class=\"elementor-element elementor-element-4205b9d elementor-invisible elementor-widget elementor-widget-image\" data-id=\"4205b9d\" data-element_type=\"widget\" data-e-type=\"widget\" data-settings=\"{&quot;_animation&quot;:&quot;fadeInRight&quot;}\" data-widget_type=\"image.default\">\n\t\t\t\t\t\t\t\t\t\t\t\t\t\t\t\t<a href=\"https:\/\/pigeonfanciers.ca\/wp-content\/uploads\/2026\/03\/links-1.jpg\" data-elementor-open-lightbox=\"yes\" data-e-action-hash=\"#elementor-action%3Aaction%3Dlightbox%26settings%3DeyJpZCI6MjMzMywidXJsIjpmYWxzZX0%3D\">\n\t\t\t\t\t\t\t<img decoding=\"async\" src=\"https:\/\/pigeonfanciers.ca\/wp-content\/uploads\/2026\/03\/links-1.jpg\" title=\"\" alt=\"\" loading=\"lazy\" \/>\t\t\t\t\t\t\t\t<\/a>\n\t\t\t\t\t\t\t\t\t\t\t\t\t\t\t<\/div>\n\t\t\t\t<\/div>\n\t\t<div class=\"elementor-element elementor-element-75f54b8 e-con-full e-flex e-con e-child\" data-id=\"75f54b8\" data-element_type=\"container\" data-e-type=\"container\">\n\t\t\t\t<div class=\"elementor-element elementor-element-24dd405 elementor-invisible elementor-widget elementor-widget-image\" data-id=\"24dd405\" data-element_type=\"widget\" data-e-type=\"widget\" data-settings=\"{&quot;_animation&quot;:&quot;fadeInDown&quot;}\" data-widget_type=\"image.default\">\n\t\t\t\t\t\t\t\t\t\t\t\t\t\t\t\t<a href=\"https:\/\/pigeonfanciers.ca\/wp-content\/uploads\/2026\/03\/hobby-link-2.jpg\" data-elementor-open-lightbox=\"yes\" data-e-action-hash=\"#elementor-action%3Aaction%3Dlightbox%26settings%3DeyJpZCI6MjMzNCwidXJsIjpmYWxzZX0%3D\">\n\t\t\t\t\t\t\t<img decoding=\"async\" src=\"https:\/\/pigeonfanciers.ca\/wp-content\/uploads\/2026\/03\/hobby-link-2.jpg\" title=\"\" alt=\"\" loading=\"lazy\" \/>\t\t\t\t\t\t\t\t<\/a>\n\t\t\t\t\t\t\t\t\t\t\t\t\t\t\t<\/div>\n\t\t\t\t<div class=\"elementor-element elementor-element-a7b6c63 elementor-invisible elementor-widget elementor-widget-image\" data-id=\"a7b6c63\" data-element_type=\"widget\" data-e-type=\"widget\" data-settings=\"{&quot;_animation&quot;:&quot;fadeInRight&quot;}\" data-widget_type=\"image.default\">\n\t\t\t\t\t\t\t\t\t\t\t\t\t\t\t\t<a href=\"https:\/\/pigeonfanciers.ca\/wp-content\/uploads\/2026\/03\/hl-2.jpg\" data-elementor-open-lightbox=\"yes\" data-e-action-hash=\"#elementor-action%3Aaction%3Dlightbox%26settings%3DeyJpZCI6MjI2OCwidXJsIjpmYWxzZX0%3D\">\n\t\t\t\t\t\t\t<img decoding=\"async\" src=\"https:\/\/pigeonfanciers.ca\/wp-content\/uploads\/2026\/03\/hl-2.jpg\" title=\"\" alt=\"\" loading=\"lazy\" \/>\t\t\t\t\t\t\t\t<\/a>\n\t\t\t\t\t\t\t\t\t\t\t\t\t\t\t<\/div>\n\t\t\t\t<\/div>\n\t\t\t\t<\/div>\n\t\t\t\t\t<\/div>\n\t\t\t\t<\/div>\n\t\t<div class=\"elementor-element elementor-element-97657ae e-flex e-con-boxed e-con e-parent\" data-id=\"97657ae\" data-element_type=\"container\" data-e-type=\"container\" data-settings=\"{&quot;background_background&quot;:&quot;classic&quot;}\">\n\t\t\t\t\t<div class=\"e-con-inner\">\n\t\t<div class=\"elementor-element elementor-element-3e4dfe0 e-con-full e-flex e-con e-child\" data-id=\"3e4dfe0\" data-element_type=\"container\" data-e-type=\"container\">\n\t\t\t\t<div class=\"elementor-element elementor-element-00fdbe5 elementor-widget__width-initial elementor-absolute elementor-invisible elementor-widget elementor-widget-spacer\" data-id=\"00fdbe5\" data-element_type=\"widget\" data-e-type=\"widget\" data-settings=\"{&quot;_position&quot;:&quot;absolute&quot;,&quot;_animation&quot;:&quot;fadeInUp&quot;}\" data-widget_type=\"spacer.default\">\n\t\t\t\t\t\t\t<div class=\"elementor-spacer\">\n\t\t\t<div class=\"elementor-spacer-inner\"><\/div>\n\t\t<\/div>\n\t\t\t\t\t\t<\/div>\n\t\t\t\t<div class=\"elementor-element elementor-element-e93e97b elementor-invisible elementor-widget elementor-widget-image\" data-id=\"e93e97b\" data-element_type=\"widget\" data-e-type=\"widget\" data-settings=\"{&quot;_animation&quot;:&quot;fadeInLeft&quot;}\" data-widget_type=\"image.default\">\n\t\t\t\t\t\t\t\t\t\t\t\t\t\t\t<img decoding=\"async\" src=\"https:\/\/pigeonfanciers.ca\/wp-content\/uploads\/2026\/03\/hobby-link-4.jpg\" title=\"\" alt=\"\" loading=\"lazy\" \/>\t\t\t\t\t\t\t\t\t\t\t\t\t\t\t<\/div>\n\t\t\t\t<\/div>\n\t\t<div class=\"elementor-element elementor-element-1ddb6b7 e-con-full e-flex e-con e-child\" data-id=\"1ddb6b7\" data-element_type=\"container\" data-e-type=\"container\">\n\t\t\t\t<div class=\"elementor-element elementor-element-5cf2da2 elementor-widget elementor-widget-heading\" data-id=\"5cf2da2\" data-element_type=\"widget\" data-e-type=\"widget\" data-widget_type=\"heading.default\">\n\t\t\t\t\t<h2 class=\"elementor-heading-title elementor-size-default\">Publications<\/h2>\t\t\t\t<\/div>\n\t\t<div class=\"elementor-element elementor-element-2662ed2 e-con-full e-flex elementor-invisible e-con e-child\" data-id=\"2662ed2\" data-element_type=\"container\" data-e-type=\"container\" data-settings=\"{&quot;animation&quot;:&quot;fadeInRight&quot;}\">\n\t\t\t\t<div class=\"elementor-element elementor-element-41aeda3 elementor-widget elementor-widget-text-editor\" data-id=\"41aeda3\" data-element_type=\"widget\" data-e-type=\"widget\" data-widget_type=\"text-editor.default\">\n\t\t\t\t\t\t\t\t\t<ul><li><a href=\"http:\/\/www.purebredpigeon.com\/\" target=\"_blank\" rel=\"noopener\">Purebred Pigeon<\/a><\/li><li><a href=\"http:\/\/www.aviculture-europe.nl\/\">Aviculture Europe<\/a><\/li><\/ul>\t\t\t\t\t\t\t\t<\/div>\n\t\t\t\t<\/div>\n\t\t\t\t<div class=\"elementor-element elementor-element-fa4bbb8 elementor-widget elementor-widget-heading\" data-id=\"fa4bbb8\" data-element_type=\"widget\" data-e-type=\"widget\" data-widget_type=\"heading.default\">\n\t\t\t\t\t<h2 class=\"elementor-heading-title elementor-size-default\">Fournitures pour pigeons<\/h2>\t\t\t\t<\/div>\n\t\t<div class=\"elementor-element elementor-element-dec5e8f e-con-full e-flex elementor-invisible e-con e-child\" data-id=\"dec5e8f\" data-element_type=\"container\" data-e-type=\"container\" data-settings=\"{&quot;animation&quot;:&quot;fadeInRight&quot;}\">\n\t\t\t\t<div class=\"elementor-element elementor-element-3acfdc1 elementor-widget elementor-widget-text-editor\" data-id=\"3acfdc1\" data-element_type=\"widget\" data-e-type=\"widget\" data-widget_type=\"text-editor.default\">\n\t\t\t\t\t\t\t\t\t<ul><li><a href=\"https:\/\/www.facebook.com\/fanciersspecialty\/\" target=\"_blank\" rel=\"noopener\">Fanciers Specialty Co.<\/a><\/li><li><a href=\"http:\/\/www.foyspigeonsupplies.com\/\" target=\"_blank\" rel=\"noopener\">Foy\u2019s Pigeon Supplies<\/a><\/li><li><a href=\"http:\/\/www.crpu.ca\/shop\/\" target=\"_blank\" rel=\"noopener\">Canadian Racing Pigeon Union<\/a><\/li><li><a href=\"http:\/\/www.northernsupply.50megs.com\/\">Northern Supply<\/a><\/li><li><a href=\"http:\/\/www.northstardoves.com\/\">North Star Doves<\/a><\/li><li><a href=\"http:\/\/www.pigeoncontrolresourcecentre.org\/html\/index.html\">Pigeon Control Research Centre<\/a><\/li><li><a href=\"http:\/\/www.jedds.com\/\" target=\"_blank\" rel=\"noopener\">Jedds Avian Products<\/a><\/li><li><a href=\"http:\/\/www.siegelpigeons.com\/\" target=\"_blank\" rel=\"noopener\">Siegel Pigeons Supplies<\/a><\/li><\/ul>\t\t\t\t\t\t\t\t<\/div>\n\t\t\t\t<\/div>\n\t\t\t\t<\/div>\n\t\t<div class=\"elementor-element elementor-element-7bbcfeb e-con-full e-flex e-con e-child\" data-id=\"7bbcfeb\" data-element_type=\"container\" data-e-type=\"container\">\n\t\t\t\t<div class=\"elementor-element elementor-element-c360083 elementor-widget elementor-widget-heading\" data-id=\"c360083\" data-element_type=\"widget\" data-e-type=\"widget\" data-widget_type=\"heading.default\">\n\t\t\t\t\t<h2 class=\"elementor-heading-title elementor-size-default\">G\u00e9n\u00e9tique<\/h2>\t\t\t\t<\/div>\n\t\t<div class=\"elementor-element elementor-element-f4168ff e-con-full e-flex elementor-invisible e-con e-child\" data-id=\"f4168ff\" data-element_type=\"container\" data-e-type=\"container\" data-settings=\"{&quot;animation&quot;:&quot;fadeInRight&quot;}\">\n\t\t\t\t<div class=\"elementor-element elementor-element-54df1f7 elementor-widget elementor-widget-text-editor\" data-id=\"54df1f7\" data-element_type=\"widget\" data-e-type=\"widget\" data-widget_type=\"text-editor.default\">\n\t\t\t\t\t\t\t\t\t<ul><li><a href=\"http:\/\/www.angelfire.com\/ga3\/pigeongenetics\" target=\"_blank\" rel=\"noopener\">Frank Mosca (Tremendous Information)<\/a><\/li><li><a href=\"http:\/\/barnhartlofts.com\/\" target=\"_blank\" rel=\"noopener\">Tom Barnhart\u2019s Pigeon Genetics<\/a><\/li><li><a href=\"http:\/\/www.angelfire.com\/ga\/huntleyloft\/\" target=\"_blank\" rel=\"noopener\">Ron Huntley\u2019s Rare Colored Homing Pigeons<\/a><\/li><\/ul>\t\t\t\t\t\t\t\t<\/div>\n\t\t\t\t<\/div>\n\t\t\t\t<div class=\"elementor-element elementor-element-4ca3813 elementor-widget elementor-widget-heading\" data-id=\"4ca3813\" data-element_type=\"widget\" data-e-type=\"widget\" data-widget_type=\"heading.default\">\n\t\t\t\t\t<h2 class=\"elementor-heading-title elementor-size-default\">Sites recommand\u00e9s<\/h2>\t\t\t\t<\/div>\n\t\t<div class=\"elementor-element elementor-element-a9c49f1 e-con-full e-flex elementor-invisible e-con e-child\" data-id=\"a9c49f1\" data-element_type=\"container\" data-e-type=\"container\" data-settings=\"{&quot;animation&quot;:&quot;fadeInRight&quot;}\">\n\t\t\t\t<div class=\"elementor-element elementor-element-390eae2 elementor-widget elementor-widget-text-editor\" data-id=\"390eae2\" data-element_type=\"widget\" data-e-type=\"widget\" data-widget_type=\"text-editor.default\">\n\t\t\t\t\t\t\t\t\t<ul><li><a href=\"https:\/\/www.ooma.ca\/blog\/communications-history-homing-pigeons\/\" target=\"_blank\" rel=\"noopener\">History of the Homing Pigeons<\/a><\/li><li><a href=\"http:\/\/www.dianejacky.com\/\" target=\"_blank\" rel=\"noopener\">Diane Jacky (Artist)<\/a><\/li><li><a href=\"http:\/\/www.paccomfilms.com\/\">Jim Jenner (Pigeon Films)<\/a><\/li><li><a href=\"http:\/\/nbrc.us\/\" target=\"_blank\" rel=\"noopener\">National Birmingham Roller Club<\/a><\/li><li><a href=\"http:\/\/www.angelfire.com\/ky\/longwate\/NHPC.html\" target=\"_blank\" rel=\"noopener\">National Scottish Horseman Club<\/a><\/li><li><a href=\"http:\/\/www.rarepigeons.net\/\">Rare Breeds Pigeon Club<\/a><\/li><li><a href=\"http:\/\/www.roadsideamerica.com\/pet\/martha.html\" target=\"_blank\" rel=\"noopener\">The Last Passenger Pigeon<\/a><\/li><li><a href=\"http:\/\/www.pigeoncote.com\/vet\/formulary\/formulary.html\" target=\"_blank\" rel=\"noopener\">The Pigeon Cote<\/a><\/li><\/ul>\t\t\t\t\t\t\t\t<\/div>\n\t\t\t\t<\/div>\n\t\t<div class=\"elementor-element elementor-element-1615d4a e-con-full e-flex elementor-invisible e-con e-child\" data-id=\"1615d4a\" data-element_type=\"container\" data-e-type=\"container\" data-settings=\"{&quot;animation&quot;:&quot;fadeInRight&quot;}\">\n\t\t\t\t<div class=\"elementor-element elementor-element-ad8bdce elementor-align-left elementor-widget elementor-widget-button\" data-id=\"ad8bdce\" data-element_type=\"widget\" data-e-type=\"widget\" data-settings=\"{&quot;_animation&quot;:&quot;none&quot;}\" data-widget_type=\"button.default\">\n\t\t\t\t\t\t\t\t\t\t<a class=\"elementor-button elementor-button-link elementor-size-sm\" href=\"https:\/\/pigeonfanciers.ca\/fr\/contact\/\">\n\t\t\t\t\t\t<span class=\"elementor-button-content-wrapper\">\n\t\t\t\t\t\t\t\t\t<span class=\"elementor-button-text\">Nous joindre<\/span>\n\t\t\t\t\t<\/span>\n\t\t\t\t\t<\/a>\n\t\t\t\t\t\t\t\t<\/div>\n\t\t\t\t<\/div>\n\t\t\t\t<\/div>\n\t\t\t\t\t<\/div>\n\t\t\t\t<\/div>\n\t\t\t\t<\/div>\n\t\t","protected":false},"excerpt":{"rendered":"<p>Accueil Cette page contient des liens vers des sites Web et des pages ayant trait aux Pigeons Sites canadiens Canadian Racing Pigeon Union Central Canada Fantail Club Quebec Pigeon Breeders Association Giant Runt Club oc Canada Pommer\u2019s Feather Farm Francois Renaud (Archangels) Atlantic Pigeon Breeders Association Vancouver Poultry &amp; Fancy Pigeon Association National Modena Club [&hellip;]<\/p>\n","protected":false},"author":1,"featured_media":0,"parent":0,"menu_order":0,"comment_status":"closed","ping_status":"closed","template":"","meta":{"footnotes":""},"class_list":["post-2336","page","type-page","status-publish","hentry"],"_links":{"self":[{"href":"https:\/\/pigeonfanciers.ca\/fr\/wp-json\/wp\/v2\/pages\/2336","targetHints":{"allow":["GET"]}}],"collection":[{"href":"https:\/\/pigeonfanciers.ca\/fr\/wp-json\/wp\/v2\/pages"}],"about":[{"href":"https:\/\/pigeonfanciers.ca\/fr\/wp-json\/wp\/v2\/types\/page"}],"author":[{"embeddable":true,"href":"https:\/\/pigeonfanciers.ca\/fr\/wp-json\/wp\/v2\/users\/1"}],"replies":[{"embeddable":true,"href":"https:\/\/pigeonfanciers.ca\/fr\/wp-json\/wp\/v2\/comments?post=2336"}],"version-history":[{"count":1,"href":"https:\/\/pigeonfanciers.ca\/fr\/wp-json\/wp\/v2\/pages\/2336\/revisions"}],"predecessor-version":[{"id":2339,"href":"https:\/\/pigeonfanciers.ca\/fr\/wp-json\/wp\/v2\/pages\/2336\/revisions\/2339"}],"wp:attachment":[{"href":"https:\/\/pigeonfanciers.ca\/fr\/wp-json\/wp\/v2\/media?parent=2336"}],"curies":[{"name":"wp","href":"https:\/\/api.w.org\/{rel}","templated":true}]}}