{"id":2289,"date":"2026-03-16T06:27:30","date_gmt":"2026-03-16T10:27:30","guid":{"rendered":"https:\/\/pigeonfanciers.ca\/les-amateurs\/"},"modified":"2026-04-11T04:10:58","modified_gmt":"2026-04-11T08:10:58","slug":"les-amateurs","status":"publish","type":"page","link":"https:\/\/pigeonfanciers.ca\/fr\/les-amateurs\/","title":{"rendered":"Amateurs"},"content":{"rendered":"\t\t<div data-elementor-type=\"wp-post\" data-elementor-id=\"2289\" class=\"elementor elementor-2289 elementor-151\" data-elementor-post-type=\"page\">\n\t\t\t\t<div class=\"elementor-element elementor-element-f8839be e-flex e-con-boxed e-con e-parent\" data-id=\"f8839be\" data-element_type=\"container\" data-e-type=\"container\" data-settings=\"{&quot;background_background&quot;:&quot;video&quot;,&quot;background_video_link&quot;:&quot;\\\/wp-content\\\/uploads\\\/2026\\\/04\\\/courtship-between-doves-in-the-zoo-2025-12-17-11-16-26-utc.mp4&quot;,&quot;background_play_on_mobile&quot;:&quot;yes&quot;}\">\n\t\t\t\t\t<div class=\"e-con-inner\">\n\t\t<div class=\"elementor-background-video-container\">\n\t\t\t\t\t\t\t<video class=\"elementor-background-video-hosted\" role=\"presentation\" autoplay muted playsinline loop><\/video>\n\t\t\t\t\t<\/div>\t\t<div class=\"elementor-element elementor-element-f990f95 elementor-widget__width-initial elementor-absolute elementor-widget elementor-widget-spacer\" data-id=\"f990f95\" data-element_type=\"widget\" data-e-type=\"widget\" data-settings=\"{&quot;_position&quot;:&quot;absolute&quot;}\" data-widget_type=\"spacer.default\">\n\t\t\t\t\t\t\t<div class=\"elementor-spacer\">\n\t\t\t<div class=\"elementor-spacer-inner\"><\/div>\n\t\t<\/div>\n\t\t\t\t\t\t<\/div>\n\t\t\t\t<div class=\"elementor-element elementor-element-bdb5f09 elementor-widget__width-initial elementor-absolute elementor-widget elementor-widget-spacer\" data-id=\"bdb5f09\" data-element_type=\"widget\" data-e-type=\"widget\" data-settings=\"{&quot;_position&quot;:&quot;absolute&quot;}\" data-widget_type=\"spacer.default\">\n\t\t\t\t\t\t\t<div class=\"elementor-spacer\">\n\t\t\t<div class=\"elementor-spacer-inner\"><\/div>\n\t\t<\/div>\n\t\t\t\t\t\t<\/div>\n\t\t\t\t<div class=\"elementor-element elementor-element-0eec956 elementor-widget__width-initial elementor-absolute elementor-widget elementor-widget-spacer\" data-id=\"0eec956\" data-element_type=\"widget\" data-e-type=\"widget\" data-settings=\"{&quot;_position&quot;:&quot;absolute&quot;}\" data-widget_type=\"spacer.default\">\n\t\t\t\t\t\t\t<div class=\"elementor-spacer\">\n\t\t\t<div class=\"elementor-spacer-inner\"><\/div>\n\t\t<\/div>\n\t\t\t\t\t\t<\/div>\n\t\t<div class=\"elementor-element elementor-element-88feb08 e-flex e-con-boxed e-con e-child\" data-id=\"88feb08\" data-element_type=\"container\" data-e-type=\"container\">\n\t\t\t\t\t<div class=\"e-con-inner\">\n\t\t<div class=\"elementor-element elementor-element-3fb1cd7 e-con-full e-flex e-con e-child\" data-id=\"3fb1cd7\" data-element_type=\"container\" data-e-type=\"container\">\n\t\t\t\t<div class=\"elementor-element elementor-element-e25ecae elementor-widget__width-inherit elementor-invisible elementor-widget elementor-widget-heading\" data-id=\"e25ecae\" data-element_type=\"widget\" data-e-type=\"widget\" data-settings=\"{&quot;_animation&quot;:&quot;fadeInDown&quot;}\" data-widget_type=\"heading.default\">\n\t\t\t\t\t<h1 class=\"elementor-heading-title elementor-size-default\">Amateurs<\/h1>\t\t\t\t<\/div>\n\t\t\t\t<div class=\"elementor-element elementor-element-9412b34 elementor-icon-list--layout-inline elementor-widget__width-initial elementor-list-item-link-full_width elementor-invisible elementor-widget elementor-widget-icon-list\" data-id=\"9412b34\" data-element_type=\"widget\" data-e-type=\"widget\" data-settings=\"{&quot;_animation&quot;:&quot;fadeInLeft&quot;,&quot;_animation_mobile&quot;:&quot;fadeInUp&quot;}\" data-widget_type=\"icon-list.default\">\n\t\t\t\t\t\t\t<ul class=\"elementor-icon-list-items elementor-inline-items\">\n\t\t\t\t\t\t\t<li class=\"elementor-icon-list-item elementor-inline-item\">\n\t\t\t\t\t\t\t\t\t\t\t<a href=\"https:\/\/pigeonfanciers.ca\/fr\/\">\n\n\t\t\t\t\t\t\t\t\t\t\t<span class=\"elementor-icon-list-text\">Accueil<\/span>\n\t\t\t\t\t\t\t\t\t\t\t<\/a>\n\t\t\t\t\t\t\t\t\t<\/li>\n\t\t\t\t\t\t\t\t<li class=\"elementor-icon-list-item elementor-inline-item\">\n\t\t\t\t\t\t\t\t\t\t\t<span class=\"elementor-icon-list-icon\">\n\t\t\t\t\t\t\t<i aria-hidden=\"true\" class=\"lnr lnr-chevron-right\"><\/i>\t\t\t\t\t\t<\/span>\n\t\t\t\t\t\t\t\t\t\t<span class=\"elementor-icon-list-text\">Amateurs<\/span>\n\t\t\t\t\t\t\t\t\t<\/li>\n\t\t\t\t\t\t<\/ul>\n\t\t\t\t\t\t<\/div>\n\t\t\t\t<\/div>\n\t\t\t\t<div class=\"elementor-element elementor-element-d6598bc elementor-widget__width-initial elementor-widget-tablet__width-initial elementor-widget-mobile__width-inherit elementor-widget-divider--view-line elementor-widget elementor-widget-divider\" data-id=\"d6598bc\" data-element_type=\"widget\" data-e-type=\"widget\" data-widget_type=\"divider.default\">\n\t\t\t\t\t\t\t<div class=\"elementor-divider\">\n\t\t\t<span class=\"elementor-divider-separator\">\n\t\t\t\t\t\t<\/span>\n\t\t<\/div>\n\t\t\t\t\t\t<\/div>\n\t\t\t\t<div class=\"elementor-element elementor-element-a5c7784 elementor-widget__width-initial elementor-widget-mobile__width-initial elementor-invisible elementor-widget elementor-widget-text-editor\" data-id=\"a5c7784\" data-element_type=\"widget\" data-e-type=\"widget\" data-settings=\"{&quot;_animation&quot;:&quot;fadeInUp&quot;}\" data-widget_type=\"text-editor.default\">\n\t\t\t\t\t\t\t\t\tLa liste des membres en r\u00e8gle de l\u2019ACPF est disponible sous le menu \u00ab O\u00f9 sont-ils situ\u00e9s ? \u00bb.\t\t\t\t\t\t\t\t<\/div>\n\t\t\t\t\t<\/div>\n\t\t\t\t<\/div>\n\t\t\t\t\t<\/div>\n\t\t\t\t<\/div>\n\t\t<div class=\"elementor-element elementor-element-9c1a320 e-flex e-con-boxed e-con e-parent\" data-id=\"9c1a320\" data-element_type=\"container\" data-e-type=\"container\" data-settings=\"{&quot;background_background&quot;:&quot;classic&quot;}\">\n\t\t\t\t\t<div class=\"e-con-inner\">\n\t\t<div class=\"elementor-element elementor-element-be13087 e-flex e-con-boxed e-con e-child\" data-id=\"be13087\" data-element_type=\"container\" data-e-type=\"container\">\n\t\t\t\t\t<div class=\"e-con-inner\">\n\t\t<div data-pa-eq-height=\"{&quot;targetType&quot;:&quot;widget&quot;,&quot;target&quot;:&quot;&quot;,&quot;trigger&quot;:&quot;load&quot;,&quot;enableOn&quot;:[&quot;desktop&quot;,&quot;tablet&quot;,&quot;mobile&quot;,&quot;widescreen&quot;,&quot;laptop&quot;,&quot;tablet_extra&quot;,&quot;mobile_extra&quot;]}\" class=\"elementor-element elementor-element-15f139e e-con-full premium-equal-height-yes e-flex elementor-invisible e-con e-child\" data-id=\"15f139e\" data-element_type=\"container\" data-e-type=\"container\" data-settings=\"{&quot;animation&quot;:&quot;fadeInLeft&quot;,&quot;background_background&quot;:&quot;classic&quot;,&quot;premium_eq_height_switcher&quot;:&quot;yes&quot;}\">\n\t\t\t\t<div class=\"elementor-element elementor-element-b5b1f39 elementor-widget elementor-widget-image\" data-id=\"b5b1f39\" data-element_type=\"widget\" data-e-type=\"widget\" data-widget_type=\"image.default\">\n\t\t\t\t\t\t\t\t\t\t\t\t\t\t\t\t<a href=\"https:\/\/pigeonfanciers.ca\/fanciers\/who-are-they\/\">\n\t\t\t\t\t\t\t<img fetchpriority=\"high\" decoding=\"async\" width=\"1145\" height=\"849\" src=\"https:\/\/pigeonfanciers.ca\/wp-content\/uploads\/2026\/04\/Who-are-they-2.webp\" class=\"attachment-full size-full wp-image-2573\" alt=\"\" srcset=\"https:\/\/pigeonfanciers.ca\/wp-content\/uploads\/2026\/04\/Who-are-they-2.webp 1145w, https:\/\/pigeonfanciers.ca\/wp-content\/uploads\/2026\/04\/Who-are-they-2-300x222.webp 300w, https:\/\/pigeonfanciers.ca\/wp-content\/uploads\/2026\/04\/Who-are-they-2-1024x759.webp 1024w, https:\/\/pigeonfanciers.ca\/wp-content\/uploads\/2026\/04\/Who-are-they-2-768x569.webp 768w, https:\/\/pigeonfanciers.ca\/wp-content\/uploads\/2026\/04\/Who-are-they-2-600x445.webp 600w\" sizes=\"(max-width: 1145px) 100vw, 1145px\" \/>\t\t\t\t\t\t\t\t<\/a>\n\t\t\t\t\t\t\t\t\t\t\t\t\t\t\t<\/div>\n\t\t\t\t<div class=\"elementor-element elementor-element-c95ddd3 elementor-widget elementor-widget-elementskit-heading\" data-id=\"c95ddd3\" data-element_type=\"widget\" data-e-type=\"widget\" data-widget_type=\"elementskit-heading.default\">\n\t\t\t\t\t<div class=\"ekit-wid-con\" ><div class=\"ekit-heading elementskit-section-title-wraper text_center   ekit_heading_tablet-   ekit_heading_mobile-\"><a href=\"https:\/\/pigeonfanciers.ca\/fanciers\/who-are-they\/\"><h3 class=\"ekit-heading--title elementskit-section-title \">Qui sont-ils ?<\/h3><\/a><\/div><\/div>\t\t\t\t<\/div>\n\t\t\t\t<div class=\"elementor-element elementor-element-043d591 elementor-align-center elementor-widget elementor-widget-button\" data-id=\"043d591\" data-element_type=\"widget\" data-e-type=\"widget\" data-settings=\"{&quot;_animation&quot;:&quot;none&quot;}\" data-widget_type=\"button.default\">\n\t\t\t\t\t\t\t\t\t\t<a class=\"elementor-button elementor-button-link elementor-size-sm\" href=\"https:\/\/pigeonfanciers.ca\/fr\/les-amateurs\/qui-sont-ils\/\">\n\t\t\t\t\t\t<span class=\"elementor-button-content-wrapper\">\n\t\t\t\t\t\t\t\t\t<span class=\"elementor-button-text\">En savoir plus<\/span>\n\t\t\t\t\t<\/span>\n\t\t\t\t\t<\/a>\n\t\t\t\t\t\t\t\t<\/div>\n\t\t\t\t<\/div>\n\t\t<div data-pa-eq-height=\"{&quot;targetType&quot;:&quot;widget&quot;,&quot;target&quot;:&quot;&quot;,&quot;trigger&quot;:&quot;load&quot;,&quot;enableOn&quot;:[&quot;desktop&quot;,&quot;tablet&quot;,&quot;mobile&quot;,&quot;widescreen&quot;,&quot;laptop&quot;,&quot;tablet_extra&quot;,&quot;mobile_extra&quot;]}\" class=\"elementor-element elementor-element-740c1fa e-con-full premium-equal-height-yes e-flex elementor-invisible e-con e-child\" data-id=\"740c1fa\" data-element_type=\"container\" data-e-type=\"container\" data-settings=\"{&quot;animation&quot;:&quot;fadeInRight&quot;,&quot;premium_eq_height_switcher&quot;:&quot;yes&quot;}\">\n\t\t\t\t<div class=\"elementor-element elementor-element-b319a48 elementor-widget elementor-widget-image\" data-id=\"b319a48\" data-element_type=\"widget\" data-e-type=\"widget\" data-widget_type=\"image.default\">\n\t\t\t\t\t\t\t\t\t\t\t\t\t\t\t\t<a href=\"https:\/\/pigeonfanciers.ca\/fanciers\/where-are-they-located\/\">\n\t\t\t\t\t\t\t<img decoding=\"async\" width=\"1145\" height=\"849\" src=\"https:\/\/pigeonfanciers.ca\/wp-content\/uploads\/2026\/04\/Where-are-they-Located.webp\" class=\"attachment-full size-full wp-image-2261\" alt=\"\" srcset=\"https:\/\/pigeonfanciers.ca\/wp-content\/uploads\/2026\/04\/Where-are-they-Located.webp 1145w, https:\/\/pigeonfanciers.ca\/wp-content\/uploads\/2026\/04\/Where-are-they-Located-300x222.webp 300w, https:\/\/pigeonfanciers.ca\/wp-content\/uploads\/2026\/04\/Where-are-they-Located-1024x759.webp 1024w, https:\/\/pigeonfanciers.ca\/wp-content\/uploads\/2026\/04\/Where-are-they-Located-768x569.webp 768w, https:\/\/pigeonfanciers.ca\/wp-content\/uploads\/2026\/04\/Where-are-they-Located-600x445.webp 600w\" sizes=\"(max-width: 1145px) 100vw, 1145px\" \/>\t\t\t\t\t\t\t\t<\/a>\n\t\t\t\t\t\t\t\t\t\t\t\t\t\t\t<\/div>\n\t\t\t\t<div class=\"elementor-element elementor-element-0799ac8 elementor-widget elementor-widget-elementskit-heading\" data-id=\"0799ac8\" data-element_type=\"widget\" data-e-type=\"widget\" data-widget_type=\"elementskit-heading.default\">\n\t\t\t\t\t<div class=\"ekit-wid-con\" ><div class=\"ekit-heading elementskit-section-title-wraper text_center   ekit_heading_tablet-   ekit_heading_mobile-\"><a href=\"https:\/\/pigeonfanciers.ca\/fanciers\/where-are-they-located\/\"><h3 class=\"ekit-heading--title elementskit-section-title \">O\u00f9 sont-ils situ\u00e9s ?<\/h3><\/a><\/div><\/div>\t\t\t\t<\/div>\n\t\t\t\t<div class=\"elementor-element elementor-element-aeacf36 elementor-align-center elementor-widget elementor-widget-button\" data-id=\"aeacf36\" data-element_type=\"widget\" data-e-type=\"widget\" data-settings=\"{&quot;_animation&quot;:&quot;none&quot;}\" data-widget_type=\"button.default\">\n\t\t\t\t\t\t\t\t\t\t<a class=\"elementor-button elementor-button-link elementor-size-sm\" href=\"https:\/\/pigeonfanciers.ca\/fr\/les-amateurs\/ou-sont-ils-situes\/\">\n\t\t\t\t\t\t<span class=\"elementor-button-content-wrapper\">\n\t\t\t\t\t\t\t\t\t<span class=\"elementor-button-text\">En savoir plus<\/span>\n\t\t\t\t\t<\/span>\n\t\t\t\t\t<\/a>\n\t\t\t\t\t\t\t\t<\/div>\n\t\t\t\t<\/div>\n\t\t\t\t\t<\/div>\n\t\t\t\t<\/div>\n\t\t<div class=\"elementor-element elementor-element-ad51bb3 e-con-full e-flex e-con e-child\" data-id=\"ad51bb3\" data-element_type=\"container\" data-e-type=\"container\">\n\t\t<div data-pa-eq-height=\"{&quot;targetType&quot;:&quot;widget&quot;,&quot;target&quot;:&quot;&quot;,&quot;trigger&quot;:&quot;load&quot;,&quot;enableOn&quot;:[&quot;desktop&quot;,&quot;tablet&quot;,&quot;mobile&quot;,&quot;widescreen&quot;,&quot;laptop&quot;,&quot;tablet_extra&quot;,&quot;mobile_extra&quot;]}\" class=\"elementor-element elementor-element-2ea739c e-con-full premium-equal-height-yes e-flex elementor-invisible e-con e-child\" data-id=\"2ea739c\" data-element_type=\"container\" data-e-type=\"container\" data-settings=\"{&quot;animation&quot;:&quot;fadeInLeft&quot;,&quot;premium_eq_height_switcher&quot;:&quot;yes&quot;}\">\n\t\t\t\t<div class=\"elementor-element elementor-element-e057eb4 elementor-widget elementor-widget-image\" data-id=\"e057eb4\" data-element_type=\"widget\" data-e-type=\"widget\" data-widget_type=\"image.default\">\n\t\t\t\t\t\t\t\t\t\t\t\t\t\t\t\t<a href=\"https:\/\/pigeonfanciers.ca\/fanciers\/affiliated-clubs\/\">\n\t\t\t\t\t\t\t<img decoding=\"async\" width=\"1145\" height=\"849\" src=\"https:\/\/pigeonfanciers.ca\/wp-content\/uploads\/2026\/04\/affiliated-Clubs.webp\" class=\"attachment-full size-full wp-image-2262\" alt=\"\" srcset=\"https:\/\/pigeonfanciers.ca\/wp-content\/uploads\/2026\/04\/affiliated-Clubs.webp 1145w, https:\/\/pigeonfanciers.ca\/wp-content\/uploads\/2026\/04\/affiliated-Clubs-300x222.webp 300w, https:\/\/pigeonfanciers.ca\/wp-content\/uploads\/2026\/04\/affiliated-Clubs-1024x759.webp 1024w, https:\/\/pigeonfanciers.ca\/wp-content\/uploads\/2026\/04\/affiliated-Clubs-768x569.webp 768w, https:\/\/pigeonfanciers.ca\/wp-content\/uploads\/2026\/04\/affiliated-Clubs-600x445.webp 600w\" sizes=\"(max-width: 1145px) 100vw, 1145px\" \/>\t\t\t\t\t\t\t\t<\/a>\n\t\t\t\t\t\t\t\t\t\t\t\t\t\t\t<\/div>\n\t\t\t\t<div class=\"elementor-element elementor-element-6ac31c8 elementor-widget elementor-widget-elementskit-heading\" data-id=\"6ac31c8\" data-element_type=\"widget\" data-e-type=\"widget\" data-widget_type=\"elementskit-heading.default\">\n\t\t\t\t\t<div class=\"ekit-wid-con\" ><div class=\"ekit-heading elementskit-section-title-wraper text_center   ekit_heading_tablet-   ekit_heading_mobile-\"><a href=\"https:\/\/pigeonfanciers.ca\/fanciers\/affiliated-clubs\/\"><h3 class=\"ekit-heading--title elementskit-section-title \">Clubs affili\u00e9s<\/h3><\/a><\/div><\/div>\t\t\t\t<\/div>\n\t\t\t\t<div class=\"elementor-element elementor-element-edee22d elementor-align-center elementor-widget elementor-widget-button\" data-id=\"edee22d\" data-element_type=\"widget\" data-e-type=\"widget\" data-settings=\"{&quot;_animation&quot;:&quot;none&quot;}\" data-widget_type=\"button.default\">\n\t\t\t\t\t\t\t\t\t\t<a class=\"elementor-button elementor-button-link elementor-size-sm\" href=\"https:\/\/pigeonfanciers.ca\/fr\/les-amateurs\/clubs-affilies\/\">\n\t\t\t\t\t\t<span class=\"elementor-button-content-wrapper\">\n\t\t\t\t\t\t\t\t\t<span class=\"elementor-button-text\">En savoir plus<\/span>\n\t\t\t\t\t<\/span>\n\t\t\t\t\t<\/a>\n\t\t\t\t\t\t\t\t<\/div>\n\t\t\t\t<\/div>\n\t\t<div data-pa-eq-height=\"{&quot;targetType&quot;:&quot;widget&quot;,&quot;target&quot;:&quot;&quot;,&quot;trigger&quot;:&quot;load&quot;,&quot;enableOn&quot;:[&quot;desktop&quot;,&quot;tablet&quot;,&quot;mobile&quot;,&quot;widescreen&quot;,&quot;laptop&quot;,&quot;tablet_extra&quot;,&quot;mobile_extra&quot;]}\" class=\"elementor-element elementor-element-d563811 e-con-full premium-equal-height-yes e-flex elementor-invisible e-con e-child\" data-id=\"d563811\" data-element_type=\"container\" data-e-type=\"container\" data-settings=\"{&quot;animation&quot;:&quot;fadeInRight&quot;,&quot;premium_eq_height_switcher&quot;:&quot;yes&quot;}\">\n\t\t\t\t<div class=\"elementor-element elementor-element-0e58a05 elementor-widget elementor-widget-image\" data-id=\"0e58a05\" data-element_type=\"widget\" data-e-type=\"widget\" data-widget_type=\"image.default\">\n\t\t\t\t\t\t\t\t\t\t\t\t\t\t\t\t<a href=\"https:\/\/pigeonfanciers.ca\/fanciers\/import-export-considerations\/\">\n\t\t\t\t\t\t\t<img loading=\"lazy\" decoding=\"async\" width=\"1145\" height=\"849\" src=\"https:\/\/pigeonfanciers.ca\/wp-content\/uploads\/2026\/04\/import-rexport.webp\" class=\"attachment-full size-full wp-image-2263\" alt=\"\" srcset=\"https:\/\/pigeonfanciers.ca\/wp-content\/uploads\/2026\/04\/import-rexport.webp 1145w, https:\/\/pigeonfanciers.ca\/wp-content\/uploads\/2026\/04\/import-rexport-300x222.webp 300w, https:\/\/pigeonfanciers.ca\/wp-content\/uploads\/2026\/04\/import-rexport-1024x759.webp 1024w, https:\/\/pigeonfanciers.ca\/wp-content\/uploads\/2026\/04\/import-rexport-768x569.webp 768w, https:\/\/pigeonfanciers.ca\/wp-content\/uploads\/2026\/04\/import-rexport-600x445.webp 600w\" sizes=\"(max-width: 1145px) 100vw, 1145px\" \/>\t\t\t\t\t\t\t\t<\/a>\n\t\t\t\t\t\t\t\t\t\t\t\t\t\t\t<\/div>\n\t\t\t\t<div class=\"elementor-element elementor-element-f87a287 elementor-widget elementor-widget-elementskit-heading\" data-id=\"f87a287\" data-element_type=\"widget\" data-e-type=\"widget\" data-widget_type=\"elementskit-heading.default\">\n\t\t\t\t\t<div class=\"ekit-wid-con\" ><div class=\"ekit-heading elementskit-section-title-wraper text_center   ekit_heading_tablet-   ekit_heading_mobile-\"><a href=\"https:\/\/pigeonfanciers.ca\/fanciers\/import-export-considerations\/\"><h3 class=\"ekit-heading--title elementskit-section-title \">Import \/ Export<\/h3><\/a><\/div><\/div>\t\t\t\t<\/div>\n\t\t\t\t<div class=\"elementor-element elementor-element-7bcd1ce elementor-align-center elementor-widget elementor-widget-button\" data-id=\"7bcd1ce\" data-element_type=\"widget\" data-e-type=\"widget\" data-settings=\"{&quot;_animation&quot;:&quot;none&quot;}\" data-widget_type=\"button.default\">\n\t\t\t\t\t\t\t\t\t\t<a class=\"elementor-button elementor-button-link elementor-size-sm\" href=\"https:\/\/pigeonfanciers.ca\/fr\/les-amateurs\/import-export\/\">\n\t\t\t\t\t\t<span class=\"elementor-button-content-wrapper\">\n\t\t\t\t\t\t\t\t\t<span class=\"elementor-button-text\">En savoir plus<\/span>\n\t\t\t\t\t<\/span>\n\t\t\t\t\t<\/a>\n\t\t\t\t\t\t\t\t<\/div>\n\t\t\t\t<\/div>\n\t\t\t\t<\/div>\n\t\t\t\t\t<\/div>\n\t\t\t\t<\/div>\n\t\t\t\t<\/div>\n\t\t","protected":false},"excerpt":{"rendered":"<p>Accueil La liste des membres en r\u00e8gle de l\u2019ACPF est disponible sous le menu \u00ab O\u00f9 sont-ils situ\u00e9s ? \u00bb. Qui sont-ils ? En savoir plus O\u00f9 sont-ils situ\u00e9s ? En savoir plus Clubs affili\u00e9s En savoir plus Import \/ Export En savoir plus<\/p>\n","protected":false},"author":1,"featured_media":0,"parent":0,"menu_order":0,"comment_status":"closed","ping_status":"closed","template":"","meta":{"footnotes":""},"class_list":["post-2289","page","type-page","status-publish","hentry"],"_links":{"self":[{"href":"https:\/\/pigeonfanciers.ca\/fr\/wp-json\/wp\/v2\/pages\/2289","targetHints":{"allow":["GET"]}}],"collection":[{"href":"https:\/\/pigeonfanciers.ca\/fr\/wp-json\/wp\/v2\/pages"}],"about":[{"href":"https:\/\/pigeonfanciers.ca\/fr\/wp-json\/wp\/v2\/types\/page"}],"author":[{"embeddable":true,"href":"https:\/\/pigeonfanciers.ca\/fr\/wp-json\/wp\/v2\/users\/1"}],"replies":[{"embeddable":true,"href":"https:\/\/pigeonfanciers.ca\/fr\/wp-json\/wp\/v2\/comments?post=2289"}],"version-history":[{"count":13,"href":"https:\/\/pigeonfanciers.ca\/fr\/wp-json\/wp\/v2\/pages\/2289\/revisions"}],"predecessor-version":[{"id":2577,"href":"https:\/\/pigeonfanciers.ca\/fr\/wp-json\/wp\/v2\/pages\/2289\/revisions\/2577"}],"wp:attachment":[{"href":"https:\/\/pigeonfanciers.ca\/fr\/wp-json\/wp\/v2\/media?parent=2289"}],"curies":[{"name":"wp","href":"https:\/\/api.w.org\/{rel}","templated":true}]}}