{"id":2284,"date":"2026-03-16T06:31:02","date_gmt":"2026-03-16T10:31:02","guid":{"rendered":"https:\/\/pigeonfanciers.ca\/qui-sont-ils\/"},"modified":"2026-04-15T04:35:54","modified_gmt":"2026-04-15T08:35:54","slug":"qui-sont-ils","status":"publish","type":"page","link":"https:\/\/pigeonfanciers.ca\/fr\/les-amateurs\/qui-sont-ils\/","title":{"rendered":"Qui sont-ils ?"},"content":{"rendered":"\t\t<div data-elementor-type=\"wp-post\" data-elementor-id=\"2284\" class=\"elementor elementor-2284 elementor-157\" data-elementor-post-type=\"page\">\n\t\t\t\t<div class=\"elementor-element elementor-element-7a29cbe e-flex e-con-boxed e-con e-parent\" data-id=\"7a29cbe\" data-element_type=\"container\" data-e-type=\"container\" data-settings=\"{&quot;background_background&quot;:&quot;video&quot;,&quot;background_video_link&quot;:&quot;\\\/wp-content\\\/uploads\\\/2026\\\/03\\\/4.mp4&quot;,&quot;background_play_on_mobile&quot;:&quot;yes&quot;}\">\n\t\t\t\t\t<div class=\"e-con-inner\">\n\t\t<div class=\"elementor-background-video-container\">\n\t\t\t\t\t\t\t<video class=\"elementor-background-video-hosted\" role=\"presentation\" autoplay muted playsinline loop><\/video>\n\t\t\t\t\t<\/div>\t\t<div class=\"elementor-element elementor-element-59e6c31 elementor-widget__width-initial elementor-absolute elementor-widget elementor-widget-spacer\" data-id=\"59e6c31\" data-element_type=\"widget\" data-e-type=\"widget\" data-settings=\"{&quot;_position&quot;:&quot;absolute&quot;}\" data-widget_type=\"spacer.default\">\n\t\t\t\t\t\t\t<div class=\"elementor-spacer\">\n\t\t\t<div class=\"elementor-spacer-inner\"><\/div>\n\t\t<\/div>\n\t\t\t\t\t\t<\/div>\n\t\t\t\t<div class=\"elementor-element elementor-element-1655fad elementor-widget__width-initial elementor-absolute elementor-widget elementor-widget-spacer\" data-id=\"1655fad\" data-element_type=\"widget\" data-e-type=\"widget\" data-settings=\"{&quot;_position&quot;:&quot;absolute&quot;}\" data-widget_type=\"spacer.default\">\n\t\t\t\t\t\t\t<div class=\"elementor-spacer\">\n\t\t\t<div class=\"elementor-spacer-inner\"><\/div>\n\t\t<\/div>\n\t\t\t\t\t\t<\/div>\n\t\t\t\t<div class=\"elementor-element elementor-element-0814359 elementor-widget__width-initial elementor-absolute elementor-widget elementor-widget-spacer\" data-id=\"0814359\" data-element_type=\"widget\" data-e-type=\"widget\" data-settings=\"{&quot;_position&quot;:&quot;absolute&quot;}\" data-widget_type=\"spacer.default\">\n\t\t\t\t\t\t\t<div class=\"elementor-spacer\">\n\t\t\t<div class=\"elementor-spacer-inner\"><\/div>\n\t\t<\/div>\n\t\t\t\t\t\t<\/div>\n\t\t<div class=\"elementor-element elementor-element-13a431b e-flex e-con-boxed e-con e-child\" data-id=\"13a431b\" data-element_type=\"container\" data-e-type=\"container\">\n\t\t\t\t\t<div class=\"e-con-inner\">\n\t\t<div class=\"elementor-element elementor-element-7bfb8aa e-con-full e-flex e-con e-child\" data-id=\"7bfb8aa\" data-element_type=\"container\" data-e-type=\"container\">\n\t\t\t\t<div class=\"elementor-element elementor-element-a91c9f6 elementor-widget__width-inherit elementor-invisible elementor-widget elementor-widget-heading\" data-id=\"a91c9f6\" data-element_type=\"widget\" data-e-type=\"widget\" data-settings=\"{&quot;_animation&quot;:&quot;fadeInDown&quot;}\" data-widget_type=\"heading.default\">\n\t\t\t\t\t<h1 class=\"elementor-heading-title elementor-size-default\">Qui sont-ils ?<\/h1>\t\t\t\t<\/div>\n\t\t\t\t<div class=\"elementor-element elementor-element-6b2d087 elementor-icon-list--layout-inline elementor-widget__width-initial elementor-list-item-link-full_width elementor-invisible elementor-widget elementor-widget-icon-list\" data-id=\"6b2d087\" data-element_type=\"widget\" data-e-type=\"widget\" data-settings=\"{&quot;_animation&quot;:&quot;fadeInLeft&quot;,&quot;_animation_mobile&quot;:&quot;fadeInUp&quot;}\" data-widget_type=\"icon-list.default\">\n\t\t\t\t\t\t\t<ul class=\"elementor-icon-list-items elementor-inline-items\">\n\t\t\t\t\t\t\t<li class=\"elementor-icon-list-item elementor-inline-item\">\n\t\t\t\t\t\t\t\t\t\t\t<a href=\"https:\/\/pigeonfanciers.ca\/fr\/\">\n\n\t\t\t\t\t\t\t\t\t\t\t<span class=\"elementor-icon-list-text\">Accueil<\/span>\n\t\t\t\t\t\t\t\t\t\t\t<\/a>\n\t\t\t\t\t\t\t\t\t<\/li>\n\t\t\t\t\t\t\t\t<li class=\"elementor-icon-list-item elementor-inline-item\">\n\t\t\t\t\t\t\t\t\t\t\t<a href=\"https:\/\/pigeonfanciers.ca\/fanciers\/\">\n\n\t\t\t\t\t\t\t\t\t\t\t\t<span class=\"elementor-icon-list-icon\">\n\t\t\t\t\t\t\t<i aria-hidden=\"true\" class=\"lnr lnr-chevron-right\"><\/i>\t\t\t\t\t\t<\/span>\n\t\t\t\t\t\t\t\t\t\t<span class=\"elementor-icon-list-text\">Amateurs<\/span>\n\t\t\t\t\t\t\t\t\t\t\t<\/a>\n\t\t\t\t\t\t\t\t\t<\/li>\n\t\t\t\t\t\t\t\t<li class=\"elementor-icon-list-item elementor-inline-item\">\n\t\t\t\t\t\t\t\t\t\t\t<span class=\"elementor-icon-list-icon\">\n\t\t\t\t\t\t\t<i aria-hidden=\"true\" class=\"lnr lnr-chevron-right\"><\/i>\t\t\t\t\t\t<\/span>\n\t\t\t\t\t\t\t\t\t\t<span class=\"elementor-icon-list-text\">Qui sont-ils ?<\/span>\n\t\t\t\t\t\t\t\t\t<\/li>\n\t\t\t\t\t\t<\/ul>\n\t\t\t\t\t\t<\/div>\n\t\t\t\t<\/div>\n\t\t\t\t<div class=\"elementor-element elementor-element-eca6eca elementor-widget__width-initial elementor-widget-tablet__width-initial elementor-widget-mobile__width-inherit elementor-widget-divider--view-line elementor-widget elementor-widget-divider\" data-id=\"eca6eca\" data-element_type=\"widget\" data-e-type=\"widget\" data-widget_type=\"divider.default\">\n\t\t\t\t\t\t\t<div class=\"elementor-divider\">\n\t\t\t<span class=\"elementor-divider-separator\">\n\t\t\t\t\t\t<\/span>\n\t\t<\/div>\n\t\t\t\t\t\t<\/div>\n\t\t\t\t<div class=\"elementor-element elementor-element-03f786f elementor-widget__width-initial elementor-widget-mobile__width-initial elementor-invisible elementor-widget elementor-widget-text-editor\" data-id=\"03f786f\" data-element_type=\"widget\" data-e-type=\"widget\" data-settings=\"{&quot;_animation&quot;:&quot;fadeInUp&quot;}\" data-widget_type=\"text-editor.default\">\n\t\t\t\t\t\t\t\t\tIls sont pr\u00e9sents partout au Canada; ils viennent de tous les horizons, hommes, femmes, de tous \u00e2ges et professions. Notre organisation se compose d\u2019environ 500 membres et nous invitons toute personne int\u00e9ress\u00e9e par cet oiseau fascinant, \u00e0 joindre notre organisation. Celui qui rejoint nos rangs re\u00e7oit notre magazine trimestriel et un calendrier annuel. \t\t\t\t\t\t\t\t<\/div>\n\t\t\t\t\t<\/div>\n\t\t\t\t<\/div>\n\t\t\t\t\t<\/div>\n\t\t\t\t<\/div>\n\t\t<div class=\"elementor-element elementor-element-2604223 e-flex e-con-boxed e-con e-parent\" data-id=\"2604223\" data-element_type=\"container\" data-e-type=\"container\">\n\t\t\t\t\t<div class=\"e-con-inner\">\n\t\t<div class=\"elementor-element elementor-element-4afc089 e-con-full e-flex e-con e-child\" data-id=\"4afc089\" data-element_type=\"container\" data-e-type=\"container\">\n\t\t\t\t<div class=\"elementor-element elementor-element-b98cc5c elementor-widget elementor-widget-heading\" data-id=\"b98cc5c\" data-element_type=\"widget\" data-e-type=\"widget\" data-widget_type=\"heading.default\">\n\t\t\t\t\t<h3 class=\"elementor-heading-title elementor-size-default\">Adh\u00e9sion et avantages de l'ACPF<\/h3>\t\t\t\t<\/div>\n\t\t\t\t<div class=\"elementor-element elementor-element-354b29f elementor-widget elementor-widget-text-editor\" data-id=\"354b29f\" data-element_type=\"widget\" data-e-type=\"widget\" data-widget_type=\"text-editor.default\">\n\t\t\t\t\t\t\t\t\tToute personne qui rejoint notre organisation re\u00e7oit un calendrier annuel et peut choisir de recevoir soit une version papier envoy\u00e9e par la poste, soit un acc\u00e8s \u00e0 la version num\u00e9rique de notre magazine trimestriel. Il s\u2019agit de produits de grande qualit\u00e9 pr\u00e9par\u00e9s par des b\u00e9n\u00e9voles de la CPFA. Le magazine vous permet de suivre les \u00e9v\u00e9nements importants de notre communaut\u00e9, de vous informer gr\u00e2ce \u00e0 des articles int\u00e9ressants et d\u2019acc\u00e9der \u00e0 la liste des \u00e9leveurs qui proposent des pigeons aux autres membres, ce que nous appelons le R\u00e9pertoire des \u00e9leveurs. Vous \u00eates \u00e9galement inscrit dans notre r\u00e9pertoire en ligne (si vous le souhaitez), o\u00f9 les membres peuvent s\u2019informer sur les races \u00e9lev\u00e9es et la localisation de chacun. Un outil tr\u00e8s pratique pour \u00e9tablir des contacts.\t\t\t\t\t\t\t\t<\/div>\n\t\t\t\t<div class=\"elementor-element elementor-element-da17418 elementor-widget elementor-widget-text-editor\" data-id=\"da17418\" data-element_type=\"widget\" data-e-type=\"widget\" data-widget_type=\"text-editor.default\">\n\t\t\t\t\t\t\t\t\tLes membres de l\u2019ACPF b\u00e9n\u00e9ficient \u00e9galement d\u2019un prix pr\u00e9f\u00e9rentiel sur l\u2019achat des bagues annuelles.\t\t\t\t\t\t\t\t<\/div>\n\t\t\t\t<div class=\"elementor-element elementor-element-d584007 elementor-widget elementor-widget-text-editor\" data-id=\"d584007\" data-element_type=\"widget\" data-e-type=\"widget\" data-widget_type=\"text-editor.default\">\n\t\t\t\t\t\t\t\t\tEn devenant membre, vous contribuez \u00e9galement au hobby. Votre soutien est important pour l\u2019ACPF et nous permet de mieux remplir notre mission et nos objectifs.\t\t\t\t\t\t\t\t<\/div>\n\t\t\t\t<div class=\"elementor-element elementor-element-221cdbf elementor-widget elementor-widget-heading\" data-id=\"221cdbf\" data-element_type=\"widget\" data-e-type=\"widget\" data-widget_type=\"heading.default\">\n\t\t\t\t\t<h5 class=\"elementor-heading-title elementor-size-default\">Pour plus d\u2019informations\n<\/h5>\t\t\t\t<\/div>\n\t\t\t\t<div class=\"elementor-element elementor-element-337e395 elementor-align-left elementor-widget elementor-widget-button\" data-id=\"337e395\" data-element_type=\"widget\" data-e-type=\"widget\" data-settings=\"{&quot;_animation&quot;:&quot;none&quot;}\" data-widget_type=\"button.default\">\n\t\t\t\t\t\t\t\t\t\t<a class=\"elementor-button elementor-button-link elementor-size-sm\" href=\"https:\/\/pigeonfanciers.ca\/fr\/contact\/\">\n\t\t\t\t\t\t<span class=\"elementor-button-content-wrapper\">\n\t\t\t\t\t\t\t\t\t<span class=\"elementor-button-text\">Nous contacter<\/span>\n\t\t\t\t\t<\/span>\n\t\t\t\t\t<\/a>\n\t\t\t\t\t\t\t\t<\/div>\n\t\t\t\t<\/div>\n\t\t<div class=\"elementor-element elementor-element-307e267 e-con-full e-flex e-con e-child\" data-id=\"307e267\" data-element_type=\"container\" data-e-type=\"container\">\n\t\t\t\t<div class=\"elementor-element elementor-element-2b5abf2 elementor-widget__width-initial elementor-invisible elementor-widget elementor-widget-image\" data-id=\"2b5abf2\" data-element_type=\"widget\" data-e-type=\"widget\" data-settings=\"{&quot;_animation&quot;:&quot;fadeInUp&quot;}\" data-widget_type=\"image.default\">\n\t\t\t\t\t\t\t\t\t\t\t\t\t\t\t<img fetchpriority=\"high\" decoding=\"async\" width=\"1920\" height=\"920\" src=\"https:\/\/pigeonfanciers.ca\/wp-content\/uploads\/2026\/03\/bg-affiliate.jpg\" class=\"attachment-full size-full wp-image-2271\" alt=\"\" srcset=\"https:\/\/pigeonfanciers.ca\/wp-content\/uploads\/2026\/03\/bg-affiliate.jpg 1920w, https:\/\/pigeonfanciers.ca\/wp-content\/uploads\/2026\/03\/bg-affiliate-300x144.jpg 300w, https:\/\/pigeonfanciers.ca\/wp-content\/uploads\/2026\/03\/bg-affiliate-1024x491.jpg 1024w, https:\/\/pigeonfanciers.ca\/wp-content\/uploads\/2026\/03\/bg-affiliate-768x368.jpg 768w, https:\/\/pigeonfanciers.ca\/wp-content\/uploads\/2026\/03\/bg-affiliate-1536x736.jpg 1536w, https:\/\/pigeonfanciers.ca\/wp-content\/uploads\/2026\/03\/bg-affiliate-600x288.jpg 600w\" sizes=\"(max-width: 1920px) 100vw, 1920px\" \/>\t\t\t\t\t\t\t\t\t\t\t\t\t\t\t<\/div>\n\t\t<div class=\"elementor-element elementor-element-7ba194f e-con-full e-flex e-con e-child\" data-id=\"7ba194f\" data-element_type=\"container\" data-e-type=\"container\">\n\t\t\t\t<div class=\"elementor-element elementor-element-6df6e7b elementor-invisible elementor-widget elementor-widget-image\" data-id=\"6df6e7b\" data-element_type=\"widget\" data-e-type=\"widget\" data-settings=\"{&quot;_animation&quot;:&quot;fadeInDown&quot;}\" data-widget_type=\"image.default\">\n\t\t\t\t\t\t\t\t\t\t\t\t\t\t\t\t<a href=\"https:\/\/pigeonfanciers.ca\/wp-content\/uploads\/2026\/03\/who-1.jpg\" data-elementor-open-lightbox=\"yes\" data-elementor-lightbox-title=\"who-1\" data-e-action-hash=\"#elementor-action%3Aaction%3Dlightbox%26settings%3DeyJpZCI6MjI4MSwidXJsIjoiaHR0cHM6XC9cL3BpZ2VvbmZhbmNpZXJzLmNhXC93cC1jb250ZW50XC91cGxvYWRzXC8yMDI2XC8wM1wvd2hvLTEuanBnIn0%3D\">\n\t\t\t\t\t\t\t<img decoding=\"async\" width=\"1200\" height=\"800\" src=\"https:\/\/pigeonfanciers.ca\/wp-content\/uploads\/2026\/03\/who-1.jpg\" class=\"attachment-full size-full wp-image-2281\" alt=\"\" srcset=\"https:\/\/pigeonfanciers.ca\/wp-content\/uploads\/2026\/03\/who-1.jpg 1200w, https:\/\/pigeonfanciers.ca\/wp-content\/uploads\/2026\/03\/who-1-300x200.jpg 300w, https:\/\/pigeonfanciers.ca\/wp-content\/uploads\/2026\/03\/who-1-1024x683.jpg 1024w, https:\/\/pigeonfanciers.ca\/wp-content\/uploads\/2026\/03\/who-1-768x512.jpg 768w, https:\/\/pigeonfanciers.ca\/wp-content\/uploads\/2026\/03\/who-1-600x400.jpg 600w\" sizes=\"(max-width: 1200px) 100vw, 1200px\" \/>\t\t\t\t\t\t\t\t<\/a>\n\t\t\t\t\t\t\t\t\t\t\t\t\t\t\t<\/div>\n\t\t\t\t<div class=\"elementor-element elementor-element-d9c8f2b elementor-invisible elementor-widget elementor-widget-image\" data-id=\"d9c8f2b\" data-element_type=\"widget\" data-e-type=\"widget\" data-settings=\"{&quot;_animation&quot;:&quot;fadeInRight&quot;}\" data-widget_type=\"image.default\">\n\t\t\t\t\t\t\t\t\t\t\t\t\t\t\t\t<a href=\"https:\/\/pigeonfanciers.ca\/wp-content\/uploads\/2026\/03\/who-2.jpg\" data-elementor-open-lightbox=\"yes\" data-elementor-lightbox-title=\"who-2\" data-e-action-hash=\"#elementor-action%3Aaction%3Dlightbox%26settings%3DeyJpZCI6MjI4MiwidXJsIjoiaHR0cHM6XC9cL3BpZ2VvbmZhbmNpZXJzLmNhXC93cC1jb250ZW50XC91cGxvYWRzXC8yMDI2XC8wM1wvd2hvLTIuanBnIn0%3D\">\n\t\t\t\t\t\t\t<img decoding=\"async\" width=\"1200\" height=\"800\" src=\"https:\/\/pigeonfanciers.ca\/wp-content\/uploads\/2026\/03\/who-2.jpg\" class=\"attachment-full size-full wp-image-2282\" alt=\"\" srcset=\"https:\/\/pigeonfanciers.ca\/wp-content\/uploads\/2026\/03\/who-2.jpg 1200w, https:\/\/pigeonfanciers.ca\/wp-content\/uploads\/2026\/03\/who-2-300x200.jpg 300w, https:\/\/pigeonfanciers.ca\/wp-content\/uploads\/2026\/03\/who-2-1024x683.jpg 1024w, https:\/\/pigeonfanciers.ca\/wp-content\/uploads\/2026\/03\/who-2-768x512.jpg 768w, https:\/\/pigeonfanciers.ca\/wp-content\/uploads\/2026\/03\/who-2-600x400.jpg 600w\" sizes=\"(max-width: 1200px) 100vw, 1200px\" \/>\t\t\t\t\t\t\t\t<\/a>\n\t\t\t\t\t\t\t\t\t\t\t\t\t\t\t<\/div>\n\t\t\t\t<\/div>\n\t\t\t\t<\/div>\n\t\t\t\t\t<\/div>\n\t\t\t\t<\/div>\n\t\t<div class=\"elementor-element elementor-element-ddb705e e-flex e-con-boxed e-con e-parent\" data-id=\"ddb705e\" data-element_type=\"container\" data-e-type=\"container\" data-settings=\"{&quot;background_background&quot;:&quot;classic&quot;}\">\n\t\t\t\t\t<div class=\"e-con-inner\">\n\t\t<div class=\"elementor-element elementor-element-bc7679c e-con-full e-flex e-con e-child\" data-id=\"bc7679c\" data-element_type=\"container\" data-e-type=\"container\">\n\t\t\t\t<div class=\"elementor-element elementor-element-aa028d6 elementor-widget elementor-widget-heading\" data-id=\"aa028d6\" data-element_type=\"widget\" data-e-type=\"widget\" data-widget_type=\"heading.default\">\n\t\t\t\t\t<h3 class=\"elementor-heading-title elementor-size-default\">D\u00e9finition des membres selon notre constitution<\/h3>\t\t\t\t<\/div>\n\t\t\t\t<div class=\"elementor-element elementor-element-16f9ff6 elementor-widget elementor-widget-text-editor\" data-id=\"16f9ff6\" data-element_type=\"widget\" data-e-type=\"widget\" data-widget_type=\"text-editor.default\">\n\t\t\t\t\t\t\t\t\tToute personne ou tout groupe s&rsquo;int\u00e9ressant aux PIGEONS et acceptant de se conformer aux STATUTS et R\u00c8GLEMENTS de l&rsquo;ASSOCIATION peut devenir membre dans l&rsquo;une des cat\u00e9gories offertes, sous r\u00e9serve de l&rsquo;acceptation par l&rsquo;ASSOCIATION de la demande d&rsquo;adh\u00e9sion et du paiement de la cotisation annuelle applicable :\t\t\t\t\t\t\t\t<\/div>\n\t\t\t\t<div class=\"elementor-element elementor-element-a2345b8 elementor-align-left elementor-widget elementor-widget-button\" data-id=\"a2345b8\" data-element_type=\"widget\" data-e-type=\"widget\" data-settings=\"{&quot;_animation&quot;:&quot;none&quot;}\" data-widget_type=\"button.default\">\n\t\t\t\t\t\t\t\t\t\t<a class=\"elementor-button elementor-button-link elementor-size-sm\" href=\"https:\/\/pigeonfanciers.ca\/fr\/boutique-acpf\/\">\n\t\t\t\t\t\t<span class=\"elementor-button-content-wrapper\">\n\t\t\t\t\t\t\t\t\t<span class=\"elementor-button-text\">Devenir membre<\/span>\n\t\t\t\t\t<\/span>\n\t\t\t\t\t<\/a>\n\t\t\t\t\t\t\t\t<\/div>\n\t\t\t\t<\/div>\n\t\t<div class=\"elementor-element elementor-element-93aa27b e-con-full e-flex e-con e-child\" data-id=\"93aa27b\" data-element_type=\"container\" data-e-type=\"container\">\n\t\t\t\t<div class=\"elementor-element elementor-element-50d8cca elementor-widget__width-initial elementor-absolute elementor-invisible elementor-widget elementor-widget-spacer\" data-id=\"50d8cca\" data-element_type=\"widget\" data-e-type=\"widget\" data-settings=\"{&quot;_position&quot;:&quot;absolute&quot;,&quot;_animation&quot;:&quot;fadeInUp&quot;}\" data-widget_type=\"spacer.default\">\n\t\t\t\t\t\t\t<div class=\"elementor-spacer\">\n\t\t\t<div class=\"elementor-spacer-inner\"><\/div>\n\t\t<\/div>\n\t\t\t\t\t\t<\/div>\n\t\t\t\t<div class=\"elementor-element elementor-element-cbdbc7f elementor-widget elementor-widget-image\" data-id=\"cbdbc7f\" data-element_type=\"widget\" data-e-type=\"widget\" data-widget_type=\"image.default\">\n\t\t\t\t\t\t\t\t\t\t\t\t\t\t\t<img loading=\"lazy\" decoding=\"async\" width=\"339\" height=\"325\" src=\"https:\/\/pigeonfanciers.ca\/wp-content\/uploads\/2026\/03\/pigeon38.jpg\" class=\"attachment-full size-full wp-image-2283\" alt=\"\" srcset=\"https:\/\/pigeonfanciers.ca\/wp-content\/uploads\/2026\/03\/pigeon38.jpg 339w, https:\/\/pigeonfanciers.ca\/wp-content\/uploads\/2026\/03\/pigeon38-300x288.jpg 300w\" sizes=\"(max-width: 339px) 100vw, 339px\" \/>\t\t\t\t\t\t\t\t\t\t\t\t\t\t\t<\/div>\n\t\t\t\t<\/div>\n\t\t<div class=\"elementor-element elementor-element-cd01906 e-con-full e-flex e-con e-child\" data-id=\"cd01906\" data-element_type=\"container\" data-e-type=\"container\">\n\t\t\t\t<div class=\"elementor-element elementor-element-7340bc0 premium-type-column elementor-widget elementor-widget-premium-icon-list\" data-id=\"7340bc0\" data-element_type=\"widget\" data-e-type=\"widget\" data-settings=\"{&quot;rbadges_repeater&quot;:[]}\" data-widget_type=\"premium-icon-list.default\">\n\t\t\t\t\t\t\t\t<ul class=\"premium-bullet-list-box\">\n\t\t\t\t\n\t\t\t\t\t\t\t<li class=\"premium-bullet-list-content elementor-repeater-item-4b4fab2\">\n\t\t\t\t\t\t\t\t<div class=\"premium-bullet-list-text\">\n\t\t\t\t\t\t\t\t\t\t\t\t\t\t\t\t\t\t\t<div class=\"premium-bullet-list-wrapper\">\n\t\t\t\t\t\t\t\t\t\t\t<div class=\"premium-drawable-icon\"><i class=\"premium-svg-nodraw  ti-check\" aria-hidden=\"true\"><\/i><\/div>\t\t\t\t\t\t\t\t\t\t\t<\/div>\n\t\t\t\t\t\t\t\t\t\n\t\t\t\t\t\t\t\t\t<div class=\"premium-bullet-list-text-wrapper\">\n\t\t\t\t\t\t\t\t\t\t<span class=\"premium-bullet-text\" data-text=\"Membre Adulte: toute personne physique \u00e2g\u00e9e de dix-huit ans ou plus;\"> Membre Adulte: toute personne physique \u00e2g\u00e9e de dix-huit ans ou plus; <\/span>\t\t\t\t\t\t\t\t\t\t\t\t\t\t\t\t\t\t\t<\/div>\n\t\t\t\t\t\t\t\t<\/div>\n\n\t\t\t\t\t\t\t\t\n\t\t\t\t\t\t\t\t\n\t\t\t\t\t\t\t<\/li>\n\n\t\t\t\t\t\t\t\n\t\t\t\t\t\t\t<li class=\"premium-bullet-list-content elementor-repeater-item-c2350dc\">\n\t\t\t\t\t\t\t\t<div class=\"premium-bullet-list-text\">\n\t\t\t\t\t\t\t\t\t\t\t\t\t\t\t\t\t\t\t<div class=\"premium-bullet-list-wrapper\">\n\t\t\t\t\t\t\t\t\t\t\t<div class=\"premium-drawable-icon\"><i class=\"premium-svg-nodraw  ti-check\" aria-hidden=\"true\"><\/i><\/div>\t\t\t\t\t\t\t\t\t\t\t<\/div>\n\t\t\t\t\t\t\t\t\t\n\t\t\t\t\t\t\t\t\t<div class=\"premium-bullet-list-text-wrapper\">\n\t\t\t\t\t\t\t\t\t\t<span class=\"premium-bullet-text\" data-text=\"Membre Junior: toute personne physique \u00e2g\u00e9e de moins de dix-huit ans peut \u00eatre membre \u00e0 part enti\u00e8re;\"> Membre Junior: toute personne physique \u00e2g\u00e9e de moins de dix-huit ans peut \u00eatre membre \u00e0 part enti\u00e8re; <\/span>\t\t\t\t\t\t\t\t\t\t\t\t\t\t\t\t\t\t\t<\/div>\n\t\t\t\t\t\t\t\t<\/div>\n\n\t\t\t\t\t\t\t\t\n\t\t\t\t\t\t\t\t\n\t\t\t\t\t\t\t<\/li>\n\n\t\t\t\t\t\t\t\n\t\t\t\t\t\t\t<li class=\"premium-bullet-list-content elementor-repeater-item-a008d05\">\n\t\t\t\t\t\t\t\t<div class=\"premium-bullet-list-text\">\n\t\t\t\t\t\t\t\t\t\t\t\t\t\t\t\t\t\t\t<div class=\"premium-bullet-list-wrapper\">\n\t\t\t\t\t\t\t\t\t\t\t<div class=\"premium-drawable-icon\"><i class=\"premium-svg-nodraw  ti-check\" aria-hidden=\"true\"><\/i><\/div>\t\t\t\t\t\t\t\t\t\t\t<\/div>\n\t\t\t\t\t\t\t\t\t\n\t\t\t\t\t\t\t\t\t<div class=\"premium-bullet-list-text-wrapper\">\n\t\t\t\t\t\t\t\t\t\t<span class=\"premium-bullet-text\" data-text=\"Membre Familial: tous les membres d\u2019une m\u00eame famille de personnes physiques profitent de tous les droits et privil\u00e8ges de l\u2019ASSOCIATION sauf qu\u2019ils ont collectivement une voix et re\u00e7oivent une seule copie de tout MAGAZINE publi\u00e9 par l\u2019ACPF;\"> Membre Familial: tous les membres d\u2019une m\u00eame famille de personnes physiques profitent de tous les droits et privil\u00e8ges de l\u2019ASSOCIATION sauf qu\u2019ils ont collectivement une voix et re\u00e7oivent une seule copie de tout MAGAZINE publi\u00e9 par l\u2019ACPF; <\/span>\t\t\t\t\t\t\t\t\t\t\t\t\t\t\t\t\t\t\t<\/div>\n\t\t\t\t\t\t\t\t<\/div>\n\n\t\t\t\t\t\t\t\t\n\t\t\t\t\t\t\t\t\n\t\t\t\t\t\t\t<\/li>\n\n\t\t\t\t\t\t\t\n\t\t\t\t\t\t\t<li class=\"premium-bullet-list-content elementor-repeater-item-d981da0\">\n\t\t\t\t\t\t\t\t<div class=\"premium-bullet-list-text\">\n\t\t\t\t\t\t\t\t\t\t\t\t\t\t\t\t\t\t\t<div class=\"premium-bullet-list-wrapper\">\n\t\t\t\t\t\t\t\t\t\t\t<div class=\"premium-drawable-icon\"><i class=\"premium-svg-nodraw  ti-check\" aria-hidden=\"true\"><\/i><\/div>\t\t\t\t\t\t\t\t\t\t\t<\/div>\n\t\t\t\t\t\t\t\t\t\n\t\t\t\t\t\t\t\t\t<div class=\"premium-bullet-list-text-wrapper\">\n\t\t\t\t\t\t\t\t\t\t<span class=\"premium-bullet-text\" data-text=\"Club Affili\u00e9: tout club ou association vou\u00e9 \u00e0 l\u2019\u00e9levage, au vol ou \u00e0 l\u2019exposition de PIGEONS peut devenir MEMBRE avec tous les privil\u00e8ges sauf voter, en faisant une demande d\u2019adh\u00e9sion et en payant une cotisation.\"> Club Affili\u00e9: tout club ou association vou\u00e9 \u00e0 l\u2019\u00e9levage, au vol ou \u00e0 l\u2019exposition de PIGEONS peut devenir MEMBRE avec tous les privil\u00e8ges sauf voter, en faisant une demande d\u2019adh\u00e9sion et en payant une cotisation. <\/span>\t\t\t\t\t\t\t\t\t\t\t\t\t\t\t\t\t\t\t<\/div>\n\t\t\t\t\t\t\t\t<\/div>\n\n\t\t\t\t\t\t\t\t\n\t\t\t\t\t\t\t\t\n\t\t\t\t\t\t\t<\/li>\n\n\t\t\t\t\t\t\t\t\t\t<\/ul>\n\t\t\t\t\t\t<\/div>\n\t\t\t\t<div class=\"elementor-element elementor-element-7af3bd6 elementor-widget elementor-widget-text-editor\" data-id=\"7af3bd6\" data-element_type=\"widget\" data-e-type=\"widget\" data-widget_type=\"text-editor.default\">\n\t\t\t\t\t\t\t\t\tCette derni\u00e8re cat\u00e9gorie b\u00e9n\u00e9ficie de la possibilit\u00e9 d\u2019obtenir des bagues CPFA personnalis\u00e9es au nom de leurs propres clubs. En outre, leurs noms et coordonn\u00e9es sont publi\u00e9s sur notre site Web.\t\t\t\t\t\t\t\t<\/div>\n\t\t\t\t<\/div>\n\t\t\t\t\t<\/div>\n\t\t\t\t<\/div>\n\t\t\t\t<\/div>\n\t\t","protected":false},"excerpt":{"rendered":"<p>Accueil Amateurs Ils sont pr\u00e9sents partout au Canada; ils viennent de tous les horizons, hommes, femmes, de tous \u00e2ges et professions. Notre organisation se compose d\u2019environ 500 membres et nous invitons toute personne int\u00e9ress\u00e9e par cet oiseau fascinant, \u00e0 joindre notre organisation. Celui qui rejoint nos rangs re\u00e7oit notre magazine trimestriel et un calendrier annuel. [&hellip;]<\/p>\n","protected":false},"author":1,"featured_media":0,"parent":2289,"menu_order":0,"comment_status":"closed","ping_status":"closed","template":"","meta":{"footnotes":""},"class_list":["post-2284","page","type-page","status-publish","hentry"],"_links":{"self":[{"href":"https:\/\/pigeonfanciers.ca\/fr\/wp-json\/wp\/v2\/pages\/2284","targetHints":{"allow":["GET"]}}],"collection":[{"href":"https:\/\/pigeonfanciers.ca\/fr\/wp-json\/wp\/v2\/pages"}],"about":[{"href":"https:\/\/pigeonfanciers.ca\/fr\/wp-json\/wp\/v2\/types\/page"}],"author":[{"embeddable":true,"href":"https:\/\/pigeonfanciers.ca\/fr\/wp-json\/wp\/v2\/users\/1"}],"replies":[{"embeddable":true,"href":"https:\/\/pigeonfanciers.ca\/fr\/wp-json\/wp\/v2\/comments?post=2284"}],"version-history":[{"count":13,"href":"https:\/\/pigeonfanciers.ca\/fr\/wp-json\/wp\/v2\/pages\/2284\/revisions"}],"predecessor-version":[{"id":2816,"href":"https:\/\/pigeonfanciers.ca\/fr\/wp-json\/wp\/v2\/pages\/2284\/revisions\/2816"}],"up":[{"embeddable":true,"href":"https:\/\/pigeonfanciers.ca\/fr\/wp-json\/wp\/v2\/pages\/2289"}],"wp:attachment":[{"href":"https:\/\/pigeonfanciers.ca\/fr\/wp-json\/wp\/v2\/media?parent=2284"}],"curies":[{"name":"wp","href":"https:\/\/api.w.org\/{rel}","templated":true}]}}