{"id":2265,"date":"2026-03-16T06:29:58","date_gmt":"2026-03-16T10:29:58","guid":{"rendered":"https:\/\/pigeonfanciers.ca\/clubs-affilies\/"},"modified":"2026-04-07T06:54:34","modified_gmt":"2026-04-07T10:54:34","slug":"clubs-affilies","status":"publish","type":"page","link":"https:\/\/pigeonfanciers.ca\/fr\/les-amateurs\/clubs-affilies\/","title":{"rendered":"Clubs affili\u00e9s"},"content":{"rendered":"\t\t<div data-elementor-type=\"wp-post\" data-elementor-id=\"2265\" class=\"elementor elementor-2265 elementor-153\" data-elementor-post-type=\"page\">\n\t\t\t\t<div class=\"elementor-element elementor-element-adf2d86 e-flex e-con-boxed e-con e-parent\" data-id=\"adf2d86\" data-element_type=\"container\" data-e-type=\"container\" data-settings=\"{&quot;background_background&quot;:&quot;video&quot;,&quot;background_video_link&quot;:&quot;\\\/wp-content\\\/uploads\\\/2026\\\/04\\\/Affiliated-Clubs.mp4&quot;,&quot;background_play_on_mobile&quot;:&quot;yes&quot;}\">\n\t\t\t\t\t<div class=\"e-con-inner\">\n\t\t<div class=\"elementor-background-video-container\">\n\t\t\t\t\t\t\t<video class=\"elementor-background-video-hosted\" role=\"presentation\" autoplay muted playsinline loop><\/video>\n\t\t\t\t\t<\/div>\t\t<div class=\"elementor-element elementor-element-d2da4e5 elementor-widget__width-initial elementor-absolute elementor-widget elementor-widget-spacer\" data-id=\"d2da4e5\" data-element_type=\"widget\" data-e-type=\"widget\" data-settings=\"{&quot;_position&quot;:&quot;absolute&quot;}\" data-widget_type=\"spacer.default\">\n\t\t\t\t\t\t\t<div class=\"elementor-spacer\">\n\t\t\t<div class=\"elementor-spacer-inner\"><\/div>\n\t\t<\/div>\n\t\t\t\t\t\t<\/div>\n\t\t\t\t<div class=\"elementor-element elementor-element-8b4a47a elementor-widget__width-initial elementor-absolute elementor-widget elementor-widget-spacer\" data-id=\"8b4a47a\" data-element_type=\"widget\" data-e-type=\"widget\" data-settings=\"{&quot;_position&quot;:&quot;absolute&quot;}\" data-widget_type=\"spacer.default\">\n\t\t\t\t\t\t\t<div class=\"elementor-spacer\">\n\t\t\t<div class=\"elementor-spacer-inner\"><\/div>\n\t\t<\/div>\n\t\t\t\t\t\t<\/div>\n\t\t\t\t<div class=\"elementor-element elementor-element-0186654 elementor-widget__width-initial elementor-absolute elementor-widget elementor-widget-spacer\" data-id=\"0186654\" data-element_type=\"widget\" data-e-type=\"widget\" data-settings=\"{&quot;_position&quot;:&quot;absolute&quot;}\" data-widget_type=\"spacer.default\">\n\t\t\t\t\t\t\t<div class=\"elementor-spacer\">\n\t\t\t<div class=\"elementor-spacer-inner\"><\/div>\n\t\t<\/div>\n\t\t\t\t\t\t<\/div>\n\t\t<div class=\"elementor-element elementor-element-e56c151 e-flex e-con-boxed e-con e-child\" data-id=\"e56c151\" data-element_type=\"container\" data-e-type=\"container\">\n\t\t\t\t\t<div class=\"e-con-inner\">\n\t\t<div class=\"elementor-element elementor-element-6db3fb0 e-con-full e-flex e-con e-child\" data-id=\"6db3fb0\" data-element_type=\"container\" data-e-type=\"container\">\n\t\t\t\t<div class=\"elementor-element elementor-element-c4a6898 elementor-widget__width-inherit elementor-invisible elementor-widget elementor-widget-heading\" data-id=\"c4a6898\" data-element_type=\"widget\" data-e-type=\"widget\" data-settings=\"{&quot;_animation&quot;:&quot;fadeInDown&quot;}\" data-widget_type=\"heading.default\">\n\t\t\t\t\t<h1 class=\"elementor-heading-title elementor-size-default\">Clubs affili\u00e9s<\/h1>\t\t\t\t<\/div>\n\t\t\t\t<div class=\"elementor-element elementor-element-713841b elementor-icon-list--layout-inline elementor-widget__width-initial elementor-list-item-link-full_width elementor-invisible elementor-widget elementor-widget-icon-list\" data-id=\"713841b\" data-element_type=\"widget\" data-e-type=\"widget\" data-settings=\"{&quot;_animation&quot;:&quot;fadeInLeft&quot;,&quot;_animation_mobile&quot;:&quot;fadeInUp&quot;}\" data-widget_type=\"icon-list.default\">\n\t\t\t\t\t\t\t<ul class=\"elementor-icon-list-items elementor-inline-items\">\n\t\t\t\t\t\t\t<li class=\"elementor-icon-list-item elementor-inline-item\">\n\t\t\t\t\t\t\t\t\t\t\t<a href=\"https:\/\/pigeonfanciers.ca\/fr\/\">\n\n\t\t\t\t\t\t\t\t\t\t\t<span class=\"elementor-icon-list-text\">Accueil<\/span>\n\t\t\t\t\t\t\t\t\t\t\t<\/a>\n\t\t\t\t\t\t\t\t\t<\/li>\n\t\t\t\t\t\t\t\t<li class=\"elementor-icon-list-item elementor-inline-item\">\n\t\t\t\t\t\t\t\t\t\t\t<a href=\"https:\/\/pigeonfanciers.ca\/fanciers\/\">\n\n\t\t\t\t\t\t\t\t\t\t\t\t<span class=\"elementor-icon-list-icon\">\n\t\t\t\t\t\t\t<i aria-hidden=\"true\" class=\"lnr lnr-chevron-right\"><\/i>\t\t\t\t\t\t<\/span>\n\t\t\t\t\t\t\t\t\t\t<span class=\"elementor-icon-list-text\">Amateurs<\/span>\n\t\t\t\t\t\t\t\t\t\t\t<\/a>\n\t\t\t\t\t\t\t\t\t<\/li>\n\t\t\t\t\t\t\t\t<li class=\"elementor-icon-list-item elementor-inline-item\">\n\t\t\t\t\t\t\t\t\t\t\t<span class=\"elementor-icon-list-icon\">\n\t\t\t\t\t\t\t<i aria-hidden=\"true\" class=\"lnr lnr-chevron-right\"><\/i>\t\t\t\t\t\t<\/span>\n\t\t\t\t\t\t\t\t\t\t<span class=\"elementor-icon-list-text\">Clubs affili\u00e9s<\/span>\n\t\t\t\t\t\t\t\t\t<\/li>\n\t\t\t\t\t\t<\/ul>\n\t\t\t\t\t\t<\/div>\n\t\t\t\t<\/div>\n\t\t\t\t<div class=\"elementor-element elementor-element-fbfd209 elementor-widget__width-initial elementor-widget-tablet__width-initial elementor-widget-mobile__width-inherit elementor-widget-divider--view-line elementor-widget elementor-widget-divider\" data-id=\"fbfd209\" data-element_type=\"widget\" data-e-type=\"widget\" data-widget_type=\"divider.default\">\n\t\t\t\t\t\t\t<div class=\"elementor-divider\">\n\t\t\t<span class=\"elementor-divider-separator\">\n\t\t\t\t\t\t<\/span>\n\t\t<\/div>\n\t\t\t\t\t\t<\/div>\n\t\t\t\t<div class=\"elementor-element elementor-element-347000a elementor-widget__width-initial elementor-widget-mobile__width-initial elementor-invisible elementor-widget elementor-widget-text-editor\" data-id=\"347000a\" data-element_type=\"widget\" data-e-type=\"widget\" data-settings=\"{&quot;_animation&quot;:&quot;fadeInUp&quot;}\" data-widget_type=\"text-editor.default\">\n\t\t\t\t\t\t\t\t\tL\u2019Association Canadienne du Pigeon de Fantaisie, une corporation f\u00e9d\u00e9rale \u00e0 but non lucratif fond\u00e9e en 1902, dont la principale mission est de promouvoir le passe-temps de garder des pigeons partout au Canada.\t\t\t\t\t\t\t\t<\/div>\n\t\t\t\t\t<\/div>\n\t\t\t\t<\/div>\n\t\t\t\t\t<\/div>\n\t\t\t\t<\/div>\n\t\t<div class=\"elementor-element elementor-element-4aa856d e-grid e-con-boxed e-con e-parent\" data-id=\"4aa856d\" data-element_type=\"container\" data-e-type=\"container\">\n\t\t\t\t\t<div class=\"e-con-inner\">\n\t\t<div class=\"elementor-element elementor-element-1215207 e-con-full e-flex e-con e-child\" data-id=\"1215207\" data-element_type=\"container\" data-e-type=\"container\" data-settings=\"{&quot;background_background&quot;:&quot;classic&quot;}\">\n\t\t\t\t<div class=\"elementor-element elementor-element-7587a4e elementor-widget elementor-widget-heading\" data-id=\"7587a4e\" data-element_type=\"widget\" data-e-type=\"widget\" data-widget_type=\"heading.default\">\n\t\t\t\t\t<h4 class=\"elementor-heading-title elementor-size-default\">Assoc. des \u00c9leveurs de Pigeons du QC <\/h4>\t\t\t\t<\/div>\n\t\t\t\t<div class=\"elementor-element elementor-element-aa01c3f elementor-widget elementor-widget-text-editor\" data-id=\"aa01c3f\" data-element_type=\"widget\" data-e-type=\"widget\" data-widget_type=\"text-editor.default\">\n\t\t\t\t\t\t\t\t\t<p><strong>Girard, Gilbert<\/strong><br>Granby, QC<br>(438) 837-3756<br><a href=\"mailto:gilbertgirard38@gmail.com\">gilbertgirard38@gmail.com<\/a><\/p>\t\t\t\t\t\t\t\t<\/div>\n\t\t\t\t<\/div>\n\t\t<div class=\"elementor-element elementor-element-81fffd9 e-con-full e-flex e-con e-child\" data-id=\"81fffd9\" data-element_type=\"container\" data-e-type=\"container\" data-settings=\"{&quot;background_background&quot;:&quot;classic&quot;}\">\n\t\t\t\t<div class=\"elementor-element elementor-element-497bedb elementor-widget elementor-widget-heading\" data-id=\"497bedb\" data-element_type=\"widget\" data-e-type=\"widget\" data-widget_type=\"heading.default\">\n\t\t\t\t\t<h4 class=\"elementor-heading-title elementor-size-default\">Balkan Canadian Pigeon Club<\/h4>\t\t\t\t<\/div>\n\t\t\t\t<div class=\"elementor-element elementor-element-49c154f elementor-widget elementor-widget-text-editor\" data-id=\"49c154f\" data-element_type=\"widget\" data-e-type=\"widget\" data-widget_type=\"text-editor.default\">\n\t\t\t\t\t\t\t\t\t<p><strong>Grosdanis, Bob<\/strong><br>Oshawa, ON<br>(905) 438-0582<br><a href=\"mailto:bobbygrosdanis@gmail.com\">bobbygrosdanis@gmail.com<\/a><\/p>\t\t\t\t\t\t\t\t<\/div>\n\t\t\t\t<\/div>\n\t\t<div class=\"elementor-element elementor-element-bb8a11f e-con-full e-flex e-con e-child\" data-id=\"bb8a11f\" data-element_type=\"container\" data-e-type=\"container\" data-settings=\"{&quot;background_background&quot;:&quot;classic&quot;}\">\n\t\t\t\t<div class=\"elementor-element elementor-element-baa599f elementor-widget elementor-widget-heading\" data-id=\"baa599f\" data-element_type=\"widget\" data-e-type=\"widget\" data-widget_type=\"heading.default\">\n\t\t\t\t\t<h4 class=\"elementor-heading-title elementor-size-default\">Canadian Komorner Tumbler Club<\/h4>\t\t\t\t<\/div>\n\t\t\t\t<div class=\"elementor-element elementor-element-8af1dd0 elementor-widget elementor-widget-text-editor\" data-id=\"8af1dd0\" data-element_type=\"widget\" data-e-type=\"widget\" data-widget_type=\"text-editor.default\">\n\t\t\t\t\t\t\t\t\t<p><strong>Hansen, Andy<\/strong><br>Maple Ridge, BC<br>(778) 928-9351<br><a href=\"mailto:ajhansen70@gmail.com\">ajhansen70@gmail.com<\/a><\/p>\t\t\t\t\t\t\t\t<\/div>\n\t\t\t\t<\/div>\n\t\t<div class=\"elementor-element elementor-element-b1fdde7 e-con-full e-flex e-con e-child\" data-id=\"b1fdde7\" data-element_type=\"container\" data-e-type=\"container\" data-settings=\"{&quot;background_background&quot;:&quot;classic&quot;}\">\n\t\t\t\t<div class=\"elementor-element elementor-element-bcdcb6e elementor-widget elementor-widget-heading\" data-id=\"bcdcb6e\" data-element_type=\"widget\" data-e-type=\"widget\" data-widget_type=\"heading.default\">\n\t\t\t\t\t<h4 class=\"elementor-heading-title elementor-size-default\">Central Canada Fantail Club (CCFC) <\/h4>\t\t\t\t<\/div>\n\t\t\t\t<div class=\"elementor-element elementor-element-64193b4 elementor-widget elementor-widget-text-editor\" data-id=\"64193b4\" data-element_type=\"widget\" data-e-type=\"widget\" data-widget_type=\"text-editor.default\">\n\t\t\t\t\t\t\t\t\t<p><strong>Walace, Steve<\/strong><br>Tiny, ON<br>(705) 528-0728<br><a href=\"mailto:stevwallhm@rogers.com\">stevwallhm@rogers.com<\/a><\/p>\t\t\t\t\t\t\t\t<\/div>\n\t\t\t\t<\/div>\n\t\t<div class=\"elementor-element elementor-element-42f0160 e-con-full e-flex e-con e-child\" data-id=\"42f0160\" data-element_type=\"container\" data-e-type=\"container\" data-settings=\"{&quot;background_background&quot;:&quot;classic&quot;}\">\n\t\t\t\t<div class=\"elementor-element elementor-element-02b7496 elementor-widget elementor-widget-heading\" data-id=\"02b7496\" data-element_type=\"widget\" data-e-type=\"widget\" data-widget_type=\"heading.default\">\n\t\t\t\t\t<h4 class=\"elementor-heading-title elementor-size-default\">CND. National Jacobin Show Club (CNJS) <\/h4>\t\t\t\t<\/div>\n\t\t\t\t<div class=\"elementor-element elementor-element-20b3514 elementor-widget elementor-widget-text-editor\" data-id=\"20b3514\" data-element_type=\"widget\" data-e-type=\"widget\" data-widget_type=\"text-editor.default\">\n\t\t\t\t\t\t\t\t\t<p><strong>Lockrey, Bryan<\/strong><br>Seaforth, ON<br>(647) 760-8916<br><a href=\"mailto:ljutic.lockrey@hotmail.com\">ljutic.lockrey@hotmail.com<\/a><\/p>\t\t\t\t\t\t\t\t<\/div>\n\t\t\t\t<\/div>\n\t\t<div class=\"elementor-element elementor-element-dd59b4f e-con-full e-flex e-con e-child\" data-id=\"dd59b4f\" data-element_type=\"container\" data-e-type=\"container\" data-settings=\"{&quot;background_background&quot;:&quot;classic&quot;}\">\n\t\t\t\t<div class=\"elementor-element elementor-element-705fe3d elementor-widget elementor-widget-heading\" data-id=\"705fe3d\" data-element_type=\"widget\" data-e-type=\"widget\" data-widget_type=\"heading.default\">\n\t\t\t\t\t<h4 class=\"elementor-heading-title elementor-size-default\">Canadian Roller Club (CRC)<\/h4>\t\t\t\t<\/div>\n\t\t\t\t<div class=\"elementor-element elementor-element-776e2db elementor-widget elementor-widget-text-editor\" data-id=\"776e2db\" data-element_type=\"widget\" data-e-type=\"widget\" data-widget_type=\"text-editor.default\">\n\t\t\t\t\t\t\t\t\t<p><strong>Byers, Fred<\/strong><br>Hillsburgh, ON<br>(519) 855-6663<\/p>\t\t\t\t\t\t\t\t<\/div>\n\t\t\t\t<\/div>\n\t\t<div class=\"elementor-element elementor-element-dbba452 e-con-full e-flex e-con e-child\" data-id=\"dbba452\" data-element_type=\"container\" data-e-type=\"container\" data-settings=\"{&quot;background_background&quot;:&quot;classic&quot;}\">\n\t\t\t\t<div class=\"elementor-element elementor-element-6557bc1 elementor-widget elementor-widget-heading\" data-id=\"6557bc1\" data-element_type=\"widget\" data-e-type=\"widget\" data-widget_type=\"heading.default\">\n\t\t\t\t\t<h4 class=\"elementor-heading-title elementor-size-default\">CND. German Beauty Homer Club (GBBH) <\/h4>\t\t\t\t<\/div>\n\t\t\t\t<div class=\"elementor-element elementor-element-6e5db1c elementor-widget elementor-widget-text-editor\" data-id=\"6e5db1c\" data-element_type=\"widget\" data-e-type=\"widget\" data-widget_type=\"text-editor.default\">\n\t\t\t\t\t\t\t\t\t<p><strong>Lasci, Darrin<\/strong><br>Severn, ON<br>(705) 238-1292<br><a href=\"mailto:darrinlasci@hotmail.com\">darrinlasci@hotmail.com<\/a><\/p>\t\t\t\t\t\t\t\t<\/div>\n\t\t\t\t<\/div>\n\t\t<div class=\"elementor-element elementor-element-bbfeb43 e-con-full e-flex e-con e-child\" data-id=\"bbfeb43\" data-element_type=\"container\" data-e-type=\"container\" data-settings=\"{&quot;background_background&quot;:&quot;classic&quot;}\">\n\t\t\t\t<div class=\"elementor-element elementor-element-d3972ba elementor-widget elementor-widget-heading\" data-id=\"d3972ba\" data-element_type=\"widget\" data-e-type=\"widget\" data-widget_type=\"heading.default\">\n\t\t\t\t\t<h4 class=\"elementor-heading-title elementor-size-default\">Canadian Indian Fantail Club (CIFC)<\/h4>\t\t\t\t<\/div>\n\t\t\t\t<div class=\"elementor-element elementor-element-9cf8dd0 elementor-widget elementor-widget-text-editor\" data-id=\"9cf8dd0\" data-element_type=\"widget\" data-e-type=\"widget\" data-widget_type=\"text-editor.default\">\n\t\t\t\t\t\t\t\t\t<p><strong>Biffi, Angelo<\/strong><br \/>Rockwood, ON<br \/>(519) 831-8197<\/p>\t\t\t\t\t\t\t\t<\/div>\n\t\t\t\t<\/div>\n\t\t<div class=\"elementor-element elementor-element-5e61852 e-con-full e-flex e-con e-child\" data-id=\"5e61852\" data-element_type=\"container\" data-e-type=\"container\" data-settings=\"{&quot;background_background&quot;:&quot;classic&quot;}\">\n\t\t\t\t<div class=\"elementor-element elementor-element-4a12d8c elementor-widget elementor-widget-heading\" data-id=\"4a12d8c\" data-element_type=\"widget\" data-e-type=\"widget\" data-widget_type=\"heading.default\">\n\t\t\t\t\t<h4 class=\"elementor-heading-title elementor-size-default\">Club Mod\u00e8ne Qu\u00e9bec (CMQ)<\/h4>\t\t\t\t<\/div>\n\t\t\t\t<div class=\"elementor-element elementor-element-a5410b7 elementor-widget elementor-widget-text-editor\" data-id=\"a5410b7\" data-element_type=\"widget\" data-e-type=\"widget\" data-widget_type=\"text-editor.default\">\n\t\t\t\t\t\t\t\t\t<p><strong>Roy, Gerry<\/strong><br>Ripon, QC<br>(819) 428-1579<br><a href=\"mailto:gerry.roy46@gmail.com\">gerry.roy46@gmail.com<\/a><\/p>\t\t\t\t\t\t\t\t<\/div>\n\t\t\t\t<\/div>\n\t\t<div class=\"elementor-element elementor-element-746c43e e-con-full e-flex e-con e-child\" data-id=\"746c43e\" data-element_type=\"container\" data-e-type=\"container\" data-settings=\"{&quot;background_background&quot;:&quot;classic&quot;}\">\n\t\t\t\t<div class=\"elementor-element elementor-element-e1ab395 elementor-widget elementor-widget-heading\" data-id=\"e1ab395\" data-element_type=\"widget\" data-e-type=\"widget\" data-widget_type=\"heading.default\">\n\t\t\t\t\t<h4 class=\"elementor-heading-title elementor-size-default\">English Trumpeter Club of Canada (ETCC)<\/h4>\t\t\t\t<\/div>\n\t\t\t\t<div class=\"elementor-element elementor-element-bfa6e8d elementor-widget elementor-widget-text-editor\" data-id=\"bfa6e8d\" data-element_type=\"widget\" data-e-type=\"widget\" data-widget_type=\"text-editor.default\">\n\t\t\t\t\t\t\t\t\t<p><strong>Biffi, Angelo<\/strong><br>Rockwood, ON<br>(519) 831-8197<\/p>\t\t\t\t\t\t\t\t<\/div>\n\t\t\t\t<\/div>\n\t\t<div class=\"elementor-element elementor-element-ec21aec e-con-full e-flex e-con e-child\" data-id=\"ec21aec\" data-element_type=\"container\" data-e-type=\"container\" data-settings=\"{&quot;background_background&quot;:&quot;classic&quot;}\">\n\t\t\t\t<div class=\"elementor-element elementor-element-c972a8b elementor-widget elementor-widget-heading\" data-id=\"c972a8b\" data-element_type=\"widget\" data-e-type=\"widget\" data-widget_type=\"heading.default\">\n\t\t\t\t\t<h4 class=\"elementor-heading-title elementor-size-default\">Pakistan Pigeon Club of Canada (PPCC)<\/h4>\t\t\t\t<\/div>\n\t\t\t\t<div class=\"elementor-element elementor-element-f57f88a elementor-widget elementor-widget-text-editor\" data-id=\"f57f88a\" data-element_type=\"widget\" data-e-type=\"widget\" data-widget_type=\"text-editor.default\">\n\t\t\t\t\t\t\t\t\t<p><strong>Zafar, Syed<\/strong><br>East Gwillimbury, ON<br>(416) 856-2424<br><a href=\"mailto:syedahzaf@hotmail.com\">syedahzaf@hotmail.com<\/a><\/p>\t\t\t\t\t\t\t\t<\/div>\n\t\t\t\t<\/div>\n\t\t<div class=\"elementor-element elementor-element-86ec819 e-con-full e-flex e-con e-child\" data-id=\"86ec819\" data-element_type=\"container\" data-e-type=\"container\" data-settings=\"{&quot;background_background&quot;:&quot;classic&quot;}\">\n\t\t\t\t<div class=\"elementor-element elementor-element-f120d62 elementor-widget elementor-widget-heading\" data-id=\"f120d62\" data-element_type=\"widget\" data-e-type=\"widget\" data-widget_type=\"heading.default\">\n\t\t\t\t\t<h4 class=\"elementor-heading-title elementor-size-default\">Vancouver Poultry &amp; Fancy Pigeon Assoc.<\/h4>\t\t\t\t<\/div>\n\t\t\t\t<div class=\"elementor-element elementor-element-4696c7b elementor-widget elementor-widget-text-editor\" data-id=\"4696c7b\" data-element_type=\"widget\" data-e-type=\"widget\" data-widget_type=\"text-editor.default\">\n\t\t\t\t\t\t\t\t\t<p><strong>Biggs, Keith<\/strong><br>Langley, BC<br>(604) 868-9425<br><a href=\"mailto:info@vancouverfancypigeon.ca\">info@vancouverfancypigeon.ca<\/a><\/p>\t\t\t\t\t\t\t\t<\/div>\n\t\t\t\t<\/div>\n\t\t<div class=\"elementor-element elementor-element-27a1fe8 e-con-full e-flex e-con e-child\" data-id=\"27a1fe8\" data-element_type=\"container\" data-e-type=\"container\" data-settings=\"{&quot;background_background&quot;:&quot;classic&quot;}\">\n\t\t\t\t<div class=\"elementor-element elementor-element-0cd705c elementor-widget elementor-widget-heading\" data-id=\"0cd705c\" data-element_type=\"widget\" data-e-type=\"widget\" data-widget_type=\"heading.default\">\n\t\t\t\t\t<h4 class=\"elementor-heading-title elementor-size-default\">Vernon Pigeon &amp; Poultry Club<\/h4>\t\t\t\t<\/div>\n\t\t\t\t<div class=\"elementor-element elementor-element-8e360ad elementor-widget elementor-widget-text-editor\" data-id=\"8e360ad\" data-element_type=\"widget\" data-e-type=\"widget\" data-widget_type=\"text-editor.default\">\n\t\t\t\t\t\t\t\t\t<p><strong>Mazur, Joe<\/strong><br>West Kelowna, BC<br>(250) 463-3417<\/p>\t\t\t\t\t\t\t\t<\/div>\n\t\t\t\t<\/div>\n\t\t<div class=\"elementor-element elementor-element-c01bcd1 e-con-full e-flex e-con e-child\" data-id=\"c01bcd1\" data-element_type=\"container\" data-e-type=\"container\" data-settings=\"{&quot;background_background&quot;:&quot;classic&quot;}\">\n\t\t\t\t<div class=\"elementor-element elementor-element-8d5b312 elementor-widget elementor-widget-heading\" data-id=\"8d5b312\" data-element_type=\"widget\" data-e-type=\"widget\" data-widget_type=\"heading.default\">\n\t\t\t\t\t<h4 class=\"elementor-heading-title elementor-size-default\">Fraser Valley Pigeon Foundation (FVPF)<\/h4>\t\t\t\t<\/div>\n\t\t\t\t<div class=\"elementor-element elementor-element-e76369d elementor-widget elementor-widget-text-editor\" data-id=\"e76369d\" data-element_type=\"widget\" data-e-type=\"widget\" data-widget_type=\"text-editor.default\">\n\t\t\t\t\t\t\t\t\t<p><strong>Dhillon, Deepak<\/strong><br>Abbotsford BC<br>(604) 832-0480<br><a href=\"mailto:deed26@yahoo.ca\">deed26@yahoo.ca<\/a><\/p>\t\t\t\t\t\t\t\t<\/div>\n\t\t\t\t<\/div>\n\t\t<div class=\"elementor-element elementor-element-8db519a e-con-full e-flex e-con e-child\" data-id=\"8db519a\" data-element_type=\"container\" data-e-type=\"container\" data-settings=\"{&quot;background_background&quot;:&quot;classic&quot;}\">\n\t\t\t\t<div class=\"elementor-element elementor-element-26fe848 elementor-widget elementor-widget-heading\" data-id=\"26fe848\" data-element_type=\"widget\" data-e-type=\"widget\" data-widget_type=\"heading.default\">\n\t\t\t\t\t<h4 class=\"elementor-heading-title elementor-size-default\">The Kingston and District Poultry and Pet Stock Ass. (KDPPA) <\/h4>\t\t\t\t<\/div>\n\t\t\t\t<div class=\"elementor-element elementor-element-0ea26ef elementor-widget elementor-widget-text-editor\" data-id=\"0ea26ef\" data-element_type=\"widget\" data-e-type=\"widget\" data-widget_type=\"text-editor.default\">\n\t\t\t\t\t\t\t\t\t<p><strong>Wright, Alex<\/strong><br>Mallorytown, ON<br>(613) 659-4507<br><a href=\"https:\/\/www.pigeonfanciers.ca\/fanciers\/affiliated-clubs\/kdppsa@kdppsa.ca\">kdppsa@kdppsa.ca<\/a><\/p>\t\t\t\t\t\t\t\t<\/div>\n\t\t\t\t<\/div>\n\t\t<div class=\"elementor-element elementor-element-4491d80 e-con-full e-flex e-con e-child\" data-id=\"4491d80\" data-element_type=\"container\" data-e-type=\"container\" data-settings=\"{&quot;background_background&quot;:&quot;classic&quot;}\">\n\t\t\t\t<div class=\"elementor-element elementor-element-9410139 elementor-widget elementor-widget-heading\" data-id=\"9410139\" data-element_type=\"widget\" data-e-type=\"widget\" data-widget_type=\"heading.default\">\n\t\t\t\t\t<h4 class=\"elementor-heading-title elementor-size-default\">The Sarnia Poultry, Pigeon &amp; Pet Stock Association (SPP&amp;PSA)<\/h4>\t\t\t\t<\/div>\n\t\t\t\t<div class=\"elementor-element elementor-element-9f336f9 elementor-widget elementor-widget-text-editor\" data-id=\"9f336f9\" data-element_type=\"widget\" data-e-type=\"widget\" data-widget_type=\"text-editor.default\">\n\t\t\t\t\t\t\t\t\t<p><strong>Parsons, Gary<\/strong><br>Sarnia, ON<br>(519) 332-7324<br><a href=\"https:\/\/www.pigeonfanciers.ca\/fanciers\/affiliated-clubs\/garyhelmet@yahoo.ca\">garyhelmet@yahoo.ca<\/a><\/p>\t\t\t\t\t\t\t\t<\/div>\n\t\t\t\t<\/div>\n\t\t<div class=\"elementor-element elementor-element-c8e44e6 e-con-full e-flex e-con e-child\" data-id=\"c8e44e6\" data-element_type=\"container\" data-e-type=\"container\" data-settings=\"{&quot;background_background&quot;:&quot;classic&quot;}\">\n\t\t\t\t<div class=\"elementor-element elementor-element-633e6c8 elementor-widget elementor-widget-heading\" data-id=\"633e6c8\" data-element_type=\"widget\" data-e-type=\"widget\" data-widget_type=\"heading.default\">\n\t\t\t\t\t<h4 class=\"elementor-heading-title elementor-size-default\">Winnipeg Fancy Pigeon Association (WFPA)<\/h4>\t\t\t\t<\/div>\n\t\t\t\t<div class=\"elementor-element elementor-element-1168fb3 elementor-widget elementor-widget-text-editor\" data-id=\"1168fb3\" data-element_type=\"widget\" data-e-type=\"widget\" data-widget_type=\"text-editor.default\">\n\t\t\t\t\t\t\t\t\t<p><strong>omegaq<\/strong><br>Winnipeg MB<br>(204) 888-7470<br><a href=\"mailto:dawnsdogs@shaw.ca\">dawnsdogs@shaw.ca<\/a><\/p>\t\t\t\t\t\t\t\t<\/div>\n\t\t\t\t<\/div>\n\t\t\t\t\t<\/div>\n\t\t\t\t<\/div>\n\t\t\t\t<\/div>\n\t\t","protected":false},"excerpt":{"rendered":"<p>Accueil Amateurs L\u2019Association Canadienne du Pigeon de Fantaisie, une corporation f\u00e9d\u00e9rale \u00e0 but non lucratif fond\u00e9e en 1902, dont la principale mission est de promouvoir le passe-temps de garder des pigeons partout au Canada. Assoc. des \u00c9leveurs de Pigeons du QC Girard, GilbertGranby, QC(438) 837-3756gilbertgirard38@gmail.com Balkan Canadian Pigeon Club Grosdanis, BobOshawa, ON(905) 438-0582bobbygrosdanis@gmail.com Canadian Komorner [&hellip;]<\/p>\n","protected":false},"author":1,"featured_media":0,"parent":2289,"menu_order":0,"comment_status":"closed","ping_status":"closed","template":"","meta":{"footnotes":""},"class_list":["post-2265","page","type-page","status-publish","hentry"],"_links":{"self":[{"href":"https:\/\/pigeonfanciers.ca\/fr\/wp-json\/wp\/v2\/pages\/2265","targetHints":{"allow":["GET"]}}],"collection":[{"href":"https:\/\/pigeonfanciers.ca\/fr\/wp-json\/wp\/v2\/pages"}],"about":[{"href":"https:\/\/pigeonfanciers.ca\/fr\/wp-json\/wp\/v2\/types\/page"}],"author":[{"embeddable":true,"href":"https:\/\/pigeonfanciers.ca\/fr\/wp-json\/wp\/v2\/users\/1"}],"replies":[{"embeddable":true,"href":"https:\/\/pigeonfanciers.ca\/fr\/wp-json\/wp\/v2\/comments?post=2265"}],"version-history":[{"count":7,"href":"https:\/\/pigeonfanciers.ca\/fr\/wp-json\/wp\/v2\/pages\/2265\/revisions"}],"predecessor-version":[{"id":2316,"href":"https:\/\/pigeonfanciers.ca\/fr\/wp-json\/wp\/v2\/pages\/2265\/revisions\/2316"}],"up":[{"embeddable":true,"href":"https:\/\/pigeonfanciers.ca\/fr\/wp-json\/wp\/v2\/pages\/2289"}],"wp:attachment":[{"href":"https:\/\/pigeonfanciers.ca\/fr\/wp-json\/wp\/v2\/media?parent=2265"}],"curies":[{"name":"wp","href":"https:\/\/api.w.org\/{rel}","templated":true}]}}