{"id":2163,"date":"2026-03-17T06:43:34","date_gmt":"2026-03-17T10:43:34","guid":{"rendered":"https:\/\/pigeonfanciers.ca\/boutique-de-la-cpfa\/"},"modified":"2026-04-14T17:48:04","modified_gmt":"2026-04-14T21:48:04","slug":"boutique-acpf","status":"publish","type":"page","link":"https:\/\/pigeonfanciers.ca\/fr\/boutique-acpf\/","title":{"rendered":"Boutique ACPF"},"content":{"rendered":"\t\t<div data-elementor-type=\"wp-post\" data-elementor-id=\"2163\" class=\"elementor elementor-2163 elementor-890\" data-elementor-post-type=\"page\">\n\t\t\t\t<div class=\"elementor-element elementor-element-296cdf88 e-flex e-con-boxed e-con e-parent\" data-id=\"296cdf88\" data-element_type=\"container\" data-e-type=\"container\" data-settings=\"{&quot;background_background&quot;:&quot;video&quot;,&quot;background_video_link&quot;:&quot;\\\/wp-content\\\/uploads\\\/2026\\\/04\\\/cart-for-shopping-online-2025-12-17-20-26-54-utc.mp4&quot;}\">\n\t\t\t\t\t<div class=\"e-con-inner\">\n\t\t<div class=\"elementor-background-video-container elementor-hidden-mobile\">\n\t\t\t\t\t\t\t<video class=\"elementor-background-video-hosted\" role=\"presentation\" autoplay muted playsinline loop><\/video>\n\t\t\t\t\t<\/div>\t\t<div class=\"elementor-element elementor-element-3261d460 elementor-widget__width-initial elementor-absolute elementor-widget elementor-widget-spacer\" data-id=\"3261d460\" data-element_type=\"widget\" data-e-type=\"widget\" data-settings=\"{&quot;_position&quot;:&quot;absolute&quot;}\" data-widget_type=\"spacer.default\">\n\t\t\t\t\t\t\t<div class=\"elementor-spacer\">\n\t\t\t<div class=\"elementor-spacer-inner\"><\/div>\n\t\t<\/div>\n\t\t\t\t\t\t<\/div>\n\t\t\t\t<div class=\"elementor-element elementor-element-7457ab0d elementor-widget__width-initial elementor-absolute elementor-widget elementor-widget-spacer\" data-id=\"7457ab0d\" data-element_type=\"widget\" data-e-type=\"widget\" data-settings=\"{&quot;_position&quot;:&quot;absolute&quot;}\" data-widget_type=\"spacer.default\">\n\t\t\t\t\t\t\t<div class=\"elementor-spacer\">\n\t\t\t<div class=\"elementor-spacer-inner\"><\/div>\n\t\t<\/div>\n\t\t\t\t\t\t<\/div>\n\t\t\t\t<div class=\"elementor-element elementor-element-33e0bdb4 elementor-widget__width-initial elementor-absolute elementor-widget elementor-widget-spacer\" data-id=\"33e0bdb4\" data-element_type=\"widget\" data-e-type=\"widget\" data-settings=\"{&quot;_position&quot;:&quot;absolute&quot;}\" data-widget_type=\"spacer.default\">\n\t\t\t\t\t\t\t<div class=\"elementor-spacer\">\n\t\t\t<div class=\"elementor-spacer-inner\"><\/div>\n\t\t<\/div>\n\t\t\t\t\t\t<\/div>\n\t\t<div class=\"elementor-element elementor-element-4dc79c84 e-flex e-con-boxed e-con e-child\" data-id=\"4dc79c84\" data-element_type=\"container\" data-e-type=\"container\">\n\t\t\t\t\t<div class=\"e-con-inner\">\n\t\t<div class=\"elementor-element elementor-element-7d1df139 e-con-full e-flex e-con e-child\" data-id=\"7d1df139\" data-element_type=\"container\" data-e-type=\"container\">\n\t\t\t\t<div class=\"elementor-element elementor-element-74efe310 elementor-widget__width-inherit elementor-invisible elementor-widget elementor-widget-heading\" data-id=\"74efe310\" data-element_type=\"widget\" data-e-type=\"widget\" data-settings=\"{&quot;_animation&quot;:&quot;fadeInDown&quot;}\" data-widget_type=\"heading.default\">\n\t\t\t\t\t<h1 class=\"elementor-heading-title elementor-size-default\">Boutique ACPF<\/h1>\t\t\t\t<\/div>\n\t\t\t\t<div class=\"elementor-element elementor-element-256a66a8 elementor-icon-list--layout-inline elementor-widget__width-initial elementor-list-item-link-full_width elementor-invisible elementor-widget elementor-widget-icon-list\" data-id=\"256a66a8\" data-element_type=\"widget\" data-e-type=\"widget\" data-settings=\"{&quot;_animation&quot;:&quot;fadeInLeft&quot;,&quot;_animation_mobile&quot;:&quot;fadeInUp&quot;}\" data-widget_type=\"icon-list.default\">\n\t\t\t\t\t\t\t<ul class=\"elementor-icon-list-items elementor-inline-items\">\n\t\t\t\t\t\t\t<li class=\"elementor-icon-list-item elementor-inline-item\">\n\t\t\t\t\t\t\t\t\t\t\t<a href=\"https:\/\/pigeonfanciers.ca\/fr\/\">\n\n\t\t\t\t\t\t\t\t\t\t\t<span class=\"elementor-icon-list-text\">Accueil<\/span>\n\t\t\t\t\t\t\t\t\t\t\t<\/a>\n\t\t\t\t\t\t\t\t\t<\/li>\n\t\t\t\t\t\t\t\t<li class=\"elementor-icon-list-item elementor-inline-item\">\n\t\t\t\t\t\t\t\t\t\t\t<span class=\"elementor-icon-list-icon\">\n\t\t\t\t\t\t\t<i aria-hidden=\"true\" class=\"lnr lnr-chevron-right\"><\/i>\t\t\t\t\t\t<\/span>\n\t\t\t\t\t\t\t\t\t\t<span class=\"elementor-icon-list-text\">Boutique ACPF<\/span>\n\t\t\t\t\t\t\t\t\t<\/li>\n\t\t\t\t\t\t<\/ul>\n\t\t\t\t\t\t<\/div>\n\t\t\t\t<\/div>\n\t\t\t\t<div class=\"elementor-element elementor-element-3b718cc1 elementor-widget__width-initial elementor-widget-tablet__width-initial elementor-widget-mobile__width-inherit elementor-widget-divider--view-line elementor-widget elementor-widget-divider\" data-id=\"3b718cc1\" data-element_type=\"widget\" data-e-type=\"widget\" data-widget_type=\"divider.default\">\n\t\t\t\t\t\t\t<div class=\"elementor-divider\">\n\t\t\t<span class=\"elementor-divider-separator\">\n\t\t\t\t\t\t<\/span>\n\t\t<\/div>\n\t\t\t\t\t\t<\/div>\n\t\t\t\t<div class=\"elementor-element elementor-element-11f5a5ed elementor-widget__width-initial elementor-widget-mobile__width-initial elementor-invisible elementor-widget elementor-widget-text-editor\" data-id=\"11f5a5ed\" data-element_type=\"widget\" data-e-type=\"widget\" data-settings=\"{&quot;_animation&quot;:&quot;fadeInUp&quot;}\" data-widget_type=\"text-editor.default\">\n\t\t\t\t\t\t\t\t\tNous vous proposons trois modes de paiement pour votre commande en ligne\u00a0: carte de cr\u00e9dit, PayPal et virement Interac. Vous pouvez \u00e9galement t\u00e9l\u00e9charger le formulaire de commande, le remplir, y joindre un ch\u00e8que et nous l\u2019envoyer par la poste.\t\t\t\t\t\t\t\t<\/div>\n\t\t\t\t\t<\/div>\n\t\t\t\t<\/div>\n\t\t\t\t\t<\/div>\n\t\t\t\t<\/div>\n\t\t<div class=\"elementor-element elementor-element-47e481d e-flex e-con-boxed e-con e-parent\" data-id=\"47e481d\" data-element_type=\"container\" data-e-type=\"container\" data-settings=\"{&quot;background_background&quot;:&quot;classic&quot;}\">\n\t\t\t\t\t<div class=\"e-con-inner\">\n\t\t\t\t<div class=\"elementor-element elementor-element-d34029d premium-woo-product-align-center elementor-widget elementor-widget-premium-woo-products\" data-id=\"d34029d\" data-element_type=\"widget\" data-e-type=\"widget\" data-widget_type=\"premium-woo-products.grid-11\">\n\t\t\t\t<div class=\"elementor-widget-container\">\n\t\t\t\t\t<div class=\"premium-woocommerce premium-woo-products-grid premium-woo-skin-grid-11 premium-woo-query-custom\" data-page-id=\"2163\" data-skin=\"grid_11\" data-quick-view=\"\"><div class=\"premium-woo-products-inner premium-woo-product__hover-zoomin\"><ul class=\"products columns-4\">\n\n<li class=\" post-2458 product first instock shipping-taxable purchasable product-type-simple\">\n\n\t<div class=\"premium-woo-product-wrapper premium-con-lq__none\">\n\t\t<div class=\"premium-woo-product-thumbnail\"><div class=\"premium-woo-product-thumbnail-wrapper\"><a href=\"https:\/\/pigeonfanciers.ca\/fr\/produit\/adhesion\/\" class=\"woocommerce-LoopProduct-link woocommerce-loop-product__link\"><img decoding=\"async\" src=\"https:\/\/pigeonfanciers.ca\/wp-content\/uploads\/2026\/03\/Member-Card.jpg\" alt=\"\"><\/a><\/div><\/div><div class=\"premium-woo-products-details-wrap\"><a href=\"https:\/\/pigeonfanciers.ca\/fr\/produit\/adhesion\/\" class=\"premium-woo-product__link\"><h2 class=\"woocommerce-loop-product__title\">Adh\u00e9sion<\/h2><\/a>\t\t\t<span class=\"premium-woo-product-category\">\n\t\t\t\tAdh\u00e9sion\t\t\t<\/span>\n\t\t\t<div class=\"premium-woo-product-info\">\n\t<span class=\"price\"><span class=\"woocommerce-Price-amount amount\"><bdi><span class=\"woocommerce-Price-currencySymbol\">&#36;<\/span>&nbsp;0.00<\/bdi><\/span><\/span>\n<div class=\"premium-woo-product-gallery-images\"><\/div><\/div><div class=\"premium-woo-product-buttons\"><\/div><\/div>\t<\/div>\n<\/li>\n\n<li class=\" post-2463 product  instock sold-individually shipping-taxable purchasable product-type-simple\">\n\n\t<div class=\"premium-woo-product-wrapper premium-con-lq__none\">\n\t\t<div class=\"premium-woo-product-thumbnail\"><div class=\"premium-woo-product-thumbnail-wrapper\"><a href=\"https:\/\/pigeonfanciers.ca\/fr\/produit\/dons\/\" class=\"woocommerce-LoopProduct-link woocommerce-loop-product__link\"><img decoding=\"async\" src=\"https:\/\/pigeonfanciers.ca\/wp-content\/uploads\/2026\/03\/Prod.-Dons.jpg\" alt=\"\"><\/a><\/div><\/div><div class=\"premium-woo-products-details-wrap\"><a href=\"https:\/\/pigeonfanciers.ca\/fr\/produit\/dons\/\" class=\"premium-woo-product__link\"><h2 class=\"woocommerce-loop-product__title\">Donations<\/h2><\/a>\t\t\t<span class=\"premium-woo-product-category\">\n\t\t\t\tDons\t\t\t<\/span>\n\t\t\t<div class=\"premium-woo-product-info\">\n\t<span class=\"price\"><span class=\"woocommerce-Price-amount amount\"><bdi><span class=\"woocommerce-Price-currencySymbol\">&#36;<\/span>&nbsp;0.00<\/bdi><\/span><\/span>\n<div class=\"premium-woo-product-gallery-images\"><\/div><\/div><div class=\"premium-woo-product-buttons\"><\/div><\/div>\t<\/div>\n<\/li>\n\n<li class=\" post-2467 product  instock shipping-taxable purchasable product-type-simple\">\n\n\t<div class=\"premium-woo-product-wrapper premium-con-lq__none\">\n\t\t<div class=\"premium-woo-product-thumbnail\"><div class=\"premium-woo-product-thumbnail-wrapper\"><a href=\"https:\/\/pigeonfanciers.ca\/fr\/produit\/club-affilies\/\" class=\"woocommerce-LoopProduct-link woocommerce-loop-product__link\"><img decoding=\"async\" src=\"https:\/\/pigeonfanciers.ca\/wp-content\/uploads\/2026\/03\/Prod.-Clubs-Affilies.jpg\" alt=\"\"><\/a><\/div><\/div><div class=\"premium-woo-products-details-wrap\"><a href=\"https:\/\/pigeonfanciers.ca\/fr\/produit\/club-affilies\/\" class=\"premium-woo-product__link\"><h2 class=\"woocommerce-loop-product__title\">Club Affili\u00e9s<\/h2><\/a>\t\t\t<span class=\"premium-woo-product-category\">\n\t\t\t\tClub Affili\u00e9s\t\t\t<\/span>\n\t\t\t<div class=\"premium-woo-product-info\">\n\t<span class=\"price\"><span class=\"woocommerce-Price-amount amount\"><bdi><span class=\"woocommerce-Price-currencySymbol\">&#36;<\/span>&nbsp;0.00<\/bdi><\/span><\/span>\n<div class=\"premium-woo-product-gallery-images\"><\/div><\/div><div class=\"premium-woo-product-buttons\"><\/div><\/div>\t<\/div>\n<\/li>\n\n<li class=\" post-2472 product last instock shipping-taxable purchasable product-type-simple\">\n\n\t<div class=\"premium-woo-product-wrapper premium-con-lq__none\">\n\t\t<div class=\"premium-woo-product-thumbnail\"><div class=\"premium-woo-product-thumbnail-wrapper\"><a href=\"https:\/\/pigeonfanciers.ca\/fr\/produit\/tarifs-de-publicite-dans-le-magazine\/\" class=\"woocommerce-LoopProduct-link woocommerce-loop-product__link\"><img decoding=\"async\" src=\"https:\/\/pigeonfanciers.ca\/wp-content\/uploads\/2026\/03\/Prod.-Annonce.jpg\" alt=\"\"><\/a><\/div><\/div><div class=\"premium-woo-products-details-wrap\"><a href=\"https:\/\/pigeonfanciers.ca\/fr\/produit\/tarifs-de-publicite-dans-le-magazine\/\" class=\"premium-woo-product__link\"><h2 class=\"woocommerce-loop-product__title\">Tarifs de publicit\u00e9 dans le magazine<\/h2><\/a>\t\t\t<span class=\"premium-woo-product-category\">\n\t\t\t\tNews on the Wing Revue\t\t\t<\/span>\n\t\t\t<div class=\"premium-woo-product-info\">\n\t<span class=\"price\"><span class=\"woocommerce-Price-amount amount\"><bdi><span class=\"woocommerce-Price-currencySymbol\">&#36;<\/span>&nbsp;0.00<\/bdi><\/span><\/span>\n<div class=\"premium-woo-product-gallery-images\"><\/div><\/div><div class=\"premium-woo-product-buttons\"><\/div><\/div>\t<\/div>\n<\/li>\n\n<li class=\" post-2473 product first instock shipping-taxable purchasable product-type-simple\">\n\n\t<div class=\"premium-woo-product-wrapper premium-con-lq__none\">\n\t\t<div class=\"premium-woo-product-thumbnail\"><div class=\"premium-woo-product-thumbnail-wrapper\"><a href=\"https:\/\/pigeonfanciers.ca\/fr\/produit\/news-on-the-wing-breeders-directory\/\" class=\"woocommerce-LoopProduct-link woocommerce-loop-product__link\"><img decoding=\"async\" src=\"https:\/\/pigeonfanciers.ca\/wp-content\/uploads\/2026\/03\/Prod.-Br.-Directory-Ad-3.jpg\" alt=\"\"><\/a><\/div><\/div><div class=\"premium-woo-products-details-wrap\"><a href=\"https:\/\/pigeonfanciers.ca\/fr\/produit\/news-on-the-wing-breeders-directory\/\" class=\"premium-woo-product__link\"><h2 class=\"woocommerce-loop-product__title\">Breeder\u2019s Directory An. Class\u00e9es<\/h2><\/a>\t\t\t<span class=\"premium-woo-product-category\">\n\t\t\t\tBreeder&#039;s Directory\t\t\t<\/span>\n\t\t\t<div class=\"premium-woo-product-info\">\n\t<span class=\"price\"><span class=\"woocommerce-Price-amount amount\"><bdi><span class=\"woocommerce-Price-currencySymbol\">&#36;<\/span>&nbsp;0.00<\/bdi><\/span><\/span>\n<div class=\"premium-woo-product-gallery-images\"><\/div><\/div><div class=\"premium-woo-product-buttons\"><\/div><\/div>\t<\/div>\n<\/li>\n\n<li class=\" post-2483 product  instock shipping-taxable purchasable product-type-simple\">\n\n\t<div class=\"premium-woo-product-wrapper premium-con-lq__none\">\n\t\t<div class=\"premium-woo-product-thumbnail\"><div class=\"premium-woo-product-thumbnail-wrapper\"><a href=\"https:\/\/pigeonfanciers.ca\/fr\/produit\/bagues-cpfa\/\" class=\"woocommerce-LoopProduct-link woocommerce-loop-product__link\"><img decoding=\"async\" src=\"https:\/\/pigeonfanciers.ca\/wp-content\/uploads\/2026\/03\/Bands.jpg\" alt=\"\"><\/a><\/div><\/div><div class=\"premium-woo-products-details-wrap\"><a href=\"https:\/\/pigeonfanciers.ca\/fr\/produit\/bagues-cpfa\/\" class=\"premium-woo-product__link\"><h2 class=\"woocommerce-loop-product__title\">Bagues CPFA<\/h2><\/a>\t\t\t<span class=\"premium-woo-product-category\">\n\t\t\t\tBagues CPFA\t\t\t<\/span>\n\t\t\t<div class=\"premium-woo-product-info\">\n\t<span class=\"price\"><span class=\"woocommerce-Price-amount amount\"><bdi><span class=\"woocommerce-Price-currencySymbol\">&#36;<\/span>&nbsp;0.00<\/bdi><\/span><\/span>\n<div class=\"premium-woo-product-gallery-images\"><\/div><\/div><div class=\"premium-woo-product-buttons\"><\/div><\/div>\t<\/div>\n<\/li>\n\n<li class=\" post-2482 product  instock shipping-taxable purchasable product-type-simple\">\n\n\t<div class=\"premium-woo-product-wrapper premium-con-lq__none\">\n\t\t<div class=\"premium-woo-product-thumbnail\"><div class=\"premium-woo-product-thumbnail-wrapper\"><a href=\"https:\/\/pigeonfanciers.ca\/fr\/produit\/copies-additionnelles-du-dernier-magazine\/\" class=\"woocommerce-LoopProduct-link woocommerce-loop-product__link\"><img decoding=\"async\" src=\"https:\/\/pigeonfanciers.ca\/wp-content\/uploads\/2026\/03\/Prod.-NOTW-additional-copies.jpg\" alt=\"\"><\/a><\/div><\/div><div class=\"premium-woo-products-details-wrap\"><a href=\"https:\/\/pigeonfanciers.ca\/fr\/produit\/copies-additionnelles-du-dernier-magazine\/\" class=\"premium-woo-product__link\"><h2 class=\"woocommerce-loop-product__title\">Copies additionnelles du dernier magazine<\/h2><\/a>\t\t\t<span class=\"premium-woo-product-category\">\n\t\t\t\tRevue\t\t\t<\/span>\n\t\t\t<div class=\"premium-woo-product-info\">\n\t<span class=\"price\"><span class=\"woocommerce-Price-amount amount\"><bdi><span class=\"woocommerce-Price-currencySymbol\">&#36;<\/span>&nbsp;15.00<\/bdi><\/span><\/span>\n<div class=\"premium-woo-product-gallery-images\"><\/div><\/div><div class=\"premium-woo-product-buttons\"><\/div><\/div>\t<\/div>\n<\/li>\n\n<li class=\" post-2480 product last instock shipping-taxable purchasable product-type-simple\">\n\n\t<div class=\"premium-woo-product-wrapper premium-con-lq__none\">\n\t\t<div class=\"premium-woo-product-thumbnail\"><div class=\"premium-woo-product-thumbnail-wrapper\"><a href=\"https:\/\/pigeonfanciers.ca\/fr\/produit\/calendrier-cpfa\/\" class=\"woocommerce-LoopProduct-link woocommerce-loop-product__link\"><img decoding=\"async\" src=\"https:\/\/pigeonfanciers.ca\/wp-content\/uploads\/2026\/03\/calendrier-1.jpg\" alt=\"\"><\/a><\/div><\/div><div class=\"premium-woo-products-details-wrap\"><a href=\"https:\/\/pigeonfanciers.ca\/fr\/produit\/calendrier-cpfa\/\" class=\"premium-woo-product__link\"><h2 class=\"woocommerce-loop-product__title\">Calendrier CPFA<\/h2><\/a>\t\t\t<span class=\"premium-woo-product-category\">\n\t\t\t\tArticles promotionnels\t\t\t<\/span>\n\t\t\t<div class=\"premium-woo-product-info\">\n\t<span class=\"price\"><span class=\"woocommerce-Price-amount amount\"><bdi><span class=\"woocommerce-Price-currencySymbol\">&#36;<\/span>&nbsp;12.00<\/bdi><\/span><\/span>\n<div class=\"premium-woo-product-gallery-images\"><\/div><\/div><div class=\"premium-woo-product-buttons\"><\/div><\/div>\t<\/div>\n<\/li>\n\n<li class=\" post-2478 product first instock shipping-taxable purchasable product-type-simple\">\n\n\t<div class=\"premium-woo-product-wrapper premium-con-lq__none\">\n\t\t<div class=\"premium-woo-product-thumbnail\"><div class=\"premium-woo-product-thumbnail-wrapper\"><a href=\"https:\/\/pigeonfanciers.ca\/fr\/produit\/epinglette\/\" class=\"woocommerce-LoopProduct-link woocommerce-loop-product__link\"><img decoding=\"async\" src=\"https:\/\/pigeonfanciers.ca\/wp-content\/uploads\/2026\/03\/Prod.-LapelPin.jpg\" alt=\"\"><\/a><\/div><\/div><div class=\"premium-woo-products-details-wrap\"><a href=\"https:\/\/pigeonfanciers.ca\/fr\/produit\/epinglette\/\" class=\"premium-woo-product__link\"><h2 class=\"woocommerce-loop-product__title\">\u00c9pinglette<\/h2><\/a>\t\t\t<span class=\"premium-woo-product-category\">\n\t\t\t\tArticles promotionnels\t\t\t<\/span>\n\t\t\t<div class=\"premium-woo-product-info\">\n\t<span class=\"price\"><span class=\"woocommerce-Price-amount amount\"><bdi><span class=\"woocommerce-Price-currencySymbol\">&#36;<\/span>&nbsp;6.00<\/bdi><\/span><\/span>\n<div class=\"premium-woo-product-gallery-images\"><\/div><\/div><div class=\"premium-woo-product-buttons\"><\/div><\/div>\t<\/div>\n<\/li>\n\n<li class=\" post-2476 product  instock shipping-taxable purchasable product-type-simple\">\n\n\t<div class=\"premium-woo-product-wrapper premium-con-lq__none\">\n\t\t<div class=\"premium-woo-product-thumbnail\"><div class=\"premium-woo-product-thumbnail-wrapper\"><a href=\"https:\/\/pigeonfanciers.ca\/fr\/produit\/dvd\/\" class=\"woocommerce-LoopProduct-link woocommerce-loop-product__link\"><img decoding=\"async\" src=\"https:\/\/pigeonfanciers.ca\/wp-content\/uploads\/2026\/03\/Prod.-DVD.jpg\" alt=\"\"><\/a><\/div><\/div><div class=\"premium-woo-products-details-wrap\"><a href=\"https:\/\/pigeonfanciers.ca\/fr\/produit\/dvd\/\" class=\"premium-woo-product__link\"><h2 class=\"woocommerce-loop-product__title\">DVD<\/h2><\/a>\t\t\t<span class=\"premium-woo-product-category\">\n\t\t\t\tArticles promotionnels\t\t\t<\/span>\n\t\t\t<div class=\"premium-woo-product-info\">\n\t<span class=\"price\"><span class=\"woocommerce-Price-amount amount\"><bdi><span class=\"woocommerce-Price-currencySymbol\">&#36;<\/span>&nbsp;10.00<\/bdi><\/span><\/span>\n<div class=\"premium-woo-product-gallery-images\"><\/div><\/div><div class=\"premium-woo-product-buttons\"><\/div><\/div>\t<\/div>\n<\/li>\n\n<li class=\" post-2474 product  instock shipping-taxable purchasable product-type-simple\">\n\n\t<div class=\"premium-woo-product-wrapper premium-con-lq__none\">\n\t\t<div class=\"premium-woo-product-thumbnail\"><div class=\"premium-woo-product-thumbnail-wrapper\"><a href=\"https:\/\/pigeonfanciers.ca\/fr\/produit\/ecusson\/\" class=\"woocommerce-LoopProduct-link woocommerce-loop-product__link\"><img decoding=\"async\" src=\"https:\/\/pigeonfanciers.ca\/wp-content\/uploads\/2026\/03\/Prod.-Ecusson-600x515-1.jpg\" alt=\"\"><\/a><\/div><\/div><div class=\"premium-woo-products-details-wrap\"><a href=\"https:\/\/pigeonfanciers.ca\/fr\/produit\/ecusson\/\" class=\"premium-woo-product__link\"><h2 class=\"woocommerce-loop-product__title\">\u00c9cusson<\/h2><\/a>\t\t\t<span class=\"premium-woo-product-category\">\n\t\t\t\tArticles promotionnels\t\t\t<\/span>\n\t\t\t<div class=\"premium-woo-product-info\">\n\t<span class=\"price\"><span class=\"woocommerce-Price-amount amount\"><bdi><span class=\"woocommerce-Price-currencySymbol\">&#36;<\/span>&nbsp;12.00<\/bdi><\/span><\/span>\n<div class=\"premium-woo-product-gallery-images\"><\/div><\/div><div class=\"premium-woo-product-buttons\"><\/div><\/div>\t<\/div>\n<\/li>\n<\/ul>\n<\/div><\/div>\t\t\t\t<\/div>\n\t\t\t\t<\/div>\n\t\t\t\t\t<\/div>\n\t\t\t\t<\/div>\n\t\t\t\t<\/div>\n\t\t","protected":false},"excerpt":{"rendered":"<p>Accueil Nous vous proposons trois modes de paiement pour votre commande en ligne\u00a0: carte de cr\u00e9dit, PayPal et virement Interac. Vous pouvez \u00e9galement t\u00e9l\u00e9charger le formulaire de commande, le remplir, y joindre un ch\u00e8que et nous l\u2019envoyer par la poste. Breeder\u2019s Directory AD Breeder&#039;s Directory &#36;&nbsp;0.00<\/p>\n","protected":false},"author":1,"featured_media":0,"parent":0,"menu_order":0,"comment_status":"closed","ping_status":"closed","template":"","meta":{"footnotes":""},"class_list":["post-2163","page","type-page","status-publish","hentry"],"_links":{"self":[{"href":"https:\/\/pigeonfanciers.ca\/fr\/wp-json\/wp\/v2\/pages\/2163","targetHints":{"allow":["GET"]}}],"collection":[{"href":"https:\/\/pigeonfanciers.ca\/fr\/wp-json\/wp\/v2\/pages"}],"about":[{"href":"https:\/\/pigeonfanciers.ca\/fr\/wp-json\/wp\/v2\/types\/page"}],"author":[{"embeddable":true,"href":"https:\/\/pigeonfanciers.ca\/fr\/wp-json\/wp\/v2\/users\/1"}],"replies":[{"embeddable":true,"href":"https:\/\/pigeonfanciers.ca\/fr\/wp-json\/wp\/v2\/comments?post=2163"}],"version-history":[{"count":19,"href":"https:\/\/pigeonfanciers.ca\/fr\/wp-json\/wp\/v2\/pages\/2163\/revisions"}],"predecessor-version":[{"id":2803,"href":"https:\/\/pigeonfanciers.ca\/fr\/wp-json\/wp\/v2\/pages\/2163\/revisions\/2803"}],"wp:attachment":[{"href":"https:\/\/pigeonfanciers.ca\/fr\/wp-json\/wp\/v2\/media?parent=2163"}],"curies":[{"name":"wp","href":"https:\/\/api.w.org\/{rel}","templated":true}]}}