{"id":2089,"date":"2026-03-16T06:33:11","date_gmt":"2026-03-16T10:33:11","guid":{"rendered":"https:\/\/pigeonfanciers.ca\/lorganisation\/les-objectifs\/"},"modified":"2026-04-15T04:32:33","modified_gmt":"2026-04-15T08:32:33","slug":"les-objectifs","status":"publish","type":"page","link":"https:\/\/pigeonfanciers.ca\/fr\/lorganisation\/les-objectifs\/","title":{"rendered":"Les objectifs"},"content":{"rendered":"\t\t<div data-elementor-type=\"wp-post\" data-elementor-id=\"2089\" class=\"elementor elementor-2089 elementor-171\" data-elementor-post-type=\"page\">\n\t\t\t\t<div class=\"elementor-element elementor-element-e6e9623 e-flex e-con-boxed e-con e-parent\" data-id=\"e6e9623\" data-element_type=\"container\" data-e-type=\"container\" data-settings=\"{&quot;background_background&quot;:&quot;video&quot;,&quot;background_video_link&quot;:&quot;\\\/wp-content\\\/uploads\\\/2026\\\/04\\\/objectifs.mp4&quot;,&quot;background_play_on_mobile&quot;:&quot;yes&quot;}\">\n\t\t\t\t\t<div class=\"e-con-inner\">\n\t\t<div class=\"elementor-background-video-container\">\n\t\t\t\t\t\t\t<video class=\"elementor-background-video-hosted\" role=\"presentation\" autoplay muted playsinline loop><\/video>\n\t\t\t\t\t<\/div>\t\t<div class=\"elementor-element elementor-element-dc7827c elementor-widget__width-initial elementor-absolute elementor-widget elementor-widget-spacer\" data-id=\"dc7827c\" data-element_type=\"widget\" data-e-type=\"widget\" data-settings=\"{&quot;_position&quot;:&quot;absolute&quot;}\" data-widget_type=\"spacer.default\">\n\t\t\t\t\t\t\t<div class=\"elementor-spacer\">\n\t\t\t<div class=\"elementor-spacer-inner\"><\/div>\n\t\t<\/div>\n\t\t\t\t\t\t<\/div>\n\t\t\t\t<div class=\"elementor-element elementor-element-c877566 elementor-widget__width-initial elementor-absolute elementor-widget elementor-widget-spacer\" data-id=\"c877566\" data-element_type=\"widget\" data-e-type=\"widget\" data-settings=\"{&quot;_position&quot;:&quot;absolute&quot;}\" data-widget_type=\"spacer.default\">\n\t\t\t\t\t\t\t<div class=\"elementor-spacer\">\n\t\t\t<div class=\"elementor-spacer-inner\"><\/div>\n\t\t<\/div>\n\t\t\t\t\t\t<\/div>\n\t\t\t\t<div class=\"elementor-element elementor-element-c682084 elementor-widget__width-initial elementor-absolute elementor-widget elementor-widget-spacer\" data-id=\"c682084\" data-element_type=\"widget\" data-e-type=\"widget\" data-settings=\"{&quot;_position&quot;:&quot;absolute&quot;}\" data-widget_type=\"spacer.default\">\n\t\t\t\t\t\t\t<div class=\"elementor-spacer\">\n\t\t\t<div class=\"elementor-spacer-inner\"><\/div>\n\t\t<\/div>\n\t\t\t\t\t\t<\/div>\n\t\t<div class=\"elementor-element elementor-element-b070a9d e-flex e-con-boxed e-con e-child\" data-id=\"b070a9d\" data-element_type=\"container\" data-e-type=\"container\">\n\t\t\t\t\t<div class=\"e-con-inner\">\n\t\t<div class=\"elementor-element elementor-element-d98135e e-con-full e-flex e-con e-child\" data-id=\"d98135e\" data-element_type=\"container\" data-e-type=\"container\">\n\t\t\t\t<div class=\"elementor-element elementor-element-9faceef elementor-widget__width-inherit elementor-invisible elementor-widget elementor-widget-heading\" data-id=\"9faceef\" data-element_type=\"widget\" data-e-type=\"widget\" data-settings=\"{&quot;_animation&quot;:&quot;fadeInDown&quot;}\" data-widget_type=\"heading.default\">\n\t\t\t\t\t<h1 class=\"elementor-heading-title elementor-size-default\">Les objectifs<\/h1>\t\t\t\t<\/div>\n\t\t\t\t<div class=\"elementor-element elementor-element-e2e76b2 elementor-icon-list--layout-inline elementor-widget__width-initial elementor-list-item-link-full_width elementor-invisible elementor-widget elementor-widget-icon-list\" data-id=\"e2e76b2\" data-element_type=\"widget\" data-e-type=\"widget\" data-settings=\"{&quot;_animation&quot;:&quot;fadeInLeft&quot;,&quot;_animation_mobile&quot;:&quot;fadeInUp&quot;}\" data-widget_type=\"icon-list.default\">\n\t\t\t\t\t\t\t<ul class=\"elementor-icon-list-items elementor-inline-items\">\n\t\t\t\t\t\t\t<li class=\"elementor-icon-list-item elementor-inline-item\">\n\t\t\t\t\t\t\t\t\t\t\t<a href=\"https:\/\/pigeonfanciers.ca\/fr\/\">\n\n\t\t\t\t\t\t\t\t\t\t\t<span class=\"elementor-icon-list-text\">Accueil<\/span>\n\t\t\t\t\t\t\t\t\t\t\t<\/a>\n\t\t\t\t\t\t\t\t\t<\/li>\n\t\t\t\t\t\t\t\t<li class=\"elementor-icon-list-item elementor-inline-item\">\n\t\t\t\t\t\t\t\t\t\t\t<a href=\"https:\/\/pigeonfanciers.ca\/the-organization\/\">\n\n\t\t\t\t\t\t\t\t\t\t\t\t<span class=\"elementor-icon-list-icon\">\n\t\t\t\t\t\t\t<i aria-hidden=\"true\" class=\"lnr lnr-chevron-right\"><\/i>\t\t\t\t\t\t<\/span>\n\t\t\t\t\t\t\t\t\t\t<span class=\"elementor-icon-list-text\">Organisation<\/span>\n\t\t\t\t\t\t\t\t\t\t\t<\/a>\n\t\t\t\t\t\t\t\t\t<\/li>\n\t\t\t\t\t\t\t\t<li class=\"elementor-icon-list-item elementor-inline-item\">\n\t\t\t\t\t\t\t\t\t\t\t<span class=\"elementor-icon-list-icon\">\n\t\t\t\t\t\t\t<i aria-hidden=\"true\" class=\"lnr lnr-chevron-right\"><\/i>\t\t\t\t\t\t<\/span>\n\t\t\t\t\t\t\t\t\t\t<span class=\"elementor-icon-list-text\">Les objectifs<\/span>\n\t\t\t\t\t\t\t\t\t<\/li>\n\t\t\t\t\t\t<\/ul>\n\t\t\t\t\t\t<\/div>\n\t\t\t\t<\/div>\n\t\t\t\t<div class=\"elementor-element elementor-element-1042349 elementor-widget__width-initial elementor-widget-tablet__width-initial elementor-widget-mobile__width-inherit elementor-widget-divider--view-line elementor-widget elementor-widget-divider\" data-id=\"1042349\" data-element_type=\"widget\" data-e-type=\"widget\" data-widget_type=\"divider.default\">\n\t\t\t\t\t\t\t<div class=\"elementor-divider\">\n\t\t\t<span class=\"elementor-divider-separator\">\n\t\t\t\t\t\t<\/span>\n\t\t<\/div>\n\t\t\t\t\t\t<\/div>\n\t\t\t\t<div class=\"elementor-element elementor-element-e8bdbe4 elementor-widget__width-initial elementor-widget-mobile__width-initial elementor-invisible elementor-widget elementor-widget-text-editor\" data-id=\"e8bdbe4\" data-element_type=\"widget\" data-e-type=\"widget\" data-settings=\"{&quot;_animation&quot;:&quot;fadeInUp&quot;}\" data-widget_type=\"text-editor.default\">\n\t\t\t\t\t\t\t\t\tL\u2019Association Canadienne du Pigeon de Fantaisie, une corporation f\u00e9d\u00e9rale \u00e0 but non lucratif fond\u00e9e en 1902, dont la principale mission est de promouvoir le passe-temps de garder des pigeons partout au Canada.\t\t\t\t\t\t\t\t<\/div>\n\t\t\t\t\t<\/div>\n\t\t\t\t<\/div>\n\t\t\t\t\t<\/div>\n\t\t\t\t<\/div>\n\t\t<div class=\"elementor-element elementor-element-7b0aba6 e-flex e-con-boxed e-con e-parent\" data-id=\"7b0aba6\" data-element_type=\"container\" data-e-type=\"container\">\n\t\t\t\t\t<div class=\"e-con-inner\">\n\t\t<div class=\"elementor-element elementor-element-8b1dab6 e-con-full e-flex e-con e-child\" data-id=\"8b1dab6\" data-element_type=\"container\" data-e-type=\"container\">\n\t\t\t\t<div class=\"elementor-element elementor-element-e533331 elementor-widget elementor-widget-heading\" data-id=\"e533331\" data-element_type=\"widget\" data-e-type=\"widget\" data-widget_type=\"heading.default\">\n\t\t\t\t\t<h2 class=\"elementor-heading-title elementor-size-default\">Les objectifs de l'ACPF<\/h2>\t\t\t\t<\/div>\n\t\t\t\t<div class=\"elementor-element elementor-element-5029a98 elementor-widget elementor-widget-heading\" data-id=\"5029a98\" data-element_type=\"widget\" data-e-type=\"widget\" data-widget_type=\"heading.default\">\n\t\t\t\t\t<h5 class=\"elementor-heading-title elementor-size-default\">Incluant mais non limit\u00e9s \u00e0:<\/h5>\t\t\t\t<\/div>\n\t\t\t\t<div class=\"elementor-element elementor-element-9d03ca6 premium-type-column elementor-widget elementor-widget-premium-icon-list\" data-id=\"9d03ca6\" data-element_type=\"widget\" data-e-type=\"widget\" data-settings=\"{&quot;rbadges_repeater&quot;:[]}\" data-widget_type=\"premium-icon-list.default\">\n\t\t\t\t\t\t\t\t<ul class=\"premium-bullet-list-box\">\n\t\t\t\t\n\t\t\t\t\t\t\t<li class=\"premium-bullet-list-content elementor-repeater-item-4b4fab2\">\n\t\t\t\t\t\t\t\t<div class=\"premium-bullet-list-text\">\n\t\t\t\t\t\t\t\t\t\t\t\t\t\t\t\t\t\t\t<div class=\"premium-bullet-list-wrapper\">\n\t\t\t\t\t\t\t\t\t\t\t<div class=\"premium-drawable-icon\"><i class=\"premium-svg-nodraw  ti-check\" aria-hidden=\"true\"><\/i><\/div>\t\t\t\t\t\t\t\t\t\t\t<\/div>\n\t\t\t\t\t\t\t\t\t\n\t\t\t\t\t\t\t\t\t<div class=\"premium-bullet-list-text-wrapper\">\n\t\t\t\t\t\t\t\t\t\t<span class=\"premium-bullet-text\" data-text=\"Faire conna\u00eetre les plaisirs, les avantages et les gratifications apport\u00e9s par l\u2019\u00e9levage des pigeons en tant que loisir individuel ou familial et corriger les fausses impressions selon lesquelles les pigeons transmettent des maladies transmissibles aux humains;\"> Faire conna\u00eetre les plaisirs, les avantages et les gratifications apport\u00e9s par l\u2019\u00e9levage des pigeons en tant que loisir individuel ou familial et corriger les fausses impressions selon lesquelles les pigeons transmettent des maladies transmissibles aux humains; <\/span>\t\t\t\t\t\t\t\t\t\t\t\t\t\t\t\t\t\t\t<\/div>\n\t\t\t\t\t\t\t\t<\/div>\n\n\t\t\t\t\t\t\t\t\n\t\t\t\t\t\t\t\t\n\t\t\t\t\t\t\t<\/li>\n\n\t\t\t\t\t\t\t\n\t\t\t\t\t\t\t<li class=\"premium-bullet-list-content elementor-repeater-item-e477f81\">\n\t\t\t\t\t\t\t\t<div class=\"premium-bullet-list-text\">\n\t\t\t\t\t\t\t\t\t\t\t\t\t\t\t\t\t\t\t<div class=\"premium-bullet-list-wrapper\">\n\t\t\t\t\t\t\t\t\t\t\t<div class=\"premium-drawable-icon\"><i class=\"premium-svg-nodraw  ti-check\" aria-hidden=\"true\"><\/i><\/div>\t\t\t\t\t\t\t\t\t\t\t<\/div>\n\t\t\t\t\t\t\t\t\t\n\t\t\t\t\t\t\t\t\t<div class=\"premium-bullet-list-text-wrapper\">\n\t\t\t\t\t\t\t\t\t\t<span class=\"premium-bullet-text\" data-text=\"Commanditer et promouvoir des expositions de pigeons \u00e0 travers le Canada, afin de permettre aux membres de se rencontrer et leur donner l\u2019occasion de comparer leurs oiseaux dans une saine comp\u00e9tition. Les plus beaux sp\u00e9cimens seront reconnus et leurs propri\u00e9taires honor\u00e9s.\"> Commanditer et promouvoir des expositions de pigeons \u00e0 travers le Canada, afin de permettre aux membres de se rencontrer et leur donner l\u2019occasion de comparer leurs oiseaux dans une saine comp\u00e9tition. Les plus beaux sp\u00e9cimens seront reconnus et leurs propri\u00e9taires honor\u00e9s. <\/span>\t\t\t\t\t\t\t\t\t\t\t\t\t\t\t\t\t\t\t<\/div>\n\t\t\t\t\t\t\t\t<\/div>\n\n\t\t\t\t\t\t\t\t\n\t\t\t\t\t\t\t\t\n\t\t\t\t\t\t\t<\/li>\n\n\t\t\t\t\t\t\t\n\t\t\t\t\t\t\t<li class=\"premium-bullet-list-content elementor-repeater-item-e67658e\">\n\t\t\t\t\t\t\t\t<div class=\"premium-bullet-list-text\">\n\t\t\t\t\t\t\t\t\t\t\t\t\t\t\t\t\t\t\t<div class=\"premium-bullet-list-wrapper\">\n\t\t\t\t\t\t\t\t\t\t\t<div class=\"premium-drawable-icon\"><i class=\"premium-svg-nodraw  ti-check\" aria-hidden=\"true\"><\/i><\/div>\t\t\t\t\t\t\t\t\t\t\t<\/div>\n\t\t\t\t\t\t\t\t\t\n\t\t\t\t\t\t\t\t\t<div class=\"premium-bullet-list-text-wrapper\">\n\t\t\t\t\t\t\t\t\t\t<span class=\"premium-bullet-text\" data-text=\"Compiler, publier et distribuer de la documentation sur les pigeons, afin que nous puissions aider les autres \u00e0 acqu\u00e9rir des connaissances pratiques sur l\u2019\u00e9levage de ces oiseaux;\"> Compiler, publier et distribuer de la documentation sur les pigeons, afin que nous puissions aider les autres \u00e0 acqu\u00e9rir des connaissances pratiques sur l\u2019\u00e9levage de ces oiseaux; <\/span>\t\t\t\t\t\t\t\t\t\t\t\t\t\t\t\t\t\t\t<\/div>\n\t\t\t\t\t\t\t\t<\/div>\n\n\t\t\t\t\t\t\t\t\n\t\t\t\t\t\t\t\t\n\t\t\t\t\t\t\t<\/li>\n\n\t\t\t\t\t\t\t\n\t\t\t\t\t\t\t<li class=\"premium-bullet-list-content elementor-repeater-item-741230f\">\n\t\t\t\t\t\t\t\t<div class=\"premium-bullet-list-text\">\n\t\t\t\t\t\t\t\t\t\t\t\t\t\t\t\t\t\t\t<div class=\"premium-bullet-list-wrapper\">\n\t\t\t\t\t\t\t\t\t\t\t<div class=\"premium-drawable-icon\"><i class=\"premium-svg-nodraw  ti-check\" aria-hidden=\"true\"><\/i><\/div>\t\t\t\t\t\t\t\t\t\t\t<\/div>\n\t\t\t\t\t\t\t\t\t\n\t\t\t\t\t\t\t\t\t<div class=\"premium-bullet-list-text-wrapper\">\n\t\t\t\t\t\t\t\t\t\t<span class=\"premium-bullet-text\" data-text=\"\u00c9mettre des bagues ferm\u00e9es pour toutes les races et vari\u00e9t\u00e9s de pigeons. Ces bagues doivent porter les initiales \u00ab CPFA \u00bb et l\u2019ann\u00e9e d\u2019\u00e9mission;\"> \u00c9mettre des bagues ferm\u00e9es pour toutes les races et vari\u00e9t\u00e9s de pigeons. Ces bagues doivent porter les initiales \u00ab CPFA \u00bb et l\u2019ann\u00e9e d\u2019\u00e9mission; <\/span>\t\t\t\t\t\t\t\t\t\t\t\t\t\t\t\t\t\t\t<\/div>\n\t\t\t\t\t\t\t\t<\/div>\n\n\t\t\t\t\t\t\t\t\n\t\t\t\t\t\t\t\t\n\t\t\t\t\t\t\t<\/li>\n\n\t\t\t\t\t\t\t\n\t\t\t\t\t\t\t<li class=\"premium-bullet-list-content elementor-repeater-item-626a5a3\">\n\t\t\t\t\t\t\t\t<div class=\"premium-bullet-list-text\">\n\t\t\t\t\t\t\t\t\t\t\t\t\t\t\t\t\t\t\t<div class=\"premium-bullet-list-wrapper\">\n\t\t\t\t\t\t\t\t\t\t\t<div class=\"premium-drawable-icon\"><i class=\"premium-svg-nodraw  ti-check\" aria-hidden=\"true\"><\/i><\/div>\t\t\t\t\t\t\t\t\t\t\t<\/div>\n\t\t\t\t\t\t\t\t\t\n\t\t\t\t\t\t\t\t\t<div class=\"premium-bullet-list-text-wrapper\">\n\t\t\t\t\t\t\t\t\t\t<span class=\"premium-bullet-text\" data-text=\"\u00c9tablir un syst\u00e8me de r\u00e9compenses pour reconna\u00eetre les contributions exceptionnelles des membres et des amateurs \u00e0 la reproduction, l\u2019exposition, le jugement et la promotion des pigeons;\"> \u00c9tablir un syst\u00e8me de r\u00e9compenses pour reconna\u00eetre les contributions exceptionnelles des membres et des amateurs \u00e0 la reproduction, l\u2019exposition, le jugement et la promotion des pigeons; <\/span>\t\t\t\t\t\t\t\t\t\t\t\t\t\t\t\t\t\t\t<\/div>\n\t\t\t\t\t\t\t\t<\/div>\n\n\t\t\t\t\t\t\t\t\n\t\t\t\t\t\t\t\t\n\t\t\t\t\t\t\t<\/li>\n\n\t\t\t\t\t\t\t\n\t\t\t\t\t\t\t<li class=\"premium-bullet-list-content elementor-repeater-item-72af4f1\">\n\t\t\t\t\t\t\t\t<div class=\"premium-bullet-list-text\">\n\t\t\t\t\t\t\t\t\t\t\t\t\t\t\t\t\t\t\t<div class=\"premium-bullet-list-wrapper\">\n\t\t\t\t\t\t\t\t\t\t\t<div class=\"premium-drawable-icon\"><i class=\"premium-svg-nodraw  ti-check\" aria-hidden=\"true\"><\/i><\/div>\t\t\t\t\t\t\t\t\t\t\t<\/div>\n\t\t\t\t\t\t\t\t\t\n\t\t\t\t\t\t\t\t\t<div class=\"premium-bullet-list-text-wrapper\">\n\t\t\t\t\t\t\t\t\t\t<span class=\"premium-bullet-text\" data-text=\"Joindre ou s\u2019affilier \u00e0, ou coop\u00e9rer avec, toute autre organisation, association ou club dont les objectifs sont totalement ou partiellement similaires ou compatibles avec ceux de cette association.\"> Joindre ou s\u2019affilier \u00e0, ou coop\u00e9rer avec, toute autre organisation, association ou club dont les objectifs sont totalement ou partiellement similaires ou compatibles avec ceux de cette association. <\/span>\t\t\t\t\t\t\t\t\t\t\t\t\t\t\t\t\t\t\t<\/div>\n\t\t\t\t\t\t\t\t<\/div>\n\n\t\t\t\t\t\t\t\t\n\t\t\t\t\t\t\t\t\n\t\t\t\t\t\t\t<\/li>\n\n\t\t\t\t\t\t\t\t\t\t<\/ul>\n\t\t\t\t\t\t<\/div>\n\t\t\t\t<\/div>\n\t\t<div class=\"elementor-element elementor-element-9e4cd66 e-con-full e-flex e-con e-child\" data-id=\"9e4cd66\" data-element_type=\"container\" data-e-type=\"container\">\n\t\t\t\t<div class=\"elementor-element elementor-element-6b5b0d6 elementor-widget__width-initial elementor-invisible elementor-widget elementor-widget-image\" data-id=\"6b5b0d6\" data-element_type=\"widget\" data-e-type=\"widget\" data-settings=\"{&quot;_animation&quot;:&quot;fadeInUp&quot;}\" data-widget_type=\"image.default\">\n\t\t\t\t\t\t\t\t\t\t\t\t\t\t\t<img fetchpriority=\"high\" decoding=\"async\" width=\"800\" height=\"1084\" src=\"https:\/\/pigeonfanciers.ca\/wp-content\/uploads\/2026\/04\/colorful-dove-nature-background-bird-european-t-2026-01-09-14-00-56-utc-scaled-2.jpg\" class=\"attachment-full size-full wp-image-2695\" alt=\"\" srcset=\"https:\/\/pigeonfanciers.ca\/wp-content\/uploads\/2026\/04\/colorful-dove-nature-background-bird-european-t-2026-01-09-14-00-56-utc-scaled-2.jpg 800w, https:\/\/pigeonfanciers.ca\/wp-content\/uploads\/2026\/04\/colorful-dove-nature-background-bird-european-t-2026-01-09-14-00-56-utc-scaled-2-221x300.jpg 221w, https:\/\/pigeonfanciers.ca\/wp-content\/uploads\/2026\/04\/colorful-dove-nature-background-bird-european-t-2026-01-09-14-00-56-utc-scaled-2-756x1024.jpg 756w, https:\/\/pigeonfanciers.ca\/wp-content\/uploads\/2026\/04\/colorful-dove-nature-background-bird-european-t-2026-01-09-14-00-56-utc-scaled-2-768x1041.jpg 768w, https:\/\/pigeonfanciers.ca\/wp-content\/uploads\/2026\/04\/colorful-dove-nature-background-bird-european-t-2026-01-09-14-00-56-utc-scaled-2-600x813.jpg 600w\" sizes=\"(max-width: 800px) 100vw, 800px\" \/>\t\t\t\t\t\t\t\t\t\t\t\t\t\t\t<\/div>\n\t\t<div class=\"elementor-element elementor-element-a9d2144 e-con-full e-flex e-con e-child\" data-id=\"a9d2144\" data-element_type=\"container\" data-e-type=\"container\">\n\t\t\t\t<div class=\"elementor-element elementor-element-d68677b elementor-invisible elementor-widget elementor-widget-image\" data-id=\"d68677b\" data-element_type=\"widget\" data-e-type=\"widget\" data-settings=\"{&quot;_animation&quot;:&quot;fadeInDown&quot;}\" data-widget_type=\"image.default\">\n\t\t\t\t\t\t\t\t\t\t\t\t\t\t\t\t<a href=\"https:\/\/pigeonfanciers.ca\/wp-content\/uploads\/2026\/03\/pigeon47-1.jpg\" data-elementor-open-lightbox=\"yes\" data-elementor-lightbox-title=\"pigeon47\" data-e-action-hash=\"#elementor-action%3Aaction%3Dlightbox%26settings%3DeyJpZCI6MjA4NywidXJsIjoiaHR0cHM6XC9cL3BpZ2VvbmZhbmNpZXJzLmNhXC93cC1jb250ZW50XC91cGxvYWRzXC8yMDI2XC8wM1wvcGlnZW9uNDctMS5qcGcifQ%3D%3D\">\n\t\t\t\t\t\t\t<img decoding=\"async\" width=\"381\" height=\"325\" src=\"https:\/\/pigeonfanciers.ca\/wp-content\/uploads\/2026\/03\/pigeon47-1.jpg\" class=\"attachment-full size-full wp-image-2087\" alt=\"\" srcset=\"https:\/\/pigeonfanciers.ca\/wp-content\/uploads\/2026\/03\/pigeon47-1.jpg 381w, https:\/\/pigeonfanciers.ca\/wp-content\/uploads\/2026\/03\/pigeon47-1-300x256.jpg 300w\" sizes=\"(max-width: 381px) 100vw, 381px\" \/>\t\t\t\t\t\t\t\t<\/a>\n\t\t\t\t\t\t\t\t\t\t\t\t\t\t\t<\/div>\n\t\t\t\t<div class=\"elementor-element elementor-element-0ba5fca elementor-invisible elementor-widget elementor-widget-image\" data-id=\"0ba5fca\" data-element_type=\"widget\" data-e-type=\"widget\" data-settings=\"{&quot;_animation&quot;:&quot;fadeInRight&quot;}\" data-widget_type=\"image.default\">\n\t\t\t\t\t\t\t\t\t\t\t\t\t\t\t\t<a href=\"https:\/\/pigeonfanciers.ca\/wp-content\/uploads\/2026\/03\/pigeon24.jpg\" data-elementor-open-lightbox=\"yes\" data-elementor-lightbox-title=\"pigeon24\" data-e-action-hash=\"#elementor-action%3Aaction%3Dlightbox%26settings%3DeyJpZCI6MjA4OCwidXJsIjoiaHR0cHM6XC9cL3BpZ2VvbmZhbmNpZXJzLmNhXC93cC1jb250ZW50XC91cGxvYWRzXC8yMDI2XC8wM1wvcGlnZW9uMjQuanBnIn0%3D\">\n\t\t\t\t\t\t\t<img decoding=\"async\" width=\"413\" height=\"325\" src=\"https:\/\/pigeonfanciers.ca\/wp-content\/uploads\/2026\/03\/pigeon24.jpg\" class=\"attachment-full size-full wp-image-2088\" alt=\"\" srcset=\"https:\/\/pigeonfanciers.ca\/wp-content\/uploads\/2026\/03\/pigeon24.jpg 413w, https:\/\/pigeonfanciers.ca\/wp-content\/uploads\/2026\/03\/pigeon24-300x236.jpg 300w\" sizes=\"(max-width: 413px) 100vw, 413px\" \/>\t\t\t\t\t\t\t\t<\/a>\n\t\t\t\t\t\t\t\t\t\t\t\t\t\t\t<\/div>\n\t\t\t\t<\/div>\n\t\t\t\t<\/div>\n\t\t\t\t\t<\/div>\n\t\t\t\t<\/div>\n\t\t\t\t<\/div>\n\t\t","protected":false},"excerpt":{"rendered":"<p>Accueil Organisation L\u2019Association Canadienne du Pigeon de Fantaisie, une corporation f\u00e9d\u00e9rale \u00e0 but non lucratif fond\u00e9e en 1902, dont la principale mission est de promouvoir le passe-temps de garder des pigeons partout au Canada. Les objectifs de l&rsquo;ACPF Incluant mais non limit\u00e9s \u00e0: Faire conna\u00eetre les plaisirs, les avantages et les gratifications apport\u00e9s par l\u2019\u00e9levage [&hellip;]<\/p>\n","protected":false},"author":1,"featured_media":0,"parent":2066,"menu_order":0,"comment_status":"closed","ping_status":"closed","template":"","meta":{"footnotes":""},"class_list":["post-2089","page","type-page","status-publish","hentry"],"_links":{"self":[{"href":"https:\/\/pigeonfanciers.ca\/fr\/wp-json\/wp\/v2\/pages\/2089","targetHints":{"allow":["GET"]}}],"collection":[{"href":"https:\/\/pigeonfanciers.ca\/fr\/wp-json\/wp\/v2\/pages"}],"about":[{"href":"https:\/\/pigeonfanciers.ca\/fr\/wp-json\/wp\/v2\/types\/page"}],"author":[{"embeddable":true,"href":"https:\/\/pigeonfanciers.ca\/fr\/wp-json\/wp\/v2\/users\/1"}],"replies":[{"embeddable":true,"href":"https:\/\/pigeonfanciers.ca\/fr\/wp-json\/wp\/v2\/comments?post=2089"}],"version-history":[{"count":10,"href":"https:\/\/pigeonfanciers.ca\/fr\/wp-json\/wp\/v2\/pages\/2089\/revisions"}],"predecessor-version":[{"id":2812,"href":"https:\/\/pigeonfanciers.ca\/fr\/wp-json\/wp\/v2\/pages\/2089\/revisions\/2812"}],"up":[{"embeddable":true,"href":"https:\/\/pigeonfanciers.ca\/fr\/wp-json\/wp\/v2\/pages\/2066"}],"wp:attachment":[{"href":"https:\/\/pigeonfanciers.ca\/fr\/wp-json\/wp\/v2\/media?parent=2089"}],"curies":[{"name":"wp","href":"https:\/\/api.w.org\/{rel}","templated":true}]}}