{"id":2066,"date":"2026-03-16T06:32:23","date_gmt":"2026-03-16T10:32:23","guid":{"rendered":"https:\/\/pigeonfanciers.ca\/lorganisation\/"},"modified":"2026-04-06T12:05:11","modified_gmt":"2026-04-06T16:05:11","slug":"lorganisation","status":"publish","type":"page","link":"https:\/\/pigeonfanciers.ca\/fr\/lorganisation\/","title":{"rendered":"L\u2019organisation"},"content":{"rendered":"\t\t<div data-elementor-type=\"wp-post\" data-elementor-id=\"2066\" class=\"elementor elementor-2066 elementor-167\" data-elementor-post-type=\"page\">\n\t\t\t\t<div class=\"elementor-element elementor-element-43778669 e-flex e-con-boxed e-con e-parent\" data-id=\"43778669\" data-element_type=\"container\" data-e-type=\"container\" data-settings=\"{&quot;background_background&quot;:&quot;video&quot;,&quot;background_video_link&quot;:&quot;\\\/wp-content\\\/uploads\\\/2026\\\/04\\\/Organization.mp4&quot;,&quot;background_play_on_mobile&quot;:&quot;yes&quot;}\">\n\t\t\t\t\t<div class=\"e-con-inner\">\n\t\t<div class=\"elementor-background-video-container\">\n\t\t\t\t\t\t\t<video class=\"elementor-background-video-hosted\" role=\"presentation\" autoplay muted playsinline loop><\/video>\n\t\t\t\t\t<\/div>\t\t<div class=\"elementor-element elementor-element-7551a9f4 elementor-widget__width-initial elementor-absolute elementor-widget elementor-widget-spacer\" data-id=\"7551a9f4\" data-element_type=\"widget\" data-e-type=\"widget\" data-settings=\"{&quot;_position&quot;:&quot;absolute&quot;}\" data-widget_type=\"spacer.default\">\n\t\t\t\t\t\t\t<div class=\"elementor-spacer\">\n\t\t\t<div class=\"elementor-spacer-inner\"><\/div>\n\t\t<\/div>\n\t\t\t\t\t\t<\/div>\n\t\t\t\t<div class=\"elementor-element elementor-element-3797e1d7 elementor-widget__width-initial elementor-absolute elementor-widget elementor-widget-spacer\" data-id=\"3797e1d7\" data-element_type=\"widget\" data-e-type=\"widget\" data-settings=\"{&quot;_position&quot;:&quot;absolute&quot;}\" data-widget_type=\"spacer.default\">\n\t\t\t\t\t\t\t<div class=\"elementor-spacer\">\n\t\t\t<div class=\"elementor-spacer-inner\"><\/div>\n\t\t<\/div>\n\t\t\t\t\t\t<\/div>\n\t\t\t\t<div class=\"elementor-element elementor-element-58eb1b6 elementor-widget__width-initial elementor-absolute elementor-widget elementor-widget-spacer\" data-id=\"58eb1b6\" data-element_type=\"widget\" data-e-type=\"widget\" data-settings=\"{&quot;_position&quot;:&quot;absolute&quot;}\" data-widget_type=\"spacer.default\">\n\t\t\t\t\t\t\t<div class=\"elementor-spacer\">\n\t\t\t<div class=\"elementor-spacer-inner\"><\/div>\n\t\t<\/div>\n\t\t\t\t\t\t<\/div>\n\t\t<div class=\"elementor-element elementor-element-286210fc e-flex e-con-boxed e-con e-child\" data-id=\"286210fc\" data-element_type=\"container\" data-e-type=\"container\">\n\t\t\t\t\t<div class=\"e-con-inner\">\n\t\t<div class=\"elementor-element elementor-element-11b0f8e3 e-con-full e-flex e-con e-child\" data-id=\"11b0f8e3\" data-element_type=\"container\" data-e-type=\"container\">\n\t\t\t\t<div class=\"elementor-element elementor-element-2e23f74a elementor-widget__width-inherit elementor-invisible elementor-widget elementor-widget-heading\" data-id=\"2e23f74a\" data-element_type=\"widget\" data-e-type=\"widget\" data-settings=\"{&quot;_animation&quot;:&quot;fadeInDown&quot;}\" data-widget_type=\"heading.default\">\n\t\t\t\t\t<h1 class=\"elementor-heading-title elementor-size-default\">L\u2019organisation<\/h1>\t\t\t\t<\/div>\n\t\t\t\t<div class=\"elementor-element elementor-element-67604c05 elementor-icon-list--layout-inline elementor-widget__width-initial elementor-list-item-link-full_width elementor-invisible elementor-widget elementor-widget-icon-list\" data-id=\"67604c05\" data-element_type=\"widget\" data-e-type=\"widget\" data-settings=\"{&quot;_animation&quot;:&quot;fadeInLeft&quot;,&quot;_animation_mobile&quot;:&quot;fadeInUp&quot;}\" data-widget_type=\"icon-list.default\">\n\t\t\t\t\t\t\t<ul class=\"elementor-icon-list-items elementor-inline-items\">\n\t\t\t\t\t\t\t<li class=\"elementor-icon-list-item elementor-inline-item\">\n\t\t\t\t\t\t\t\t\t\t\t<a href=\"https:\/\/pigeonfanciers.ca\/fr\/\">\n\n\t\t\t\t\t\t\t\t\t\t\t<span class=\"elementor-icon-list-text\">Accueil<\/span>\n\t\t\t\t\t\t\t\t\t\t\t<\/a>\n\t\t\t\t\t\t\t\t\t<\/li>\n\t\t\t\t\t\t\t\t<li class=\"elementor-icon-list-item elementor-inline-item\">\n\t\t\t\t\t\t\t\t\t\t\t<span class=\"elementor-icon-list-icon\">\n\t\t\t\t\t\t\t<i aria-hidden=\"true\" class=\"lnr lnr-chevron-right\"><\/i>\t\t\t\t\t\t<\/span>\n\t\t\t\t\t\t\t\t\t\t<span class=\"elementor-icon-list-text\">L\u2019organisation<\/span>\n\t\t\t\t\t\t\t\t\t<\/li>\n\t\t\t\t\t\t<\/ul>\n\t\t\t\t\t\t<\/div>\n\t\t\t\t<\/div>\n\t\t\t\t<div class=\"elementor-element elementor-element-5b16da40 elementor-widget__width-initial elementor-widget-tablet__width-initial elementor-widget-mobile__width-inherit elementor-widget-divider--view-line elementor-widget elementor-widget-divider\" data-id=\"5b16da40\" data-element_type=\"widget\" data-e-type=\"widget\" data-widget_type=\"divider.default\">\n\t\t\t\t\t\t\t<div class=\"elementor-divider\">\n\t\t\t<span class=\"elementor-divider-separator\">\n\t\t\t\t\t\t<\/span>\n\t\t<\/div>\n\t\t\t\t\t\t<\/div>\n\t\t\t\t<div class=\"elementor-element elementor-element-7ef0c12d elementor-widget__width-initial elementor-widget-mobile__width-initial elementor-invisible elementor-widget elementor-widget-text-editor\" data-id=\"7ef0c12d\" data-element_type=\"widget\" data-e-type=\"widget\" data-settings=\"{&quot;_animation&quot;:&quot;fadeInUp&quot;}\" data-widget_type=\"text-editor.default\">\n\t\t\t\t\t\t\t\t\tL\u2019Association Canadienne du Pigeon de Fantaisie, une corporation f\u00e9d\u00e9rale \u00e0 but non lucratif fond\u00e9e en 1902, dont la principale mission est de promouvoir le passe-temps de garder des pigeons partout au Canada.\t\t\t\t\t\t\t\t<\/div>\n\t\t\t\t\t<\/div>\n\t\t\t\t<\/div>\n\t\t\t\t\t<\/div>\n\t\t\t\t<\/div>\n\t\t<div class=\"elementor-element elementor-element-28b6da e-flex e-con-boxed e-con e-parent\" data-id=\"28b6da\" data-element_type=\"container\" data-e-type=\"container\">\n\t\t\t\t\t<div class=\"e-con-inner\">\n\t\t<div class=\"elementor-element elementor-element-73111ccf e-con-full e-flex e-con e-child\" data-id=\"73111ccf\" data-element_type=\"container\" data-e-type=\"container\">\n\t\t\t\t<div class=\"elementor-element elementor-element-ff425d8 elementor-widget elementor-widget-heading\" data-id=\"ff425d8\" data-element_type=\"widget\" data-e-type=\"widget\" data-widget_type=\"heading.default\">\n\t\t\t\t\t<h5 class=\"elementor-heading-title elementor-size-default\">L\u2019association Canadienne du Pigeon de Fantaisie<\/h5>\t\t\t\t<\/div>\n\t\t\t\t<div class=\"elementor-element elementor-element-351f9760 elementor-invisible elementor-widget elementor-widget-heading\" data-id=\"351f9760\" data-element_type=\"widget\" data-e-type=\"widget\" data-settings=\"{&quot;_animation&quot;:&quot;fadeInUp&quot;}\" data-widget_type=\"heading.default\">\n\t\t\t\t\t<h2 class=\"elementor-heading-title elementor-size-default\">Fond\u00e9e en 1902<\/h2>\t\t\t\t<\/div>\n\t\t\t\t<div class=\"elementor-element elementor-element-24a95f6 elementor-widget elementor-widget-text-editor\" data-id=\"24a95f6\" data-element_type=\"widget\" data-e-type=\"widget\" data-widget_type=\"text-editor.default\">\n\t\t\t\t\t\t\t\t\tL\u2019Association Canadienne du Pigeon de Fantaisie a \u00e9t\u00e9 fond\u00e9e en 1902, et est le club national canadien d\u00e9di\u00e9 \u00e0 garder des pigeons comme passe-temps. Cette pratique dure depuis des si\u00e8cles et a \u00e9t\u00e9 mise en \u00e9vidence par le fait que les arch\u00e9ologues ont d\u00e9couvert du mat\u00e9riel qui situe la domestication des pigeons en \u00c9gypte, \u00e0 environ 6000 ans avant J\u00e9sus-Christ. C\u2019est un passe-temps qui est et qui a \u00e9t\u00e9 appr\u00e9ci\u00e9 par des gens de tous les \u00e2ges et de toutes les classes, incluant les \u2018\u2019Familles Royales de plusieurs pays, dont l\u2019Angleterre et la Belgique\u2019\u2019 ainsi que de c\u00e9l\u00e8bres acteurs de cin\u00e9ma de toutes les r\u00e9gions du monde.\t\t\t\t\t\t\t\t<\/div>\n\t\t\t\t<div class=\"elementor-element elementor-element-68e5a2ae elementor-widget elementor-widget-text-editor\" data-id=\"68e5a2ae\" data-element_type=\"widget\" data-e-type=\"widget\" data-widget_type=\"text-editor.default\">\n\t\t\t\t\t\t\t\t\tNous \u00e9prouvons un grand sentiment de fiert\u00e9 et de r\u00e9alisation de voir notre association toujours en vie et active apr\u00e8s plus de 115 ans d\u2019existence. Nous vous invitons \u00e0 naviguer sur notre site et, tout en apprenant davantage sur notre passe-temps favori, peut-\u00eatre serez vous int\u00e9ress\u00e9 par ce que nous avons \u00e0 offrir, car il existe plus de 768 vari\u00e9t\u00e9s de pigeons domestiqu\u00e9s pouvant susciter votre int\u00e9r\u00eat.\t\t\t\t\t\t\t\t<\/div>\n\t\t\t\t<div class=\"elementor-element elementor-element-19e2a20 elementor-widget elementor-widget-text-editor\" data-id=\"19e2a20\" data-element_type=\"widget\" data-e-type=\"widget\" data-widget_type=\"text-editor.default\">\n\t\t\t\t\t\t\t\t\t(source \u2013 Encyclopedia of Pigeon Breeds par Wendell M. Levi).\t\t\t\t\t\t\t\t<\/div>\n\t\t\t\t<\/div>\n\t\t<div class=\"elementor-element elementor-element-1b92e0b6 e-con-full e-flex e-con e-child\" data-id=\"1b92e0b6\" data-element_type=\"container\" data-e-type=\"container\">\n\t\t\t\t<div class=\"elementor-element elementor-element-50e2fc71 elementor-widget__width-initial elementor-invisible elementor-widget elementor-widget-image\" data-id=\"50e2fc71\" data-element_type=\"widget\" data-e-type=\"widget\" data-settings=\"{&quot;_animation&quot;:&quot;fadeInUp&quot;}\" data-widget_type=\"image.default\">\n\t\t\t\t\t\t\t\t\t\t\t\t\t\t\t<img fetchpriority=\"high\" decoding=\"async\" width=\"552\" height=\"800\" src=\"https:\/\/pigeonfanciers.ca\/wp-content\/uploads\/2026\/03\/organization-2.jpg\" class=\"attachment-full size-full wp-image-2063\" alt=\"\" srcset=\"https:\/\/pigeonfanciers.ca\/wp-content\/uploads\/2026\/03\/organization-2.jpg 552w, https:\/\/pigeonfanciers.ca\/wp-content\/uploads\/2026\/03\/organization-2-207x300.jpg 207w\" sizes=\"(max-width: 552px) 100vw, 552px\" \/>\t\t\t\t\t\t\t\t\t\t\t\t\t\t\t<\/div>\n\t\t<div class=\"elementor-element elementor-element-1a18951e e-con-full e-flex e-con e-child\" data-id=\"1a18951e\" data-element_type=\"container\" data-e-type=\"container\">\n\t\t\t\t<div class=\"elementor-element elementor-element-3eedc00e elementor-invisible elementor-widget elementor-widget-image\" data-id=\"3eedc00e\" data-element_type=\"widget\" data-e-type=\"widget\" data-settings=\"{&quot;_animation&quot;:&quot;fadeInDown&quot;}\" data-widget_type=\"image.default\">\n\t\t\t\t\t\t\t\t\t\t\t\t\t\t\t\t<a href=\"https:\/\/pigeonfanciers.ca\/wp-content\/uploads\/2026\/03\/organization-1-2.jpg\" data-elementor-open-lightbox=\"yes\" data-elementor-lightbox-title=\"organisation-1-2\" data-e-action-hash=\"#elementor-action%3Aaction%3Dlightbox%26settings%3DeyJpZCI6MjA2NCwidXJsIjoiaHR0cHM6XC9cL3BpZ2VvbmZhbmNpZXJzLmNhXC93cC1jb250ZW50XC91cGxvYWRzXC8yMDI2XC8wM1wvb3JnYW5pemF0aW9uLTEtMi5qcGcifQ%3D%3D\">\n\t\t\t\t\t\t\t<img decoding=\"async\" width=\"800\" height=\"533\" src=\"https:\/\/pigeonfanciers.ca\/wp-content\/uploads\/2026\/03\/organization-1-2.jpg\" class=\"attachment-full size-full wp-image-2064\" alt=\"\" srcset=\"https:\/\/pigeonfanciers.ca\/wp-content\/uploads\/2026\/03\/organization-1-2.jpg 800w, https:\/\/pigeonfanciers.ca\/wp-content\/uploads\/2026\/03\/organization-1-2-300x200.jpg 300w, https:\/\/pigeonfanciers.ca\/wp-content\/uploads\/2026\/03\/organization-1-2-768x512.jpg 768w, https:\/\/pigeonfanciers.ca\/wp-content\/uploads\/2026\/03\/organization-1-2-600x400.jpg 600w\" sizes=\"(max-width: 800px) 100vw, 800px\" \/>\t\t\t\t\t\t\t\t<\/a>\n\t\t\t\t\t\t\t\t\t\t\t\t\t\t\t<\/div>\n\t\t\t\t<div class=\"elementor-element elementor-element-529a5329 elementor-invisible elementor-widget elementor-widget-image\" data-id=\"529a5329\" data-element_type=\"widget\" data-e-type=\"widget\" data-settings=\"{&quot;_animation&quot;:&quot;fadeInRight&quot;}\" data-widget_type=\"image.default\">\n\t\t\t\t\t\t\t\t\t\t\t\t\t\t\t\t<a href=\"https:\/\/pigeonfanciers.ca\/wp-content\/uploads\/2026\/03\/pigeon48-1.jpg\" data-elementor-open-lightbox=\"yes\" data-elementor-lightbox-title=\"pigeon48\" data-e-action-hash=\"#elementor-action%3Aaction%3Dlightbox%26settings%3DeyJpZCI6MjA2NSwidXJsIjoiaHR0cHM6XC9cL3BpZ2VvbmZhbmNpZXJzLmNhXC93cC1jb250ZW50XC91cGxvYWRzXC8yMDI2XC8wM1wvcGlnZW9uNDgtMS5qcGcifQ%3D%3D\">\n\t\t\t\t\t\t\t<img decoding=\"async\" width=\"404\" height=\"300\" src=\"https:\/\/pigeonfanciers.ca\/wp-content\/uploads\/2026\/03\/pigeon48-1.jpg\" class=\"attachment-full size-full wp-image-2065\" alt=\"\" srcset=\"https:\/\/pigeonfanciers.ca\/wp-content\/uploads\/2026\/03\/pigeon48-1.jpg 404w, https:\/\/pigeonfanciers.ca\/wp-content\/uploads\/2026\/03\/pigeon48-1-300x223.jpg 300w\" sizes=\"(max-width: 404px) 100vw, 404px\" \/>\t\t\t\t\t\t\t\t<\/a>\n\t\t\t\t\t\t\t\t\t\t\t\t\t\t\t<\/div>\n\t\t\t\t<\/div>\n\t\t\t\t<\/div>\n\t\t\t\t\t<\/div>\n\t\t\t\t<\/div>\n\t\t\t\t<\/div>\n\t\t","protected":false},"excerpt":{"rendered":"<p>Accueil L\u2019Association Canadienne du Pigeon de Fantaisie, une corporation f\u00e9d\u00e9rale \u00e0 but non lucratif fond\u00e9e en 1902, dont la principale mission est de promouvoir le passe-temps de garder des pigeons partout au Canada. L\u2019association Canadienne du Pigeon de Fantaisie Fond\u00e9e en 1902 L\u2019Association Canadienne du Pigeon de Fantaisie a \u00e9t\u00e9 fond\u00e9e en 1902, et est [&hellip;]<\/p>\n","protected":false},"author":1,"featured_media":0,"parent":0,"menu_order":0,"comment_status":"closed","ping_status":"closed","template":"","meta":{"footnotes":""},"class_list":["post-2066","page","type-page","status-publish","hentry"],"_links":{"self":[{"href":"https:\/\/pigeonfanciers.ca\/fr\/wp-json\/wp\/v2\/pages\/2066","targetHints":{"allow":["GET"]}}],"collection":[{"href":"https:\/\/pigeonfanciers.ca\/fr\/wp-json\/wp\/v2\/pages"}],"about":[{"href":"https:\/\/pigeonfanciers.ca\/fr\/wp-json\/wp\/v2\/types\/page"}],"author":[{"embeddable":true,"href":"https:\/\/pigeonfanciers.ca\/fr\/wp-json\/wp\/v2\/users\/1"}],"replies":[{"embeddable":true,"href":"https:\/\/pigeonfanciers.ca\/fr\/wp-json\/wp\/v2\/comments?post=2066"}],"version-history":[{"count":16,"href":"https:\/\/pigeonfanciers.ca\/fr\/wp-json\/wp\/v2\/pages\/2066\/revisions"}],"predecessor-version":[{"id":2133,"href":"https:\/\/pigeonfanciers.ca\/fr\/wp-json\/wp\/v2\/pages\/2066\/revisions\/2133"}],"wp:attachment":[{"href":"https:\/\/pigeonfanciers.ca\/fr\/wp-json\/wp\/v2\/media?parent=2066"}],"curies":[{"name":"wp","href":"https:\/\/api.w.org\/{rel}","templated":true}]}}