{"id":1826,"date":"2026-03-15T20:47:14","date_gmt":"2026-03-16T00:47:14","guid":{"rendered":"https:\/\/pigeonfanciers.ca\/privacy-policy\/"},"modified":"2026-04-04T07:23:43","modified_gmt":"2026-04-04T11:23:43","slug":"politique-de-confidentialite","status":"publish","type":"page","link":"https:\/\/pigeonfanciers.ca\/fr\/politique-de-confidentialite\/","title":{"rendered":"Politique de confidentialit\u00e9"},"content":{"rendered":"\t\t<div data-elementor-type=\"wp-page\" data-elementor-id=\"1826\" class=\"elementor elementor-1826 elementor-3\" data-elementor-post-type=\"page\">\n\t\t\t\t<div class=\"elementor-element elementor-element-f93496c e-flex e-con-boxed e-con e-parent\" data-id=\"f93496c\" data-element_type=\"container\" data-e-type=\"container\" data-settings=\"{&quot;background_background&quot;:&quot;video&quot;,&quot;background_video_link&quot;:&quot;\\\/wp-content\\\/uploads\\\/2026\\\/03\\\/privacy-Policy.mp4&quot;,&quot;background_play_on_mobile&quot;:&quot;yes&quot;}\">\n\t\t\t\t\t<div class=\"e-con-inner\">\n\t\t<div class=\"elementor-background-video-container\">\n\t\t\t\t\t\t\t<video class=\"elementor-background-video-hosted\" role=\"presentation\" autoplay muted playsinline loop><\/video>\n\t\t\t\t\t<\/div>\t\t<div class=\"elementor-element elementor-element-6b880fb elementor-widget__width-initial elementor-absolute elementor-widget elementor-widget-spacer\" data-id=\"6b880fb\" data-element_type=\"widget\" data-e-type=\"widget\" data-settings=\"{&quot;_position&quot;:&quot;absolute&quot;}\" data-widget_type=\"spacer.default\">\n\t\t\t\t\t\t\t<div class=\"elementor-spacer\">\n\t\t\t<div class=\"elementor-spacer-inner\"><\/div>\n\t\t<\/div>\n\t\t\t\t\t\t<\/div>\n\t\t\t\t<div class=\"elementor-element elementor-element-fcc61ba elementor-widget__width-initial elementor-absolute elementor-widget elementor-widget-spacer\" data-id=\"fcc61ba\" data-element_type=\"widget\" data-e-type=\"widget\" data-settings=\"{&quot;_position&quot;:&quot;absolute&quot;}\" data-widget_type=\"spacer.default\">\n\t\t\t\t\t\t\t<div class=\"elementor-spacer\">\n\t\t\t<div class=\"elementor-spacer-inner\"><\/div>\n\t\t<\/div>\n\t\t\t\t\t\t<\/div>\n\t\t\t\t<div class=\"elementor-element elementor-element-da76d95 elementor-widget__width-initial elementor-absolute elementor-widget elementor-widget-spacer\" data-id=\"da76d95\" data-element_type=\"widget\" data-e-type=\"widget\" data-settings=\"{&quot;_position&quot;:&quot;absolute&quot;}\" data-widget_type=\"spacer.default\">\n\t\t\t\t\t\t\t<div class=\"elementor-spacer\">\n\t\t\t<div class=\"elementor-spacer-inner\"><\/div>\n\t\t<\/div>\n\t\t\t\t\t\t<\/div>\n\t\t<div class=\"elementor-element elementor-element-7d924b4 e-flex e-con-boxed e-con e-child\" data-id=\"7d924b4\" data-element_type=\"container\" data-e-type=\"container\">\n\t\t\t\t\t<div class=\"e-con-inner\">\n\t\t<div class=\"elementor-element elementor-element-42341eb e-con-full e-flex e-con e-child\" data-id=\"42341eb\" data-element_type=\"container\" data-e-type=\"container\">\n\t\t\t\t<div class=\"elementor-element elementor-element-8790258 elementor-widget__width-inherit elementor-invisible elementor-widget elementor-widget-heading\" data-id=\"8790258\" data-element_type=\"widget\" data-e-type=\"widget\" data-settings=\"{&quot;_animation&quot;:&quot;fadeInDown&quot;}\" data-widget_type=\"heading.default\">\n\t\t\t\t\t<h1 class=\"elementor-heading-title elementor-size-default\">Politique de confidentialit\u00e9<\/h1>\t\t\t\t<\/div>\n\t\t\t\t<div class=\"elementor-element elementor-element-c1c3eef elementor-icon-list--layout-inline elementor-widget__width-initial elementor-list-item-link-full_width elementor-invisible elementor-widget elementor-widget-icon-list\" data-id=\"c1c3eef\" data-element_type=\"widget\" data-e-type=\"widget\" data-settings=\"{&quot;_animation&quot;:&quot;fadeInLeft&quot;,&quot;_animation_mobile&quot;:&quot;fadeInUp&quot;}\" data-widget_type=\"icon-list.default\">\n\t\t\t\t\t\t\t<ul class=\"elementor-icon-list-items elementor-inline-items\">\n\t\t\t\t\t\t\t<li class=\"elementor-icon-list-item elementor-inline-item\">\n\t\t\t\t\t\t\t\t\t\t\t<a href=\"https:\/\/pigeonfanciers.ca\/fr\/\">\n\n\t\t\t\t\t\t\t\t\t\t\t<span class=\"elementor-icon-list-text\">Accueil<\/span>\n\t\t\t\t\t\t\t\t\t\t\t<\/a>\n\t\t\t\t\t\t\t\t\t<\/li>\n\t\t\t\t\t\t\t\t<li class=\"elementor-icon-list-item elementor-inline-item\">\n\t\t\t\t\t\t\t\t\t\t\t<span class=\"elementor-icon-list-icon\">\n\t\t\t\t\t\t\t<i aria-hidden=\"true\" class=\"lnr lnr-chevron-right\"><\/i>\t\t\t\t\t\t<\/span>\n\t\t\t\t\t\t\t\t\t\t<span class=\"elementor-icon-list-text\">Politique de confidentialit\u00e9<\/span>\n\t\t\t\t\t\t\t\t\t<\/li>\n\t\t\t\t\t\t<\/ul>\n\t\t\t\t\t\t<\/div>\n\t\t\t\t<\/div>\n\t\t\t\t<div class=\"elementor-element elementor-element-c8df3ed elementor-widget__width-initial elementor-widget-tablet__width-initial elementor-widget-mobile__width-inherit elementor-widget-divider--view-line elementor-widget elementor-widget-divider\" data-id=\"c8df3ed\" data-element_type=\"widget\" data-e-type=\"widget\" data-widget_type=\"divider.default\">\n\t\t\t\t\t\t\t<div class=\"elementor-divider\">\n\t\t\t<span class=\"elementor-divider-separator\">\n\t\t\t\t\t\t<\/span>\n\t\t<\/div>\n\t\t\t\t\t\t<\/div>\n\t\t\t\t<div class=\"elementor-element elementor-element-8646c2f elementor-widget__width-initial elementor-widget-mobile__width-initial elementor-invisible elementor-widget elementor-widget-text-editor\" data-id=\"8646c2f\" data-element_type=\"widget\" data-e-type=\"widget\" data-settings=\"{&quot;_animation&quot;:&quot;fadeInUp&quot;}\" data-widget_type=\"text-editor.default\">\n\t\t\t\t\t\t\t\t\tLa confidentialit\u00e9 de vos informations personnelles est importante pour nous. Cette Politique de Confidentialit\u00e9 explique comment nous collectons, utilisons, divulguons et prot\u00e9geons vos informations personnelles lorsque vous utilisez notre boutique en ligne, y compris notre site web collectivement nomm\u00e9s, les \u00ab Services \u00bb. En utilisant nos Services, vous acceptez les conditions de cette Politique de Confidentialit\u00e9.\t\t\t\t\t\t\t\t<\/div>\n\t\t\t\t\t<\/div>\n\t\t\t\t<\/div>\n\t\t\t\t\t<\/div>\n\t\t\t\t<\/div>\n\t\t<div class=\"elementor-element elementor-element-298df63b e-flex e-con-boxed e-con e-parent\" data-id=\"298df63b\" data-element_type=\"container\" data-e-type=\"container\">\n\t\t\t\t\t<div class=\"e-con-inner\">\n\t\t\t\t<div class=\"elementor-element elementor-element-2e9dbcce elementor-widget elementor-widget-text-editor\" data-id=\"2e9dbcce\" data-element_type=\"widget\" data-e-type=\"widget\" data-widget_type=\"text-editor.default\">\n\t\t\t\t\t\t\t\t\t<h2>1. Informations que nous collectons<\/h2><p>Nous pouvons collecter divers types d\u2019informations personnelles aupr\u00e8s de vous, notamment :<\/p><ul><li>Informations d\u2019identification (par exemple, nom, pr\u00e9nom, adresse, num\u00e9ro de t\u00e9l\u00e9phone, adresse e-mail).<\/li><li>Informations financi\u00e8res (par exemple, num\u00e9ro de carte de cr\u00e9dit).<\/li><li>Informations de connexion (par exemple, adresse IP, navigateur utilis\u00e9, donn\u00e9es d\u2019acc\u00e8s).<\/li><li>Informations sur l\u2019utilisation des Services.<\/li><\/ul><h2>2. Comment nous utilisons vos informations<\/h2><p>Nous utilisons vos informations personnelles aux fins suivantes :<\/p><ul><li>Pour traiter votre commande.<\/li><li>Pour personnaliser votre exp\u00e9rience et am\u00e9liorer nos services.<\/li><li>Pour communiquer avec vous concernant votre commande.<\/li><li>Pour se conformer aux exigences l\u00e9gales et r\u00e9glementaires.<\/li><\/ul><h2>3. Partage d\u2019informations<\/h2><p>Nous pouvons partager vos informations personnelles avec des tiers strictement dans les situations suivantes :<\/p><ul><li>Avec nos partenaires de traitement des paiements pour faciliter et s\u00e9curiser le paiement des commandes.<\/li><\/ul><h2>4. S\u00e9curit\u00e9 des informations<\/h2><p>Nous mettons en place des mesures de s\u00e9curit\u00e9 appropri\u00e9es pour prot\u00e9ger vos informations personnelles contre la perte, le vol, l\u2019acc\u00e8s non autoris\u00e9 et la divulgation.<\/p><h2>5. Vos droits et choix<\/h2><p>Vous avez le droit d\u2019acc\u00e9der \u00e0 vos informations personnelles, de les corriger, de les mettre \u00e0 jour ou de les supprimer.<\/p><h2>6. Modifications de la politique de confidentialit\u00e9<\/h2><p>Nous pouvons mettre \u00e0 jour cette politique de confidentialit\u00e9 de temps \u00e0 autre. Nous vous informerons de toute modification importante.<\/p><h2>7. Nous contacter<\/h2><p>Si vous avez des questions ou des pr\u00e9occupations concernant cette Politique de Confidentialit\u00e9, veuillez nous contacter \u00e0\u00a0<a href=\"mailto:canadian.pigeon.fanciers@gmail.com\">canadian.pigeon.fanciers@gmail.com<\/a><\/p>\t\t\t\t\t\t\t\t<\/div>\n\t\t\t\t\t<\/div>\n\t\t\t\t<\/div>\n\t\t\t\t<\/div>\n\t\t","protected":false},"excerpt":{"rendered":"<p>Accueil La confidentialit\u00e9 de vos informations personnelles est importante pour nous. Cette Politique de Confidentialit\u00e9 explique comment nous collectons, utilisons, divulguons et prot\u00e9geons vos informations personnelles lorsque vous utilisez notre boutique en ligne, y compris notre site web collectivement nomm\u00e9s, les \u00ab Services \u00bb. En utilisant nos Services, vous acceptez les conditions de cette Politique [&hellip;]<\/p>\n","protected":false},"author":1,"featured_media":0,"parent":0,"menu_order":0,"comment_status":"closed","ping_status":"closed","template":"","meta":{"footnotes":""},"class_list":["post-1826","page","type-page","status-publish","hentry"],"_links":{"self":[{"href":"https:\/\/pigeonfanciers.ca\/fr\/wp-json\/wp\/v2\/pages\/1826","targetHints":{"allow":["GET"]}}],"collection":[{"href":"https:\/\/pigeonfanciers.ca\/fr\/wp-json\/wp\/v2\/pages"}],"about":[{"href":"https:\/\/pigeonfanciers.ca\/fr\/wp-json\/wp\/v2\/types\/page"}],"author":[{"embeddable":true,"href":"https:\/\/pigeonfanciers.ca\/fr\/wp-json\/wp\/v2\/users\/1"}],"replies":[{"embeddable":true,"href":"https:\/\/pigeonfanciers.ca\/fr\/wp-json\/wp\/v2\/comments?post=1826"}],"version-history":[{"count":7,"href":"https:\/\/pigeonfanciers.ca\/fr\/wp-json\/wp\/v2\/pages\/1826\/revisions"}],"predecessor-version":[{"id":1833,"href":"https:\/\/pigeonfanciers.ca\/fr\/wp-json\/wp\/v2\/pages\/1826\/revisions\/1833"}],"wp:attachment":[{"href":"https:\/\/pigeonfanciers.ca\/fr\/wp-json\/wp\/v2\/media?parent=1826"}],"curies":[{"name":"wp","href":"https:\/\/api.w.org\/{rel}","templated":true}]}}